{"id":55755,"date":"2024-06-11T01:07:50","date_gmt":"2024-06-11T01:07:50","guid":{"rendered":"https:\/\/creadivo.md\/?post_type=product&#038;p=55755"},"modified":"2026-03-27T00:50:30","modified_gmt":"2026-03-27T00:50:30","slug":"baterie-pentru-bideu-argus-gold","status":"publish","type":"product","link":"https:\/\/creadivo.md\/ru\/product\/baterie-pentru-bideu-argus-gold\/","title":{"rendered":"\u0421\u041c\u0415\u0421\u0418\u0422\u0415\u041b\u042c \u0414\u041b\u042f \u0411\u0418\u0414\u0415 ARGUS GOLD"},"content":{"rendered":"<p>Forme neobi\u0219nuite, de designer, durabilitate \u0219i func\u021bionalitate &#8211; acestea sunt cele mai mari avantaje ale bateriei pentru bideu din seria Argus. Forma inovatoare se potrive\u0219te perfect \u00een orice baie modern\u0103, oferindu-i un aspect minunat \u0219i o elegan\u021b\u0103. Robinetul este realizat din alam\u0103 de \u00eenalt\u0103 calitate acoperit\u0103 cu un strat de aur, care asigur\u0103 durabilitate \u0219i rezisten\u021b\u0103 ani de zile.<\/p>\n<p>Tehnologia Pvd &#8211; Pvd (Physical Vapor Deposition) este o tehnologie folosit\u0103 pentru a colora suprafe\u021bele metalice. Datorit\u0103 metodei avansate tehnologic de aplicare a stratului, ob\u021binem o suprafa\u021b\u0103 de 15 ori mai rezistent\u0103 dec\u00e2t galvanizarea clasic\u0103. Acest lucru garanteaz\u0103 o rezisten\u021b\u0103 ridicat\u0103 la deteriorarea mecanic\u0103, coroziune \u0219i la tot felul de factori care afecteaz\u0103 erodarea lent\u0103 a suprafe\u021bei produsului.<\/p>\n<div style=\"margin: 20px 0;\"><div class=\"qrcswholewtapper\" style=\"text-align:left;\"><div class=\"qrcprowrapper\"  id=\"qrcwraa2leds\"><div class=\"qrc_canvass\" id=\"qrc_cuttenpages_2\" style=\"display:inline-block\" data-text=\"https:\/\/creadivo.md\/ru\/product\/baterie-pentru-bideu-argus-gold\/\"><\/div><\/div><\/div><\/div>","protected":false},"excerpt":{"rendered":"<p>Forme neobi\u0219nuite, de designer, durabilitate \u0219i func\u021bionalitate &#8211; acestea sunt cele mai mari avantaje ale bateriei pentru bideu din seria<\/p>","protected":false},"featured_media":55756,"template":"","meta":[],"product_brand":[],"product_cat":[29,292],"product_tag":[],"class_list":{"0":"post-55755","1":"product","2":"type-product","3":"status-publish","4":"has-post-thumbnail","6":"product_cat-baterii-sanitare","7":"product_cat-pentru-bideu","8":"pa_cap-ceramica-cu-mixer","9":"pa_conexiune-3-8-inch","10":"pa_inaltime-145-mm","11":"pa_informatii-suplimentare-duza-mobila-si-aerator-de-aerare","12":"pa_instalare-pentru-un-bideu","14":"first","15":"instock","16":"purchasable","17":"product-type-simple"},"_links":{"self":[{"href":"https:\/\/creadivo.md\/ru\/wp-json\/wp\/v2\/product\/55755","targetHints":{"allow":["GET"]}}],"collection":[{"href":"https:\/\/creadivo.md\/ru\/wp-json\/wp\/v2\/product"}],"about":[{"href":"https:\/\/creadivo.md\/ru\/wp-json\/wp\/v2\/types\/product"}],"version-history":[{"count":0,"href":"https:\/\/creadivo.md\/ru\/wp-json\/wp\/v2\/product\/55755\/revisions"}],"wp:featuredmedia":[{"embeddable":true,"href":"https:\/\/creadivo.md\/ru\/wp-json\/wp\/v2\/media\/55756"}],"wp:attachment":[{"href":"https:\/\/creadivo.md\/ru\/wp-json\/wp\/v2\/media?parent=55755"}],"wp:term":[{"taxonomy":"product_brand","embeddable":true,"href":"https:\/\/creadivo.md\/ru\/wp-json\/wp\/v2\/product_brand?post=55755"},{"taxonomy":"product_cat","embeddable":true,"href":"https:\/\/creadivo.md\/ru\/wp-json\/wp\/v2\/product_cat?post=55755"},{"taxonomy":"product_tag","embeddable":true,"href":"https:\/\/creadivo.md\/ru\/wp-json\/wp\/v2\/product_tag?post=55755"}],"curies":[{"name":"wp","href":"https:\/\/api.w.org\/{rel}","templated":true}]}}