{"id":55771,"date":"2024-06-11T01:07:59","date_gmt":"2024-06-11T01:07:59","guid":{"rendered":"https:\/\/creadivo.md\/?post_type=product&#038;p=55771"},"modified":"2026-04-11T00:22:02","modified_gmt":"2026-04-11T00:22:02","slug":"baterie-de-bucatarie-conor-nikiel-brush","status":"publish","type":"product","link":"https:\/\/creadivo.md\/ru\/product\/baterie-de-bucatarie-conor-nikiel-brush\/","title":{"rendered":"\u0421\u041c\u0415\u0421\u0418\u0422\u0415\u041b\u042c \u0414\u041b\u042f \u041a\u0423\u0425\u041d\u0418 CONOR NIKIEL BRUSH"},"content":{"rendered":"<p>Baza fiec\u0103rei buc\u0103t\u0103rii func\u021bionale este robinetul de buc\u0103t\u0103rie potrivit. Corpul metalic din care este realizat acest produs garanteaza durabilitatea si stabilitatea bateriei. Acoperirea cu un strat durabil face ca bateria s\u0103 fie rezistent\u0103 la contaminare.<\/p>\n<p>Fiabilitatea pe termen lung este garantat\u0103 prin utilizarea unui cap ceramic. Duza flexibil\u0103 \u0219i flexibil\u0103 v\u0103 permite s\u0103 direc\u021biona\u021bi fluxul oriunde. V\u00e2rful gurii are un comutator care v\u0103 permite s\u0103 alege\u021bi \u00eentre un flux dispersat \u0219i concentrat.<\/p>\n<p>\u00cen plus, robinetul are un flux de cascad\u0103 \u00eencorporat, care cre\u0219te func\u021bionalitatea robinetului \u0219i permite sp\u0103larea comod\u0103 a legumelor \u0219i fructelor \u0219i cl\u0103tirea vaselor.<\/p>\n<div style=\"margin: 20px 0;\"><div class=\"qrcswholewtapper\" style=\"text-align:left;\"><div class=\"qrcprowrapper\"  id=\"qrcwraa2leds\"><div class=\"qrc_canvass\" id=\"qrc_cuttenpages_2\" style=\"display:inline-block\" data-text=\"https:\/\/creadivo.md\/ru\/product\/baterie-de-bucatarie-conor-nikiel-brush\/\"><\/div><\/div><\/div><\/div>","protected":false},"excerpt":{"rendered":"<p>Baza fiec\u0103rei buc\u0103t\u0103rii func\u021bionale este robinetul de buc\u0103t\u0103rie potrivit. Corpul metalic din care este realizat acest produs garanteaza durabilitatea si<\/p>","protected":false},"featured_media":55772,"template":"","meta":[],"product_brand":[],"product_cat":[29,101],"product_tag":[],"class_list":{"0":"post-55771","1":"product","2":"type-product","3":"status-publish","4":"has-post-thumbnail","6":"product_cat-baterii-sanitare","7":"product_cat-robinete-de-bucatarie","8":"pa_cap-ceramica-cu-mixer","9":"pa_conexiune-3-8-inch","10":"pa_inaltime-400-mm","11":"pa_informatii-suplimentare-duza-mobila-aerator-de-aerare-de-190-mm","12":"pa_instalare-pentru-chiuveta","14":"first","15":"instock","16":"purchasable","17":"product-type-simple"},"_links":{"self":[{"href":"https:\/\/creadivo.md\/ru\/wp-json\/wp\/v2\/product\/55771","targetHints":{"allow":["GET"]}}],"collection":[{"href":"https:\/\/creadivo.md\/ru\/wp-json\/wp\/v2\/product"}],"about":[{"href":"https:\/\/creadivo.md\/ru\/wp-json\/wp\/v2\/types\/product"}],"version-history":[{"count":0,"href":"https:\/\/creadivo.md\/ru\/wp-json\/wp\/v2\/product\/55771\/revisions"}],"wp:featuredmedia":[{"embeddable":true,"href":"https:\/\/creadivo.md\/ru\/wp-json\/wp\/v2\/media\/55772"}],"wp:attachment":[{"href":"https:\/\/creadivo.md\/ru\/wp-json\/wp\/v2\/media?parent=55771"}],"wp:term":[{"taxonomy":"product_brand","embeddable":true,"href":"https:\/\/creadivo.md\/ru\/wp-json\/wp\/v2\/product_brand?post=55771"},{"taxonomy":"product_cat","embeddable":true,"href":"https:\/\/creadivo.md\/ru\/wp-json\/wp\/v2\/product_cat?post=55771"},{"taxonomy":"product_tag","embeddable":true,"href":"https:\/\/creadivo.md\/ru\/wp-json\/wp\/v2\/product_tag?post=55771"}],"curies":[{"name":"wp","href":"https:\/\/api.w.org\/{rel}","templated":true}]}}