{"id":56266,"date":"2024-06-11T01:19:57","date_gmt":"2024-06-11T01:19:57","guid":{"rendered":"https:\/\/creadivo.md\/?post_type=product&#038;p=56266"},"modified":"2026-04-10T00:30:18","modified_gmt":"2026-04-10T00:30:18","slug":"profil-de-panta-cadita-dus-140-gold-left","status":"publish","type":"product","link":"https:\/\/creadivo.md\/ru\/product\/profil-de-panta-cadita-dus-140-gold-left\/","title":{"rendered":"\u0414\u0415\u041a\u041e\u0420\u0410\u0422\u0418\u0412\u041d\u0410\u042f \u041f\u041b\u0410\u041d\u041a\u0410 \u0414\u041b\u042f \u0414\u0423\u0428\u0410 140 GOLD LEFT"},"content":{"rendered":"<p>Banda noastr\u0103 de pant\u0103 este o solu\u021bie inovatoare care asigur\u0103 nu numai func\u021bionalitatea, ci \u0219i estetica \u00een baie. Sarcina sa principal\u0103 este de a masca marginile inestetice atunci c\u00e2nd face\u021bi o pant\u0103 spre scurgere. Designul minimalist, modern se potrive\u0219te perfect cu diverse stiluri de design de baie.<\/p>\n<p>Banda este realizata din otel inoxidabil Aisi 304 rezistent la acid. Otelul cu grosimea de 1 mm garanteaza ca este cea mai solida si durabila solutie disponibila pe piata.<\/p>\n<p>Pute\u021bi t\u0103ia singur banda de margine la fiecare 5 cm la lungimea necesar\u0103. Banda este rezistent\u0103 la umiditate \u0219i coroziune, ceea ce garanteaz\u0103 durabilitatea produsului chiar \u0219i dup\u0103 utilizare intensiv\u0103.<\/p>\n<p>Benzile sunt disponibile in diverse marimi si culori, ceea ce va permite sa le reglati in functie de nevoile dumneavoastra.<\/p>\n<div style=\"margin: 20px 0;\"><div class=\"qrcswholewtapper\" style=\"text-align:left;\"><div class=\"qrcprowrapper\"  id=\"qrcwraa2leds\"><div class=\"qrc_canvass\" id=\"qrc_cuttenpages_2\" style=\"display:inline-block\" data-text=\"https:\/\/creadivo.md\/ru\/product\/profil-de-panta-cadita-dus-140-gold-left\/\"><\/div><\/div><\/div><\/div>","protected":false},"excerpt":{"rendered":"<p>Banda noastr\u0103 de pant\u0103 este o solu\u021bie inovatoare care asigur\u0103 nu numai func\u021bionalitatea, ci \u0219i estetica \u00een baie. Sarcina sa<\/p>","protected":false},"featured_media":56267,"template":"","meta":[],"product_brand":[],"product_cat":[28],"product_tag":[],"class_list":{"0":"post-56266","1":"product","2":"type-product","3":"status-publish","4":"has-post-thumbnail","6":"product_cat-cadita-de-dus","7":"pa_marimea-140-cm-stanga","9":"first","10":"instock","11":"purchasable","12":"product-type-simple"},"_links":{"self":[{"href":"https:\/\/creadivo.md\/ru\/wp-json\/wp\/v2\/product\/56266","targetHints":{"allow":["GET"]}}],"collection":[{"href":"https:\/\/creadivo.md\/ru\/wp-json\/wp\/v2\/product"}],"about":[{"href":"https:\/\/creadivo.md\/ru\/wp-json\/wp\/v2\/types\/product"}],"version-history":[{"count":0,"href":"https:\/\/creadivo.md\/ru\/wp-json\/wp\/v2\/product\/56266\/revisions"}],"wp:featuredmedia":[{"embeddable":true,"href":"https:\/\/creadivo.md\/ru\/wp-json\/wp\/v2\/media\/56267"}],"wp:attachment":[{"href":"https:\/\/creadivo.md\/ru\/wp-json\/wp\/v2\/media?parent=56266"}],"wp:term":[{"taxonomy":"product_brand","embeddable":true,"href":"https:\/\/creadivo.md\/ru\/wp-json\/wp\/v2\/product_brand?post=56266"},{"taxonomy":"product_cat","embeddable":true,"href":"https:\/\/creadivo.md\/ru\/wp-json\/wp\/v2\/product_cat?post=56266"},{"taxonomy":"product_tag","embeddable":true,"href":"https:\/\/creadivo.md\/ru\/wp-json\/wp\/v2\/product_tag?post=56266"}],"curies":[{"name":"wp","href":"https:\/\/api.w.org\/{rel}","templated":true}]}}