{"id":56417,"date":"2024-06-11T01:24:18","date_gmt":"2024-06-11T01:24:18","guid":{"rendered":"https:\/\/creadivo.md\/?post_type=product&#038;p=56417"},"modified":"2026-04-10T00:30:24","modified_gmt":"2026-04-10T00:30:24","slug":"cada-bellanto-150cm-right","status":"publish","type":"product","link":"https:\/\/creadivo.md\/ru\/product\/cada-bellanto-150cm-right\/","title":{"rendered":"\u0412\u0410\u041d\u041d\u0410 BELLANTO 150 \u0441\u043c \u041f\u0420\u0410\u0412\u0410\u042f"},"content":{"rendered":"<p>V\u0103 prezent\u0103m o cad\u0103 frumoas\u0103, extrem de func\u021bional\u0103 \u0219i modern\u0103. Acesta este un produs care \u00ee\u021bi va umple perfect spa\u021biul de baie, p\u0103str\u00e2nd \u00een acela\u0219i timp aspectul \u0219i estetica impecabile a interiorului. Cada este conceput\u0103 pentru a fi instalat\u0103 ca o cad\u0103 de col\u021b. Caracteristica sa cheie este forma sa perfect conturat\u0103, asigur\u00e2nd o pozi\u021bie confortabil\u0103 \u00een timp ce faci baie. Este realizat\u0103 din acril durabil \u0219i rezistent\u0102 la deteriorare \u0219i zg\u00e2rieturi. Datorit\u0103 unei faze speciale de produc\u021bie, este durabil\u0103 \u0219i u\u0219or de p\u0103strat curat\u0103.<\/p>\n<div style=\"margin: 20px 0;\"><div class=\"qrcswholewtapper\" style=\"text-align:left;\"><div class=\"qrcprowrapper\"  id=\"qrcwraa2leds\"><div class=\"qrc_canvass\" id=\"qrc_cuttenpages_2\" style=\"display:inline-block\" data-text=\"https:\/\/creadivo.md\/ru\/product\/cada-bellanto-150cm-right\/\"><\/div><\/div><\/div><\/div>","protected":false},"excerpt":{"rendered":"<p>V\u0103 prezent\u0103m o cad\u0103 frumoas\u0103, extrem de func\u021bional\u0103 \u0219i modern\u0103. Acesta este un produs care \u00ee\u021bi va umple perfect spa\u021biul<\/p>","protected":false},"featured_media":56418,"template":"","meta":[],"product_brand":[],"product_cat":[23,105],"product_tag":[],"class_list":{"0":"post-56417","1":"product","2":"type-product","3":"status-publish","4":"has-post-thumbnail","6":"product_cat-cazi-de-baie","7":"product_cat-cada-de-colt","8":"pa_acoperire-anti-stergere","9":"pa_capacitate-150-194-litri-160-224-litri-170-276-litri","10":"pa_informatii-suplimentare-strat-mirror-coat-sifon-si-mufa-click-clack-incluse","12":"first","13":"instock","14":"purchasable","15":"product-type-simple"},"_links":{"self":[{"href":"https:\/\/creadivo.md\/ru\/wp-json\/wp\/v2\/product\/56417","targetHints":{"allow":["GET"]}}],"collection":[{"href":"https:\/\/creadivo.md\/ru\/wp-json\/wp\/v2\/product"}],"about":[{"href":"https:\/\/creadivo.md\/ru\/wp-json\/wp\/v2\/types\/product"}],"version-history":[{"count":0,"href":"https:\/\/creadivo.md\/ru\/wp-json\/wp\/v2\/product\/56417\/revisions"}],"wp:featuredmedia":[{"embeddable":true,"href":"https:\/\/creadivo.md\/ru\/wp-json\/wp\/v2\/media\/56418"}],"wp:attachment":[{"href":"https:\/\/creadivo.md\/ru\/wp-json\/wp\/v2\/media?parent=56417"}],"wp:term":[{"taxonomy":"product_brand","embeddable":true,"href":"https:\/\/creadivo.md\/ru\/wp-json\/wp\/v2\/product_brand?post=56417"},{"taxonomy":"product_cat","embeddable":true,"href":"https:\/\/creadivo.md\/ru\/wp-json\/wp\/v2\/product_cat?post=56417"},{"taxonomy":"product_tag","embeddable":true,"href":"https:\/\/creadivo.md\/ru\/wp-json\/wp\/v2\/product_tag?post=56417"}],"curies":[{"name":"wp","href":"https:\/\/api.w.org\/{rel}","templated":true}]}}