{"id":56450,"date":"2024-06-11T01:25:27","date_gmt":"2024-06-11T01:25:27","guid":{"rendered":"https:\/\/creadivo.md\/?post_type=product&#038;p=56450"},"modified":"2026-04-11T00:30:38","modified_gmt":"2026-04-11T00:30:38","slug":"cada-veneta-170cm","status":"publish","type":"product","link":"https:\/\/creadivo.md\/ru\/product\/cada-veneta-170cm\/","title":{"rendered":"\u0412\u0410\u041d\u041d\u0410 VENETA 170\u0441\u043c"},"content":{"rendered":"<p>O cad\u0103 frumoas\u0103 \u0219i extrem de func\u021bional\u0103 \u00ee\u021bi va umple perfect spa\u021biul de baie, p\u0103str\u00e2nd \u00een acela\u0219i timp aspectul \u0219i estetica impecabile a interiorului. Textura unic\u0103 canelat\u0103 confer\u0103 c\u0103zii un aspect original. Cada poate fi montat\u0103 ca o cad\u0103 de perete oriunde \u00een baie. Este realizat din acril durabil \u0219i rezistent la deteriorare \u0219i zg\u00e2rieturi. Datorit\u0103 unei faze speciale de produc\u021bie, este durabil \u0219i u\u0219or de p\u0103strat curat.<\/p>\n<div style=\"margin: 20px 0;\"><div class=\"qrcswholewtapper\" style=\"text-align:left;\"><div class=\"qrcprowrapper\"  id=\"qrcwraa2leds\"><div class=\"qrc_canvass\" id=\"qrc_cuttenpages_2\" style=\"display:inline-block\" data-text=\"https:\/\/creadivo.md\/ru\/product\/cada-veneta-170cm\/\"><\/div><\/div><\/div><\/div>","protected":false},"excerpt":{"rendered":"<p>O cad\u0103 frumoas\u0103 \u0219i extrem de func\u021bional\u0103 \u00ee\u021bi va umple perfect spa\u021biul de baie, p\u0103str\u00e2nd \u00een acela\u0219i timp aspectul \u0219i<\/p>","protected":false},"featured_media":56451,"template":"","meta":[],"product_brand":[],"product_cat":[23,104],"product_tag":[],"class_list":{"0":"post-56450","1":"product","2":"type-product","3":"status-publish","4":"has-post-thumbnail","6":"product_cat-cazi-de-baie","7":"product_cat-cada-freestanding","8":"pa_acoperire-anti-stergere","9":"pa_capacitate-305-litri","10":"pa_informatii-suplimentare-strat-mirror-coat-sifon-si-mufa-click-clack-incluse","12":"first","13":"outofstock","14":"purchasable","15":"product-type-simple"},"_links":{"self":[{"href":"https:\/\/creadivo.md\/ru\/wp-json\/wp\/v2\/product\/56450","targetHints":{"allow":["GET"]}}],"collection":[{"href":"https:\/\/creadivo.md\/ru\/wp-json\/wp\/v2\/product"}],"about":[{"href":"https:\/\/creadivo.md\/ru\/wp-json\/wp\/v2\/types\/product"}],"version-history":[{"count":0,"href":"https:\/\/creadivo.md\/ru\/wp-json\/wp\/v2\/product\/56450\/revisions"}],"wp:featuredmedia":[{"embeddable":true,"href":"https:\/\/creadivo.md\/ru\/wp-json\/wp\/v2\/media\/56451"}],"wp:attachment":[{"href":"https:\/\/creadivo.md\/ru\/wp-json\/wp\/v2\/media?parent=56450"}],"wp:term":[{"taxonomy":"product_brand","embeddable":true,"href":"https:\/\/creadivo.md\/ru\/wp-json\/wp\/v2\/product_brand?post=56450"},{"taxonomy":"product_cat","embeddable":true,"href":"https:\/\/creadivo.md\/ru\/wp-json\/wp\/v2\/product_cat?post=56450"},{"taxonomy":"product_tag","embeddable":true,"href":"https:\/\/creadivo.md\/ru\/wp-json\/wp\/v2\/product_tag?post=56450"}],"curies":[{"name":"wp","href":"https:\/\/api.w.org\/{rel}","templated":true}]}}