{"id":56457,"date":"2024-06-11T01:25:27","date_gmt":"2024-06-11T01:25:27","guid":{"rendered":"https:\/\/creadivo.md\/?post_type=product&#038;p=56457"},"modified":"2026-03-28T00:30:38","modified_gmt":"2026-03-28T00:30:38","slug":"baterie-pentru-bideu-avalon-titan","status":"publish","type":"product","link":"https:\/\/creadivo.md\/ru\/product\/baterie-pentru-bideu-avalon-titan\/","title":{"rendered":"\u0421\u041c\u0415\u0421\u0418\u0422\u0415\u041b\u042c \u0414\u041b\u042f \u0411\u0418\u0414\u0415 AVALON TITAN"},"content":{"rendered":"<p>O baterie pentru bideu conceput\u0103 av\u00e2nd \u00een vedere func\u021bionalitatea \u0219i aspectul. Forma inovatoare se potrive\u0219te perfect \u00een orice baie modern\u0103, oferindu-i un aspect minunat \u0219i o elegan\u021b\u0103. Datorit\u0103 unei faze speciale de produc\u021bie, este durabil\u0103 \u0219i u\u0219or de p\u0103strat\u0103 curat.<\/p>\n<div style=\"margin: 20px 0;\"><div class=\"qrcswholewtapper\" style=\"text-align:left;\"><div class=\"qrcprowrapper\"  id=\"qrcwraa2leds\"><div class=\"qrc_canvass\" id=\"qrc_cuttenpages_2\" style=\"display:inline-block\" data-text=\"https:\/\/creadivo.md\/ru\/product\/baterie-pentru-bideu-avalon-titan\/\"><\/div><\/div><\/div><\/div>","protected":false},"excerpt":{"rendered":"<p>O baterie pentru bideu conceput\u0103 av\u00e2nd \u00een vedere func\u021bionalitatea \u0219i aspectul. Forma inovatoare se potrive\u0219te perfect \u00een orice baie modern\u0103,<\/p>","protected":false},"featured_media":56458,"template":"","meta":[],"product_brand":[],"product_cat":[29,292],"product_tag":[],"class_list":{"0":"post-56457","1":"product","2":"type-product","3":"status-publish","4":"has-post-thumbnail","6":"product_cat-baterii-sanitare","7":"product_cat-pentru-bideu","8":"pa_cap-ceramica-cu-mixer","9":"pa_conexiune-3-8-inch","10":"pa_inaltime-160-mm","11":"pa_informatii-suplimentare-duza-fixa-aerator-de-aerare","13":"first","14":"instock","15":"purchasable","16":"product-type-simple"},"_links":{"self":[{"href":"https:\/\/creadivo.md\/ru\/wp-json\/wp\/v2\/product\/56457","targetHints":{"allow":["GET"]}}],"collection":[{"href":"https:\/\/creadivo.md\/ru\/wp-json\/wp\/v2\/product"}],"about":[{"href":"https:\/\/creadivo.md\/ru\/wp-json\/wp\/v2\/types\/product"}],"version-history":[{"count":0,"href":"https:\/\/creadivo.md\/ru\/wp-json\/wp\/v2\/product\/56457\/revisions"}],"wp:featuredmedia":[{"embeddable":true,"href":"https:\/\/creadivo.md\/ru\/wp-json\/wp\/v2\/media\/56458"}],"wp:attachment":[{"href":"https:\/\/creadivo.md\/ru\/wp-json\/wp\/v2\/media?parent=56457"}],"wp:term":[{"taxonomy":"product_brand","embeddable":true,"href":"https:\/\/creadivo.md\/ru\/wp-json\/wp\/v2\/product_brand?post=56457"},{"taxonomy":"product_cat","embeddable":true,"href":"https:\/\/creadivo.md\/ru\/wp-json\/wp\/v2\/product_cat?post=56457"},{"taxonomy":"product_tag","embeddable":true,"href":"https:\/\/creadivo.md\/ru\/wp-json\/wp\/v2\/product_tag?post=56457"}],"curies":[{"name":"wp","href":"https:\/\/api.w.org\/{rel}","templated":true}]}}