{"id":56488,"date":"2024-06-11T01:26:03","date_gmt":"2024-06-11T01:26:03","guid":{"rendered":"https:\/\/creadivo.md\/?post_type=product&#038;p=56488"},"modified":"2026-03-27T00:51:10","modified_gmt":"2026-03-27T00:51:10","slug":"baterie-pentru-cada-avalon-titan","status":"publish","type":"product","link":"https:\/\/creadivo.md\/ru\/product\/baterie-pentru-cada-avalon-titan\/","title":{"rendered":"\u0421\u041c\u0415\u0421\u0418\u0422\u0415\u041b\u042c \u0414\u041b\u042f \u0412\u0410\u041d\u041d\u042b AVALON TITAN"},"content":{"rendered":"<p>V\u0103 prezent\u0103m baterie pentru cad\u0103 frumoas\u0219, extrem de func\u021bional\u0219 \u0219i modern\u0219. Este un produs care v\u0103 va umple perfect spa\u021biul din baie, p\u0103str\u00e2nd \u00een acela\u0219i timp un aspect impecabil \u0219i estetica interiorului. Datorit\u0103 fazei de produc\u021bie inovatoare, este durabil \u0219i u\u0219or de cur\u0103\u021bat. Finisajul exclusiv \u0219i aten\u021bia la detalii sunt cele mai mari avantaje ale produsului. Bateria este proiectat\u0219 pentru montarea pe perete deasupra c\u0103zii.<\/p>\n<div style=\"margin: 20px 0;\"><div class=\"qrcswholewtapper\" style=\"text-align:left;\"><div class=\"qrcprowrapper\"  id=\"qrcwraa2leds\"><div class=\"qrc_canvass\" id=\"qrc_cuttenpages_2\" style=\"display:inline-block\" data-text=\"https:\/\/creadivo.md\/ru\/product\/baterie-pentru-cada-avalon-titan\/\"><\/div><\/div><\/div><\/div>","protected":false},"excerpt":{"rendered":"<p>V\u0103 prezent\u0103m baterie pentru cad\u0103 frumoas\u0219, extrem de func\u021bional\u0219 \u0219i modern\u0219. Este un produs care v\u0103 va umple perfect spa\u021biul<\/p>","protected":false},"featured_media":56489,"template":"","meta":[],"product_brand":[],"product_cat":[29,290],"product_tag":[],"class_list":{"0":"post-56488","1":"product","2":"type-product","3":"status-publish","4":"has-post-thumbnail","6":"product_cat-baterii-sanitare","7":"product_cat-pentru-cada","8":"pa_cap-ceramica-cu-mixer","9":"pa_conexiune-1-2-inch","10":"pa_informatii-suplimentare-comutator-cu-2-functii-aerator-de-aerare","11":"pa_instalare-pe-un-perete","13":"first","14":"instock","15":"purchasable","16":"product-type-simple"},"_links":{"self":[{"href":"https:\/\/creadivo.md\/ru\/wp-json\/wp\/v2\/product\/56488","targetHints":{"allow":["GET"]}}],"collection":[{"href":"https:\/\/creadivo.md\/ru\/wp-json\/wp\/v2\/product"}],"about":[{"href":"https:\/\/creadivo.md\/ru\/wp-json\/wp\/v2\/types\/product"}],"version-history":[{"count":0,"href":"https:\/\/creadivo.md\/ru\/wp-json\/wp\/v2\/product\/56488\/revisions"}],"wp:featuredmedia":[{"embeddable":true,"href":"https:\/\/creadivo.md\/ru\/wp-json\/wp\/v2\/media\/56489"}],"wp:attachment":[{"href":"https:\/\/creadivo.md\/ru\/wp-json\/wp\/v2\/media?parent=56488"}],"wp:term":[{"taxonomy":"product_brand","embeddable":true,"href":"https:\/\/creadivo.md\/ru\/wp-json\/wp\/v2\/product_brand?post=56488"},{"taxonomy":"product_cat","embeddable":true,"href":"https:\/\/creadivo.md\/ru\/wp-json\/wp\/v2\/product_cat?post=56488"},{"taxonomy":"product_tag","embeddable":true,"href":"https:\/\/creadivo.md\/ru\/wp-json\/wp\/v2\/product_tag?post=56488"}],"curies":[{"name":"wp","href":"https:\/\/api.w.org\/{rel}","templated":true}]}}