{"id":56520,"date":"2024-06-11T01:26:39","date_gmt":"2024-06-11T01:26:39","guid":{"rendered":"https:\/\/creadivo.md\/?post_type=product&#038;p=56520"},"modified":"2024-12-19T09:50:47","modified_gmt":"2024-12-19T09:50:47","slug":"set-de-dus-moby-chromebox","status":"publish","type":"product","link":"https:\/\/creadivo.md\/ru\/product\/set-de-dus-moby-chromebox\/","title":{"rendered":"\u0414\u0423\u0428\u0415\u0412\u0410\u042f \u0421\u0418\u0421\u0422\u0415\u041c\u0410 MOBY CHROME+BOX"},"content":{"rendered":"<p>Setul de du\u0219 este o solu\u021bie complet\u0103 \u0219i practic\u0103 pentru o experien\u021b\u0103 de baie confortabil\u0103 \u0219i relaxant\u0103. Acesta include componente esen\u021biale, precum un cap de du\u0219, suport reglabil \u0219i furtun flexibil, oferind func\u021bionalitate optim\u0103 \u0219i un design modern. Disponibil \u00een diverse stiluri \u0219i finisaje, setul de du\u0219 aduce un plus de elegan\u021b\u0103 \u0219i u\u0219urin\u021b\u0103 \u00een utilizare, fiind perfect pentru b\u0103ile contemporane. Fabricat din materiale durabile, este conceput pentru performan\u021b\u0103 \u0219i rezisten\u021b\u0103 \u00eendelungat\u0103.<\/p>\n<div style=\"margin: 20px 0;\"><div class=\"qrcswholewtapper\" style=\"text-align:left;\"><div class=\"qrcprowrapper\"  id=\"qrcwraa2leds\"><div class=\"qrc_canvass\" id=\"qrc_cuttenpages_2\" style=\"display:inline-block\" data-text=\"https:\/\/creadivo.md\/ru\/product\/set-de-dus-moby-chromebox\/\"><\/div><\/div><\/div><\/div>","protected":false},"excerpt":{"rendered":"<p>Setul de du\u0219 este o solu\u021bie complet\u0103 \u0219i practic\u0103 pentru o experien\u021b\u0103 de baie confortabil\u0103 \u0219i relaxant\u0103. Acesta include componente<\/p>","protected":false},"featured_media":56521,"template":"","meta":[],"product_brand":[],"product_cat":[2085,1650],"product_tag":[],"class_list":{"0":"post-56520","1":"product","2":"type-product","3":"status-publish","4":"has-post-thumbnail","6":"product_cat-sisteme-de-dus","7":"product_cat-seturi-de-dus","9":"first","10":"instock","11":"purchasable","12":"product-type-simple"},"_links":{"self":[{"href":"https:\/\/creadivo.md\/ru\/wp-json\/wp\/v2\/product\/56520","targetHints":{"allow":["GET"]}}],"collection":[{"href":"https:\/\/creadivo.md\/ru\/wp-json\/wp\/v2\/product"}],"about":[{"href":"https:\/\/creadivo.md\/ru\/wp-json\/wp\/v2\/types\/product"}],"version-history":[{"count":0,"href":"https:\/\/creadivo.md\/ru\/wp-json\/wp\/v2\/product\/56520\/revisions"}],"wp:featuredmedia":[{"embeddable":true,"href":"https:\/\/creadivo.md\/ru\/wp-json\/wp\/v2\/media\/56521"}],"wp:attachment":[{"href":"https:\/\/creadivo.md\/ru\/wp-json\/wp\/v2\/media?parent=56520"}],"wp:term":[{"taxonomy":"product_brand","embeddable":true,"href":"https:\/\/creadivo.md\/ru\/wp-json\/wp\/v2\/product_brand?post=56520"},{"taxonomy":"product_cat","embeddable":true,"href":"https:\/\/creadivo.md\/ru\/wp-json\/wp\/v2\/product_cat?post=56520"},{"taxonomy":"product_tag","embeddable":true,"href":"https:\/\/creadivo.md\/ru\/wp-json\/wp\/v2\/product_tag?post=56520"}],"curies":[{"name":"wp","href":"https:\/\/api.w.org\/{rel}","templated":true}]}}