{"id":56531,"date":"2024-06-11T01:26:51","date_gmt":"2024-06-11T01:26:51","guid":{"rendered":"https:\/\/creadivo.md\/?post_type=product&#038;p=56531"},"modified":"2025-09-29T09:28:41","modified_gmt":"2025-09-29T09:28:41","slug":"baterie-lavoar-melia-white-gold-high","status":"publish","type":"product","link":"https:\/\/creadivo.md\/ru\/product\/baterie-lavoar-melia-white-gold-high\/","title":{"rendered":"\u0421\u041c\u0415\u0421\u0418\u0422\u0415\u041b\u042c \u0414\u041b\u042f \u0423\u041c\u042b\u0412\u0410\u041b\u042c\u041d\u0418\u041a\u0410 MELIA WHITE\/GOLD HIGH"},"content":{"rendered":"<p>Un robinet realizat av\u00e2nd \u00een vedere func\u021bionalitatea \u0219i aspectul. Acesta este un produs care va umple perfect spa\u021biul dumneavoastr\u0103 de baie, p\u0103str\u00e2nd aspectul perfect \u0219i estetica interiorului. Este realizata din alama acoperita cu un strat triplu alb si auriu. Datorit\u0103 unei faze speciale de produc\u021bie, este durabil \u0219i u\u0219or de p\u0103strat curat.<\/p>\n<div style=\"margin: 20px 0;\"><div class=\"qrcswholewtapper\" style=\"text-align:left;\"><div class=\"qrcprowrapper\"  id=\"qrcwraa2leds\"><div class=\"qrc_canvass\" id=\"qrc_cuttenpages_2\" style=\"display:inline-block\" data-text=\"https:\/\/creadivo.md\/ru\/product\/baterie-lavoar-melia-white-gold-high\/\"><\/div><\/div><\/div><\/div>","protected":false},"excerpt":{"rendered":"<p>Un robinet realizat av\u00e2nd \u00een vedere func\u021bionalitatea \u0219i aspectul. Acesta este un produs care va umple perfect spa\u021biul dumneavoastr\u0103 de<\/p>","protected":false},"featured_media":56532,"template":"","meta":[],"product_brand":[],"product_cat":[29,289],"product_tag":[],"class_list":{"0":"post-56531","1":"product","2":"type-product","3":"status-publish","4":"has-post-thumbnail","6":"product_cat-baterii-sanitare","7":"product_cat-pentru-lavoar","8":"pa_cap-ceramica-cu-mixer","9":"pa_conexiune-3-8-inch","10":"pa_inaltime-305-mm","11":"pa_informatii-suplimentare-aerator-de-aerare","12":"pa_instalare-pentru-lavoar-sau-blat","14":"first","15":"outofstock","16":"purchasable","17":"product-type-simple"},"_links":{"self":[{"href":"https:\/\/creadivo.md\/ru\/wp-json\/wp\/v2\/product\/56531","targetHints":{"allow":["GET"]}}],"collection":[{"href":"https:\/\/creadivo.md\/ru\/wp-json\/wp\/v2\/product"}],"about":[{"href":"https:\/\/creadivo.md\/ru\/wp-json\/wp\/v2\/types\/product"}],"version-history":[{"count":0,"href":"https:\/\/creadivo.md\/ru\/wp-json\/wp\/v2\/product\/56531\/revisions"}],"wp:featuredmedia":[{"embeddable":true,"href":"https:\/\/creadivo.md\/ru\/wp-json\/wp\/v2\/media\/56532"}],"wp:attachment":[{"href":"https:\/\/creadivo.md\/ru\/wp-json\/wp\/v2\/media?parent=56531"}],"wp:term":[{"taxonomy":"product_brand","embeddable":true,"href":"https:\/\/creadivo.md\/ru\/wp-json\/wp\/v2\/product_brand?post=56531"},{"taxonomy":"product_cat","embeddable":true,"href":"https:\/\/creadivo.md\/ru\/wp-json\/wp\/v2\/product_cat?post=56531"},{"taxonomy":"product_tag","embeddable":true,"href":"https:\/\/creadivo.md\/ru\/wp-json\/wp\/v2\/product_tag?post=56531"}],"curies":[{"name":"wp","href":"https:\/\/api.w.org\/{rel}","templated":true}]}}