{"id":56570,"date":"2024-06-11T01:27:31","date_gmt":"2024-06-11T01:27:31","guid":{"rendered":"https:\/\/creadivo.md\/?post_type=product&#038;p=56570"},"modified":"2025-11-05T12:57:52","modified_gmt":"2025-11-05T12:57:52","slug":"set-de-dus-maximus-gold","status":"publish","type":"product","link":"https:\/\/creadivo.md\/ru\/product\/set-de-dus-maximus-gold\/","title":{"rendered":"\u0414\u0423\u0428\u0415\u0412\u0410\u042f \u0421\u0422\u041e\u0419\u041a\u0410 MAXIMUS GOLD"},"content":{"rendered":"<p>Un set de du\u0219 conceput pentru confort \u0219i func\u021bionalitate. Datorit\u0103 unei faze speciale de produc\u021bie, garant\u0103m siguran\u021b\u0103 \u0219i confort maxim \u00een utilizarea de zi cu zi. Designul unic \u0219i calitatea \u00eenalt\u0103 a materialelor utilizate garanteaz\u0103 durabilitate \u0219i fiabilitate pentru mul\u021bi ani.<\/p>\n<div style=\"margin: 20px 0;\"><div class=\"qrcswholewtapper\" style=\"text-align:left;\"><div class=\"qrcprowrapper\"  id=\"qrcwraa2leds\"><div class=\"qrc_canvass\" id=\"qrc_cuttenpages_2\" style=\"display:inline-block\" data-text=\"https:\/\/creadivo.md\/ru\/product\/set-de-dus-maximus-gold\/\"><\/div><\/div><\/div><\/div>","protected":false},"excerpt":{"rendered":"<p>Un set de du\u0219 conceput pentru confort \u0219i func\u021bionalitate. Datorit\u0103 unei faze speciale de produc\u021bie, garant\u0103m siguran\u021b\u0103 \u0219i confort maxim<\/p>","protected":false},"featured_media":56571,"template":"","meta":[],"product_brand":[],"product_cat":[1650,2085],"product_tag":[],"class_list":{"0":"post-56570","1":"product","2":"type-product","3":"status-publish","4":"has-post-thumbnail","6":"product_cat-seturi-de-dus","7":"product_cat-sisteme-de-dus","8":"pa_cap-ceramica-cu-mixer","9":"pa_conexiune-1-2-inch","10":"pa_inaltime-1400-mm","11":"pa_informatii-suplimentare-sistem-anti-calc-rotula-permite-orice-pozitionare-a-dusului-de-ploaie","12":"pa_instalare-montat-la-suprafata","14":"first","15":"outofstock","16":"purchasable","17":"product-type-simple"},"_links":{"self":[{"href":"https:\/\/creadivo.md\/ru\/wp-json\/wp\/v2\/product\/56570","targetHints":{"allow":["GET"]}}],"collection":[{"href":"https:\/\/creadivo.md\/ru\/wp-json\/wp\/v2\/product"}],"about":[{"href":"https:\/\/creadivo.md\/ru\/wp-json\/wp\/v2\/types\/product"}],"version-history":[{"count":1,"href":"https:\/\/creadivo.md\/ru\/wp-json\/wp\/v2\/product\/56570\/revisions"}],"predecessor-version":[{"id":62695,"href":"https:\/\/creadivo.md\/ru\/wp-json\/wp\/v2\/product\/56570\/revisions\/62695"}],"wp:featuredmedia":[{"embeddable":true,"href":"https:\/\/creadivo.md\/ru\/wp-json\/wp\/v2\/media\/56571"}],"wp:attachment":[{"href":"https:\/\/creadivo.md\/ru\/wp-json\/wp\/v2\/media?parent=56570"}],"wp:term":[{"taxonomy":"product_brand","embeddable":true,"href":"https:\/\/creadivo.md\/ru\/wp-json\/wp\/v2\/product_brand?post=56570"},{"taxonomy":"product_cat","embeddable":true,"href":"https:\/\/creadivo.md\/ru\/wp-json\/wp\/v2\/product_cat?post=56570"},{"taxonomy":"product_tag","embeddable":true,"href":"https:\/\/creadivo.md\/ru\/wp-json\/wp\/v2\/product_tag?post=56570"}],"curies":[{"name":"wp","href":"https:\/\/api.w.org\/{rel}","templated":true}]}}