{"id":56645,"date":"2024-06-11T01:28:41","date_gmt":"2024-06-11T01:28:41","guid":{"rendered":"https:\/\/creadivo.md\/?post_type=product&#038;p=56645"},"modified":"2025-09-29T09:29:02","modified_gmt":"2025-09-29T09:29:02","slug":"baterie-cada-freestanding-aras-gold-brush","status":"publish","type":"product","link":"https:\/\/creadivo.md\/ru\/product\/baterie-cada-freestanding-aras-gold-brush\/","title":{"rendered":"\u0421\u041c\u0415\u0421\u0418\u0422\u0415\u041b\u042c \u0414\u041b\u042f \u0412\u0410\u041d\u041d\u042b \u041d\u0410\u041f\u041e\u041b\u042c\u041d\u042b\u0419 ARAS GOLD BRUSH"},"content":{"rendered":"<p>Bateria pentru cad\u0103 freestanding este un accesoriu sofisticat, creat pentru c\u0103zile independente, ad\u0103ug\u00e2nd o not\u0103 de lux \u0219i modernitate \u00een baie. Cu un design \u00eenalt \u0219i elegant, bateria este montat\u0103 direct pe podea \u0219i include un robinet ergonomic \u0219i un cap de du\u0219 deta\u0219abil, oferind flexibilitate \u0219i confort. Fabricat\u0103 din materiale de \u00eenalt\u0103 calitate, precum inoxul sau alama cromat\u0103, aceasta este rezistent\u0103 la coroziune \u0219i uzur\u0103, asigur\u00e2nd o durat\u0103 de via\u021b\u0103 \u00eendelungat\u0103. Finisajele premium \u0219i liniile minimaliste fac din bateria freestanding o alegere ideal\u0103 pentru b\u0103ile contemporane.<\/p>\n<div style=\"margin: 20px 0;\"><div class=\"qrcswholewtapper\" style=\"text-align:left;\"><div class=\"qrcprowrapper\"  id=\"qrcwraa2leds\"><div class=\"qrc_canvass\" id=\"qrc_cuttenpages_2\" style=\"display:inline-block\" data-text=\"https:\/\/creadivo.md\/ru\/product\/baterie-cada-freestanding-aras-gold-brush\/\"><\/div><\/div><\/div><\/div>","protected":false},"excerpt":{"rendered":"<p>Bateria pentru cad\u0103 freestanding este un accesoriu sofisticat, creat pentru c\u0103zile independente, ad\u0103ug\u00e2nd o not\u0103 de lux \u0219i modernitate \u00een<\/p>","protected":false},"featured_media":56646,"template":"","meta":[],"product_brand":[],"product_cat":[29,290],"product_tag":[],"class_list":{"0":"post-56645","1":"product","2":"type-product","3":"status-publish","4":"has-post-thumbnail","6":"product_cat-baterii-sanitare","7":"product_cat-pentru-cada","8":"pa_cap-ceramica-cu-mixer","9":"pa_conexiune-pana-la-podea-3-8-inch","10":"pa_instalare-pe-podea","12":"first","13":"outofstock","14":"purchasable","15":"product-type-simple"},"_links":{"self":[{"href":"https:\/\/creadivo.md\/ru\/wp-json\/wp\/v2\/product\/56645","targetHints":{"allow":["GET"]}}],"collection":[{"href":"https:\/\/creadivo.md\/ru\/wp-json\/wp\/v2\/product"}],"about":[{"href":"https:\/\/creadivo.md\/ru\/wp-json\/wp\/v2\/types\/product"}],"version-history":[{"count":0,"href":"https:\/\/creadivo.md\/ru\/wp-json\/wp\/v2\/product\/56645\/revisions"}],"wp:featuredmedia":[{"embeddable":true,"href":"https:\/\/creadivo.md\/ru\/wp-json\/wp\/v2\/media\/56646"}],"wp:attachment":[{"href":"https:\/\/creadivo.md\/ru\/wp-json\/wp\/v2\/media?parent=56645"}],"wp:term":[{"taxonomy":"product_brand","embeddable":true,"href":"https:\/\/creadivo.md\/ru\/wp-json\/wp\/v2\/product_brand?post=56645"},{"taxonomy":"product_cat","embeddable":true,"href":"https:\/\/creadivo.md\/ru\/wp-json\/wp\/v2\/product_cat?post=56645"},{"taxonomy":"product_tag","embeddable":true,"href":"https:\/\/creadivo.md\/ru\/wp-json\/wp\/v2\/product_tag?post=56645"}],"curies":[{"name":"wp","href":"https:\/\/api.w.org\/{rel}","templated":true}]}}