{"id":56812,"date":"2024-06-11T01:32:36","date_gmt":"2024-06-11T01:32:36","guid":{"rendered":"https:\/\/creadivo.md\/?post_type=product&#038;p=56812"},"modified":"2026-03-27T00:51:21","modified_gmt":"2026-03-27T00:51:21","slug":"rigola-dus-neox-slim-pro-gold-brush-900","status":"publish","type":"product","link":"https:\/\/creadivo.md\/ru\/product\/rigola-dus-neox-slim-pro-gold-brush-900\/","title":{"rendered":"\u0422\u0420\u0410\u041f \u0414\u041b\u042f \u0414\u0423\u0428\u0410 NEOX SLIM PRO GOLD BRUSH 900"},"content":{"rendered":"<p>Rigola du\u0219 Neox Slim Pro este un \u00eenlocuitor modern pentru c\u0103zile de du\u0219 tradi\u021bionale. Ofer\u0103 un aspect elegant \u0219i v\u0103 permite s\u0103 p\u0103stra\u021bi cu u\u0219urin\u021b\u0103 spa\u021biul de baie curat. Iti va umple perfect spatiul de baie, pastrand in acelasi timp aspectul si estetica impecabila a interiorului. Sifonul este fabricat din o\u021bel inoxidabil AISI 304 de cea mai bun\u0103 calitate.<\/p>\n<div style=\"margin: 20px 0;\"><div class=\"qrcswholewtapper\" style=\"text-align:left;\"><div class=\"qrcprowrapper\"  id=\"qrcwraa2leds\"><div class=\"qrc_canvass\" id=\"qrc_cuttenpages_2\" style=\"display:inline-block\" data-text=\"https:\/\/creadivo.md\/ru\/product\/rigola-dus-neox-slim-pro-gold-brush-900\/\"><\/div><\/div><\/div><\/div>","protected":false},"excerpt":{"rendered":"<p>Rigola du\u0219 Neox Slim Pro este un \u00eenlocuitor modern pentru c\u0103zile de du\u0219 tradi\u021bionale. Ofer\u0103 un aspect elegant \u0219i v\u0103<\/p>","protected":false},"featured_media":56813,"template":"","meta":[],"product_brand":[],"product_cat":[102],"product_tag":[],"class_list":{"0":"post-56812","1":"product","2":"type-product","3":"status-publish","4":"has-post-thumbnail","6":"product_cat-sifoane-si-rigole","7":"pa_capacitate-sifon-045-l-s","8":"pa_informatii-suplimentare-are-o-capcana-detasabila-pentru-murdarie","9":"pa_tip-de-sifon-rotativ-360","11":"first","12":"instock","13":"purchasable","14":"product-type-simple"},"_links":{"self":[{"href":"https:\/\/creadivo.md\/ru\/wp-json\/wp\/v2\/product\/56812","targetHints":{"allow":["GET"]}}],"collection":[{"href":"https:\/\/creadivo.md\/ru\/wp-json\/wp\/v2\/product"}],"about":[{"href":"https:\/\/creadivo.md\/ru\/wp-json\/wp\/v2\/types\/product"}],"version-history":[{"count":0,"href":"https:\/\/creadivo.md\/ru\/wp-json\/wp\/v2\/product\/56812\/revisions"}],"wp:featuredmedia":[{"embeddable":true,"href":"https:\/\/creadivo.md\/ru\/wp-json\/wp\/v2\/media\/56813"}],"wp:attachment":[{"href":"https:\/\/creadivo.md\/ru\/wp-json\/wp\/v2\/media?parent=56812"}],"wp:term":[{"taxonomy":"product_brand","embeddable":true,"href":"https:\/\/creadivo.md\/ru\/wp-json\/wp\/v2\/product_brand?post=56812"},{"taxonomy":"product_cat","embeddable":true,"href":"https:\/\/creadivo.md\/ru\/wp-json\/wp\/v2\/product_cat?post=56812"},{"taxonomy":"product_tag","embeddable":true,"href":"https:\/\/creadivo.md\/ru\/wp-json\/wp\/v2\/product_tag?post=56812"}],"curies":[{"name":"wp","href":"https:\/\/api.w.org\/{rel}","templated":true}]}}