{"id":56905,"date":"2024-06-11T01:33:58","date_gmt":"2024-06-11T01:33:58","guid":{"rendered":"https:\/\/creadivo.md\/?post_type=product&#038;p=56905"},"modified":"2026-03-27T00:51:27","modified_gmt":"2026-03-27T00:51:27","slug":"baterie-lavoar-laguna-antique-gold-high","status":"publish","type":"product","link":"https:\/\/creadivo.md\/ru\/product\/baterie-lavoar-laguna-antique-gold-high\/","title":{"rendered":"\u0421\u041c\u0415\u0421\u0418\u0422\u0415\u041b\u042c \u0414\u041b\u042f \u0423\u041c\u042b\u0412\u0410\u041b\u042c\u041d\u0418\u041a\u0410 LAGUNA ANTIQUE GOLD HIGH"},"content":{"rendered":"<p>Baterie lavoar extrem de durabil\u0103 \u0219i func\u021bional\u0103, realizat\u0103 din alam\u0103 de cea mai bun\u0103 calitate. Acest material asigur\u0103 fiabilitatea complet\u0103 \u0219i garanteaz\u0103 func\u021bionarea f\u0103r\u0103 probleme a produsului timp de mul\u021bi ani. Capul ceramic v\u0103 va permite s\u0103 efectua\u021bi p\u00e2n\u0103 la 500.000 de cicluri de deschidere \u0219i \u00eenchidere a curentului de ap\u0103. Acoperirea corpului bateriei cu un strat auriu confer\u0103 bateriei un aspect unic \u0219i protejeaz\u0103 \u00eempotriva coroziunii \u0219i a p\u0103t\u0103rii. Forma frumoas\u0103 a robinetului se va potrivi perfect \u00een orice decor al b\u0103ii.<\/p>\n<div style=\"margin: 20px 0;\"><div class=\"qrcswholewtapper\" style=\"text-align:left;\"><div class=\"qrcprowrapper\"  id=\"qrcwraa2leds\"><div class=\"qrc_canvass\" id=\"qrc_cuttenpages_2\" style=\"display:inline-block\" data-text=\"https:\/\/creadivo.md\/ru\/product\/baterie-lavoar-laguna-antique-gold-high\/\"><\/div><\/div><\/div><\/div>","protected":false},"excerpt":{"rendered":"<p>Baterie lavoar extrem de durabil\u0103 \u0219i func\u021bional\u0103, realizat\u0103 din alam\u0103 de cea mai bun\u0103 calitate. Acest material asigur\u0103 fiabilitatea complet\u0103<\/p>","protected":false},"featured_media":56906,"template":"","meta":[],"product_brand":[],"product_cat":[29,289],"product_tag":[],"class_list":{"0":"post-56905","1":"product","2":"type-product","3":"status-publish","4":"has-post-thumbnail","6":"product_cat-baterii-sanitare","7":"product_cat-pentru-lavoar","8":"pa_cap-ceramica-cu-mixer","9":"pa_conexiune-3-8-inch","10":"pa_inaltime-300-mm","11":"pa_informatii-suplimentare-aerator-de-aerare","12":"pa_instalare-pentru-lavoar-sau-blat","14":"first","15":"instock","16":"purchasable","17":"product-type-simple"},"_links":{"self":[{"href":"https:\/\/creadivo.md\/ru\/wp-json\/wp\/v2\/product\/56905","targetHints":{"allow":["GET"]}}],"collection":[{"href":"https:\/\/creadivo.md\/ru\/wp-json\/wp\/v2\/product"}],"about":[{"href":"https:\/\/creadivo.md\/ru\/wp-json\/wp\/v2\/types\/product"}],"version-history":[{"count":1,"href":"https:\/\/creadivo.md\/ru\/wp-json\/wp\/v2\/product\/56905\/revisions"}],"predecessor-version":[{"id":62307,"href":"https:\/\/creadivo.md\/ru\/wp-json\/wp\/v2\/product\/56905\/revisions\/62307"}],"wp:featuredmedia":[{"embeddable":true,"href":"https:\/\/creadivo.md\/ru\/wp-json\/wp\/v2\/media\/56906"}],"wp:attachment":[{"href":"https:\/\/creadivo.md\/ru\/wp-json\/wp\/v2\/media?parent=56905"}],"wp:term":[{"taxonomy":"product_brand","embeddable":true,"href":"https:\/\/creadivo.md\/ru\/wp-json\/wp\/v2\/product_brand?post=56905"},{"taxonomy":"product_cat","embeddable":true,"href":"https:\/\/creadivo.md\/ru\/wp-json\/wp\/v2\/product_cat?post=56905"},{"taxonomy":"product_tag","embeddable":true,"href":"https:\/\/creadivo.md\/ru\/wp-json\/wp\/v2\/product_tag?post=56905"}],"curies":[{"name":"wp","href":"https:\/\/api.w.org\/{rel}","templated":true}]}}