{"id":56916,"date":"2024-06-11T01:34:15","date_gmt":"2024-06-11T01:34:15","guid":{"rendered":"https:\/\/creadivo.md\/?post_type=product&#038;p=56916"},"modified":"2026-03-27T00:51:27","modified_gmt":"2026-03-27T00:51:27","slug":"baterie-pentru-baie-bucatarie-rustico-old-black","status":"publish","type":"product","link":"https:\/\/creadivo.md\/ru\/product\/baterie-pentru-baie-bucatarie-rustico-old-black\/","title":{"rendered":"\u0421\u041c\u0415\u0421\u0418\u0422\u0415\u041b\u042c \u0414\u041b\u042f \u0412\u0410\u041d\u041d\u042b\/\u041a\u0423\u0425\u041d\u0418 RUSTICO OLD BLACK"},"content":{"rendered":"<p>V\u0103 prezent\u0103m un robinet extrem de frumos \u0219i unic, cu pip\u0103 pivotant\u0103. Stilul retro realizat \u00een cele din urm\u0103 cu elemente vizuale din alam\u0103 va sublinia unicitatea fiec\u0103rei b\u0103i sau buc\u0103t\u0103rie. Robinetul este proiectat pentru a fi montat pe blat sau chiuvet\u0103. Capul folosit la aceasta baterie este extrem de rezistent datorita materialului ceramic folosit. Robinetul este realizat din alam\u0103 acoperit cu un strat durabil de vopsea neagr\u0103, care este durabil\u0103 \u0219i u\u0219or de \u00eentre\u021binut.<\/p>\n<div style=\"margin: 20px 0;\"><div class=\"qrcswholewtapper\" style=\"text-align:left;\"><div class=\"qrcprowrapper\"  id=\"qrcwraa2leds\"><div class=\"qrc_canvass\" id=\"qrc_cuttenpages_2\" style=\"display:inline-block\" data-text=\"https:\/\/creadivo.md\/ru\/product\/baterie-pentru-baie-bucatarie-rustico-old-black\/\"><\/div><\/div><\/div><\/div>","protected":false},"excerpt":{"rendered":"<p>V\u0103 prezent\u0103m un robinet extrem de frumos \u0219i unic, cu pip\u0103 pivotant\u0103. Stilul retro realizat \u00een cele din urm\u0103 cu<\/p>","protected":false},"featured_media":56917,"template":"","meta":[],"product_brand":[],"product_cat":[29,289,101],"product_tag":[],"class_list":{"0":"post-56916","1":"product","2":"type-product","3":"status-publish","4":"has-post-thumbnail","6":"product_cat-baterii-sanitare","7":"product_cat-pentru-lavoar","8":"product_cat-robinete-de-bucatarie","9":"pa_cap-ceramica-cu-mixer","10":"pa_conexiune-3-8-inch","11":"pa_inaltime-400-mm","12":"pa_informatii-suplimentare-duza-mobila-si-aerator-de-aerare","13":"pa_instalare-pentru-lavoar-sau-blat","15":"first","16":"instock","17":"purchasable","18":"product-type-simple"},"_links":{"self":[{"href":"https:\/\/creadivo.md\/ru\/wp-json\/wp\/v2\/product\/56916","targetHints":{"allow":["GET"]}}],"collection":[{"href":"https:\/\/creadivo.md\/ru\/wp-json\/wp\/v2\/product"}],"about":[{"href":"https:\/\/creadivo.md\/ru\/wp-json\/wp\/v2\/types\/product"}],"version-history":[{"count":0,"href":"https:\/\/creadivo.md\/ru\/wp-json\/wp\/v2\/product\/56916\/revisions"}],"wp:featuredmedia":[{"embeddable":true,"href":"https:\/\/creadivo.md\/ru\/wp-json\/wp\/v2\/media\/56917"}],"wp:attachment":[{"href":"https:\/\/creadivo.md\/ru\/wp-json\/wp\/v2\/media?parent=56916"}],"wp:term":[{"taxonomy":"product_brand","embeddable":true,"href":"https:\/\/creadivo.md\/ru\/wp-json\/wp\/v2\/product_brand?post=56916"},{"taxonomy":"product_cat","embeddable":true,"href":"https:\/\/creadivo.md\/ru\/wp-json\/wp\/v2\/product_cat?post=56916"},{"taxonomy":"product_tag","embeddable":true,"href":"https:\/\/creadivo.md\/ru\/wp-json\/wp\/v2\/product_tag?post=56916"}],"curies":[{"name":"wp","href":"https:\/\/api.w.org\/{rel}","templated":true}]}}