{"id":56947,"date":"2024-06-11T01:35:17","date_gmt":"2024-06-11T01:35:17","guid":{"rendered":"https:\/\/creadivo.md\/?post_type=product&#038;p=56947"},"modified":"2026-04-11T00:30:47","modified_gmt":"2026-04-11T00:30:47","slug":"raft-incastrat-30x45-gold-brush","status":"publish","type":"product","link":"https:\/\/creadivo.md\/ru\/product\/raft-incastrat-30x45-gold-brush\/","title":{"rendered":"\u0412\u0421\u0422\u0420\u0410\u0418\u0412\u0410\u0415\u041c\u0410\u042f \u041f\u041e\u041b\u041a\u0410 30\u00d745 GOLD BRUSH"},"content":{"rendered":"<p>Un raft de baie este o solu\u021bie practic\u0103 pentru organizarea spa\u021biului de baie. Fabricat din material durabil, asigur\u0103 durabilitate \u0219i stabilitate. Designul s\u0103u func\u021bional se potrive\u0219te perfect cu aspectul divers al b\u0103ii, permi\u021b\u00e2ndu-v\u0103 s\u0103 depozita\u021bi articole de toalet\u0103, prosoape sau alte accesorii necesare. Datorit\u0103 posibilit\u0103\u021bii de instalare \u00een interiorul ni\u0219ei, raftul folose\u0219te perfect spa\u021biul disponibil, oferind b\u0103ii un aspect elegant.<\/p>\n<div style=\"margin: 20px 0;\"><div class=\"qrcswholewtapper\" style=\"text-align:left;\"><div class=\"qrcprowrapper\"  id=\"qrcwraa2leds\"><div class=\"qrc_canvass\" id=\"qrc_cuttenpages_2\" style=\"display:inline-block\" data-text=\"https:\/\/creadivo.md\/ru\/product\/raft-incastrat-30x45-gold-brush\/\"><\/div><\/div><\/div><\/div>","protected":false},"excerpt":{"rendered":"<p>Un raft de baie este o solu\u021bie practic\u0103 pentru organizarea spa\u021biului de baie. Fabricat din material durabil, asigur\u0103 durabilitate \u0219i<\/p>","protected":false},"featured_media":56948,"template":"","meta":[],"product_brand":[],"product_cat":[2063],"product_tag":[],"class_list":{"0":"post-56947","1":"product","2":"type-product","3":"status-publish","4":"has-post-thumbnail","6":"product_cat-rafturi-accesorii-pentru-baie","8":"first","9":"instock","10":"purchasable","11":"product-type-simple"},"_links":{"self":[{"href":"https:\/\/creadivo.md\/ru\/wp-json\/wp\/v2\/product\/56947","targetHints":{"allow":["GET"]}}],"collection":[{"href":"https:\/\/creadivo.md\/ru\/wp-json\/wp\/v2\/product"}],"about":[{"href":"https:\/\/creadivo.md\/ru\/wp-json\/wp\/v2\/types\/product"}],"version-history":[{"count":0,"href":"https:\/\/creadivo.md\/ru\/wp-json\/wp\/v2\/product\/56947\/revisions"}],"wp:featuredmedia":[{"embeddable":true,"href":"https:\/\/creadivo.md\/ru\/wp-json\/wp\/v2\/media\/56948"}],"wp:attachment":[{"href":"https:\/\/creadivo.md\/ru\/wp-json\/wp\/v2\/media?parent=56947"}],"wp:term":[{"taxonomy":"product_brand","embeddable":true,"href":"https:\/\/creadivo.md\/ru\/wp-json\/wp\/v2\/product_brand?post=56947"},{"taxonomy":"product_cat","embeddable":true,"href":"https:\/\/creadivo.md\/ru\/wp-json\/wp\/v2\/product_cat?post=56947"},{"taxonomy":"product_tag","embeddable":true,"href":"https:\/\/creadivo.md\/ru\/wp-json\/wp\/v2\/product_tag?post=56947"}],"curies":[{"name":"wp","href":"https:\/\/api.w.org\/{rel}","templated":true}]}}