{"id":56959,"date":"2024-06-11T01:35:21","date_gmt":"2024-06-11T01:35:21","guid":{"rendered":"https:\/\/creadivo.md\/?post_type=product&#038;p=56959"},"modified":"2026-03-27T00:51:33","modified_gmt":"2026-03-27T00:51:33","slug":"lavoar-pe-blat-belinda-mini-stone-mat","status":"publish","type":"product","link":"https:\/\/creadivo.md\/ru\/product\/lavoar-pe-blat-belinda-mini-stone-mat\/","title":{"rendered":"\u0423\u041c\u042b\u0412\u0410\u041b\u042c\u041d\u0418\u041a BELINDA MINI STONE MAT"},"content":{"rendered":"<p>Lavoar pe blat Belinda mini este o chiuvet\u0103 din Colec\u021bia Rea Slim. \u00cempreun\u0103 cu alte lavoare, formeaz\u0103 un set de lavoare cu linii sub\u021biri, construc\u021bie delicat\u0103 \u0219i u\u0219oar\u0103 \u0219i montaj pe blat. Belinda se va potrivi perfect at\u00e2t \u00een b\u0103ile moderne, c\u00e2t \u0219i \u00een cele clasice.<\/p>\n<div style=\"margin: 20px 0;\"><div class=\"qrcswholewtapper\" style=\"text-align:left;\"><div class=\"qrcprowrapper\"  id=\"qrcwraa2leds\"><div class=\"qrc_canvass\" id=\"qrc_cuttenpages_2\" style=\"display:inline-block\" data-text=\"https:\/\/creadivo.md\/ru\/product\/lavoar-pe-blat-belinda-mini-stone-mat\/\"><\/div><\/div><\/div><\/div>","protected":false},"excerpt":{"rendered":"<p>Lavoar pe blat Belinda mini este o chiuvet\u0103 din Colec\u021bia Rea Slim. \u00cempreun\u0103 cu alte lavoare, formeaz\u0103 un set de<\/p>","protected":false},"featured_media":56960,"template":"","meta":[],"product_brand":[],"product_cat":[21,286],"product_tag":[],"class_list":{"0":"post-56959","1":"product","2":"type-product","3":"status-publish","4":"has-post-thumbnail","6":"product_cat-lavoare","7":"product_cat-lavoar-pe-blat","8":"pa_gaura-baterie-nu","9":"pa_gaura-de-deversare-nu","10":"pa_marimea-360x250x115mm","12":"first","13":"instock","14":"purchasable","15":"product-type-simple"},"_links":{"self":[{"href":"https:\/\/creadivo.md\/ru\/wp-json\/wp\/v2\/product\/56959","targetHints":{"allow":["GET"]}}],"collection":[{"href":"https:\/\/creadivo.md\/ru\/wp-json\/wp\/v2\/product"}],"about":[{"href":"https:\/\/creadivo.md\/ru\/wp-json\/wp\/v2\/types\/product"}],"version-history":[{"count":0,"href":"https:\/\/creadivo.md\/ru\/wp-json\/wp\/v2\/product\/56959\/revisions"}],"wp:featuredmedia":[{"embeddable":true,"href":"https:\/\/creadivo.md\/ru\/wp-json\/wp\/v2\/media\/56960"}],"wp:attachment":[{"href":"https:\/\/creadivo.md\/ru\/wp-json\/wp\/v2\/media?parent=56959"}],"wp:term":[{"taxonomy":"product_brand","embeddable":true,"href":"https:\/\/creadivo.md\/ru\/wp-json\/wp\/v2\/product_brand?post=56959"},{"taxonomy":"product_cat","embeddable":true,"href":"https:\/\/creadivo.md\/ru\/wp-json\/wp\/v2\/product_cat?post=56959"},{"taxonomy":"product_tag","embeddable":true,"href":"https:\/\/creadivo.md\/ru\/wp-json\/wp\/v2\/product_tag?post=56959"}],"curies":[{"name":"wp","href":"https:\/\/api.w.org\/{rel}","templated":true}]}}