{"id":56973,"date":"2024-06-11T01:35:48","date_gmt":"2024-06-11T01:35:48","guid":{"rendered":"https:\/\/creadivo.md\/?post_type=product&#038;p=56973"},"modified":"2026-04-03T00:30:39","modified_gmt":"2026-04-03T00:30:39","slug":"lavoar-pe-blat-belinda-savana","status":"publish","type":"product","link":"https:\/\/creadivo.md\/ru\/product\/lavoar-pe-blat-belinda-savana\/","title":{"rendered":"\u0423\u041c\u042b\u0412\u0410\u041b\u042c\u041d\u0418\u041a BELINDA SAVANA"},"content":{"rendered":"<p>Lavoar pe blat Belinda impreuna cu alte lavoare, formeaza o colectie de lavoare cu linii subtiri, constructie delicata si usoara si montaj pe blat. Belinda se va potrivi perfect at\u00e2t \u00een b\u0103ile moderne, c\u00e2t \u0219i \u00een cele clasice. Cea mai \u00eenalt\u0103 calitate a ceramicii sanitare atrage aten\u021bia tuturor.<\/p>\n<div style=\"margin: 20px 0;\"><div class=\"qrcswholewtapper\" style=\"text-align:left;\"><div class=\"qrcprowrapper\"  id=\"qrcwraa2leds\"><div class=\"qrc_canvass\" id=\"qrc_cuttenpages_2\" style=\"display:inline-block\" data-text=\"https:\/\/creadivo.md\/ru\/product\/lavoar-pe-blat-belinda-savana\/\"><\/div><\/div><\/div><\/div>","protected":false},"excerpt":{"rendered":"<p>Lavoar pe blat Belinda impreuna cu alte lavoare, formeaza o colectie de lavoare cu linii subtiri, constructie delicata si usoara<\/p>","protected":false},"featured_media":56974,"template":"","meta":[],"product_brand":[],"product_cat":[286,21],"product_tag":[],"class_list":{"0":"post-56973","1":"product","2":"type-product","3":"status-publish","4":"has-post-thumbnail","6":"product_cat-lavoar-pe-blat","7":"product_cat-lavoare","8":"pa_gaura-baterie-nu","9":"pa_gaura-de-deversare-nu","10":"pa_marimea-470x335x135mm","12":"first","13":"instock","14":"purchasable","15":"product-type-simple"},"_links":{"self":[{"href":"https:\/\/creadivo.md\/ru\/wp-json\/wp\/v2\/product\/56973","targetHints":{"allow":["GET"]}}],"collection":[{"href":"https:\/\/creadivo.md\/ru\/wp-json\/wp\/v2\/product"}],"about":[{"href":"https:\/\/creadivo.md\/ru\/wp-json\/wp\/v2\/types\/product"}],"version-history":[{"count":0,"href":"https:\/\/creadivo.md\/ru\/wp-json\/wp\/v2\/product\/56973\/revisions"}],"wp:featuredmedia":[{"embeddable":true,"href":"https:\/\/creadivo.md\/ru\/wp-json\/wp\/v2\/media\/56974"}],"wp:attachment":[{"href":"https:\/\/creadivo.md\/ru\/wp-json\/wp\/v2\/media?parent=56973"}],"wp:term":[{"taxonomy":"product_brand","embeddable":true,"href":"https:\/\/creadivo.md\/ru\/wp-json\/wp\/v2\/product_brand?post=56973"},{"taxonomy":"product_cat","embeddable":true,"href":"https:\/\/creadivo.md\/ru\/wp-json\/wp\/v2\/product_cat?post=56973"},{"taxonomy":"product_tag","embeddable":true,"href":"https:\/\/creadivo.md\/ru\/wp-json\/wp\/v2\/product_tag?post=56973"}],"curies":[{"name":"wp","href":"https:\/\/api.w.org\/{rel}","templated":true}]}}