{"id":56980,"date":"2024-06-11T01:36:03","date_gmt":"2024-06-11T01:36:03","guid":{"rendered":"https:\/\/creadivo.md\/?post_type=product&#038;p=56980"},"modified":"2026-03-27T00:51:35","modified_gmt":"2026-03-27T00:51:35","slug":"lavoar-pe-blat-belinda-ash","status":"publish","type":"product","link":"https:\/\/creadivo.md\/ru\/product\/lavoar-pe-blat-belinda-ash\/","title":{"rendered":"\u0423\u041c\u042b\u0412\u0410\u041b\u042c\u041d\u0418\u041a BELINDA ASH"},"content":{"rendered":"<p>Lavoar pe blat Belinda dispune de un design cu imita\u021bie de marmur\u0103, care se integreaz\u0103 perfect \u00een orice stil de amenajare. Realizat din materiale de calitate, lavoarul este rezistent la zg\u00e2rieturi \u0219i uzur\u0103, asigur\u00e2nd o utilizare \u00eendelungat\u0103. Montarea lavoarului Belinda este simpl\u0103 \u0219i rapid\u0103, iar compatibilitatea cu baterii de lavoar standard \u00ee\u021bi permite s\u0103 alegi bateria potrivit\u0103 pentru gusturile \u0219i necesit\u0103\u021bile tale.<\/p>\n<div style=\"margin: 20px 0;\"><div class=\"qrcswholewtapper\" style=\"text-align:left;\"><div class=\"qrcprowrapper\"  id=\"qrcwraa2leds\"><div class=\"qrc_canvass\" id=\"qrc_cuttenpages_2\" style=\"display:inline-block\" data-text=\"https:\/\/creadivo.md\/ru\/product\/lavoar-pe-blat-belinda-ash\/\"><\/div><\/div><\/div><\/div>","protected":false},"excerpt":{"rendered":"<p>Lavoar pe blat Belinda dispune de un design cu imita\u021bie de marmur\u0103, care se integreaz\u0103 perfect \u00een orice stil de<\/p>","protected":false},"featured_media":56981,"template":"","meta":[],"product_brand":[],"product_cat":[21,286],"product_tag":[],"class_list":{"0":"post-56980","1":"product","2":"type-product","3":"status-publish","4":"has-post-thumbnail","6":"product_cat-lavoare","7":"product_cat-lavoar-pe-blat","8":"pa_gaura-baterie-nu","9":"pa_gaura-de-deversare-nu","10":"pa_marimea-465x335x135mm","12":"first","13":"instock","14":"purchasable","15":"product-type-simple"},"_links":{"self":[{"href":"https:\/\/creadivo.md\/ru\/wp-json\/wp\/v2\/product\/56980","targetHints":{"allow":["GET"]}}],"collection":[{"href":"https:\/\/creadivo.md\/ru\/wp-json\/wp\/v2\/product"}],"about":[{"href":"https:\/\/creadivo.md\/ru\/wp-json\/wp\/v2\/types\/product"}],"version-history":[{"count":0,"href":"https:\/\/creadivo.md\/ru\/wp-json\/wp\/v2\/product\/56980\/revisions"}],"wp:featuredmedia":[{"embeddable":true,"href":"https:\/\/creadivo.md\/ru\/wp-json\/wp\/v2\/media\/56981"}],"wp:attachment":[{"href":"https:\/\/creadivo.md\/ru\/wp-json\/wp\/v2\/media?parent=56980"}],"wp:term":[{"taxonomy":"product_brand","embeddable":true,"href":"https:\/\/creadivo.md\/ru\/wp-json\/wp\/v2\/product_brand?post=56980"},{"taxonomy":"product_cat","embeddable":true,"href":"https:\/\/creadivo.md\/ru\/wp-json\/wp\/v2\/product_cat?post=56980"},{"taxonomy":"product_tag","embeddable":true,"href":"https:\/\/creadivo.md\/ru\/wp-json\/wp\/v2\/product_tag?post=56980"}],"curies":[{"name":"wp","href":"https:\/\/api.w.org\/{rel}","templated":true}]}}