{"id":56994,"date":"2024-06-11T01:36:18","date_gmt":"2024-06-11T01:36:18","guid":{"rendered":"https:\/\/creadivo.md\/?post_type=product&#038;p=56994"},"modified":"2026-04-03T00:30:40","modified_gmt":"2026-04-03T00:30:40","slug":"lavoar-incorporat-mandy-white","status":"publish","type":"product","link":"https:\/\/creadivo.md\/ru\/product\/lavoar-incorporat-mandy-white\/","title":{"rendered":"\u0423\u041c\u042b\u0412\u0410\u041b\u042c\u041d\u0418\u041a \u0412\u0420\u0415\u0417\u041d\u041e\u0419 MANDY WHITE"},"content":{"rendered":"<p>O chiuvet\u0103 \u00eencasabil\u0103 conceput\u0103 pentru confort \u0219i func\u021bionalitate. Datorit\u0103 unei faze speciale de produc\u021bie, chiuveta este u\u0219or de cur\u0103\u021bat \u0219i confortabil \u00een utilizarea de zi cu zi. Designul modern \u0219i unic \u0219i calitatea \u00eenalt\u0103 a materialelor utilizate asigur\u0103 durabilitate \u0219i fiabilitate pentru mul\u021bi ani.<\/p>\n<div style=\"margin: 20px 0;\"><div class=\"qrcswholewtapper\" style=\"text-align:left;\"><div class=\"qrcprowrapper\"  id=\"qrcwraa2leds\"><div class=\"qrc_canvass\" id=\"qrc_cuttenpages_2\" style=\"display:inline-block\" data-text=\"https:\/\/creadivo.md\/ru\/product\/lavoar-incorporat-mandy-white\/\"><\/div><\/div><\/div><\/div>","protected":false},"excerpt":{"rendered":"<p>O chiuvet\u0103 \u00eencasabil\u0103 conceput\u0103 pentru confort \u0219i func\u021bionalitate. Datorit\u0103 unei faze speciale de produc\u021bie, chiuveta este u\u0219or de cur\u0103\u021bat \u0219i<\/p>","protected":false},"featured_media":56995,"template":"","meta":[],"product_brand":[],"product_cat":[21,287],"product_tag":[],"class_list":{"0":"post-56994","1":"product","2":"type-product","3":"status-publish","4":"has-post-thumbnail","6":"product_cat-lavoare","7":"product_cat-lovor-incorporat","8":"pa_gaura-baterie-da","9":"pa_gaura-de-deversare-da","10":"pa_marimea-600x460x180-mm","12":"first","13":"instock","14":"purchasable","15":"product-type-simple"},"_links":{"self":[{"href":"https:\/\/creadivo.md\/ru\/wp-json\/wp\/v2\/product\/56994","targetHints":{"allow":["GET"]}}],"collection":[{"href":"https:\/\/creadivo.md\/ru\/wp-json\/wp\/v2\/product"}],"about":[{"href":"https:\/\/creadivo.md\/ru\/wp-json\/wp\/v2\/types\/product"}],"version-history":[{"count":1,"href":"https:\/\/creadivo.md\/ru\/wp-json\/wp\/v2\/product\/56994\/revisions"}],"predecessor-version":[{"id":62387,"href":"https:\/\/creadivo.md\/ru\/wp-json\/wp\/v2\/product\/56994\/revisions\/62387"}],"wp:featuredmedia":[{"embeddable":true,"href":"https:\/\/creadivo.md\/ru\/wp-json\/wp\/v2\/media\/56995"}],"wp:attachment":[{"href":"https:\/\/creadivo.md\/ru\/wp-json\/wp\/v2\/media?parent=56994"}],"wp:term":[{"taxonomy":"product_brand","embeddable":true,"href":"https:\/\/creadivo.md\/ru\/wp-json\/wp\/v2\/product_brand?post=56994"},{"taxonomy":"product_cat","embeddable":true,"href":"https:\/\/creadivo.md\/ru\/wp-json\/wp\/v2\/product_cat?post=56994"},{"taxonomy":"product_tag","embeddable":true,"href":"https:\/\/creadivo.md\/ru\/wp-json\/wp\/v2\/product_tag?post=56994"}],"curies":[{"name":"wp","href":"https:\/\/api.w.org\/{rel}","templated":true}]}}