{"id":57196,"date":"2024-06-11T01:45:01","date_gmt":"2024-06-11T01:45:01","guid":{"rendered":"https:\/\/creadivo.md\/?post_type=product&#038;p=57196"},"modified":"2026-03-27T00:51:45","modified_gmt":"2026-03-27T00:51:45","slug":"suport-para-dus-01-gold-brush","status":"publish","type":"product","link":"https:\/\/creadivo.md\/ru\/product\/suport-para-dus-01-gold-brush\/","title":{"rendered":"\u0414\u0423\u0428\u0415\u0412\u0410\u042f \u0421\u0422\u041e\u0419\u041a\u0410 01 GOLD BRUSH"},"content":{"rendered":"<p>Un suport func\u021bional pentru cap de du\u0219, realizat din metal de \u00eenalt\u0103 calitate, cu finisaj auriu periat. Se potrive\u0219te perfect at\u00e2t \u00een robinetele de la cad\u0103, c\u00e2t \u0219i \u00een cele de la du\u0219. Kit de montare inclus. Minimalist \u0219i elegant, perfect pentru baia ta.<\/p>\n<div style=\"margin: 20px 0;\"><div class=\"qrcswholewtapper\" style=\"text-align:left;\"><div class=\"qrcprowrapper\"  id=\"qrcwraa2leds\"><div class=\"qrc_canvass\" id=\"qrc_cuttenpages_2\" style=\"display:inline-block\" data-text=\"https:\/\/creadivo.md\/ru\/product\/suport-para-dus-01-gold-brush\/\"><\/div><\/div><\/div><\/div>","protected":false},"excerpt":{"rendered":"<p>Un suport func\u021bional pentru cap de du\u0219, realizat din metal de \u00eenalt\u0103 calitate, cu finisaj auriu periat. Se potrive\u0219te perfect<\/p>","protected":false},"featured_media":57197,"template":"","meta":[],"product_brand":[],"product_cat":[100],"product_tag":[],"class_list":{"0":"post-57196","1":"product","2":"type-product","3":"status-publish","4":"has-post-thumbnail","6":"product_cat-coloane-de-dus","7":"pa_informatii-suplimentare-poate-fi-instalat-la-orice-inaltime","8":"pa_marimea-55x112x700mm","10":"first","11":"instock","12":"purchasable","13":"product-type-simple"},"_links":{"self":[{"href":"https:\/\/creadivo.md\/ru\/wp-json\/wp\/v2\/product\/57196","targetHints":{"allow":["GET"]}}],"collection":[{"href":"https:\/\/creadivo.md\/ru\/wp-json\/wp\/v2\/product"}],"about":[{"href":"https:\/\/creadivo.md\/ru\/wp-json\/wp\/v2\/types\/product"}],"version-history":[{"count":0,"href":"https:\/\/creadivo.md\/ru\/wp-json\/wp\/v2\/product\/57196\/revisions"}],"wp:featuredmedia":[{"embeddable":true,"href":"https:\/\/creadivo.md\/ru\/wp-json\/wp\/v2\/media\/57197"}],"wp:attachment":[{"href":"https:\/\/creadivo.md\/ru\/wp-json\/wp\/v2\/media?parent=57196"}],"wp:term":[{"taxonomy":"product_brand","embeddable":true,"href":"https:\/\/creadivo.md\/ru\/wp-json\/wp\/v2\/product_brand?post=57196"},{"taxonomy":"product_cat","embeddable":true,"href":"https:\/\/creadivo.md\/ru\/wp-json\/wp\/v2\/product_cat?post=57196"},{"taxonomy":"product_tag","embeddable":true,"href":"https:\/\/creadivo.md\/ru\/wp-json\/wp\/v2\/product_tag?post=57196"}],"curies":[{"name":"wp","href":"https:\/\/api.w.org\/{rel}","templated":true}]}}