{"id":57218,"date":"2024-06-11T01:45:17","date_gmt":"2024-06-11T01:45:17","guid":{"rendered":"https:\/\/creadivo.md\/?post_type=product&#038;p=57218"},"modified":"2026-03-27T00:51:46","modified_gmt":"2026-03-27T00:51:46","slug":"baterie-pentru-baie-bucatarie-venice-antique-bronze","status":"publish","type":"product","link":"https:\/\/creadivo.md\/ru\/product\/baterie-pentru-baie-bucatarie-venice-antique-bronze\/","title":{"rendered":"\u0421\u041c\u0415\u0421\u0418\u0422\u0415\u041b\u042c \u0414\u041b\u042f \u0412\u0410\u041d\u041d\u042b \u0418 \u041a\u0423\u0425\u041d\u0418 VENICE ANTIQUE BRONZE"},"content":{"rendered":"<p>V\u0103 prezent\u0103m o baterie extrem de frumoas\u0103 \u0219i unic\u0103, cu pip\u0103 pivotant\u0103. Stilul retro realizat \u00een cele din urm\u0103 cu elemente vizuale din alam\u0103 va sublinia unicitatea fiec\u0103rei b\u0103i sau buc\u0103t\u0103rie. Baterie Venice este proiectat\u0103 pentru a fi montat\u0103 pe blat sau chiuvet\u0103. Capul folosit la aceasta baterie este extrem de rezistent datorita materialului ceramic folosit.<\/p>\n<div style=\"margin: 20px 0;\"><div class=\"qrcswholewtapper\" style=\"text-align:left;\"><div class=\"qrcprowrapper\"  id=\"qrcwraa2leds\"><div class=\"qrc_canvass\" id=\"qrc_cuttenpages_2\" style=\"display:inline-block\" data-text=\"https:\/\/creadivo.md\/ru\/product\/baterie-pentru-baie-bucatarie-venice-antique-bronze\/\"><\/div><\/div><\/div><\/div>","protected":false},"excerpt":{"rendered":"<p>V\u0103 prezent\u0103m o baterie extrem de frumoas\u0103 \u0219i unic\u0103, cu pip\u0103 pivotant\u0103. Stilul retro realizat \u00een cele din urm\u0103 cu<\/p>","protected":false},"featured_media":57219,"template":"","meta":[],"product_brand":[],"product_cat":[289,101],"product_tag":[],"class_list":{"0":"post-57218","1":"product","2":"type-product","3":"status-publish","4":"has-post-thumbnail","6":"product_cat-pentru-lavoar","7":"product_cat-robinete-de-bucatarie","8":"pa_cap-ceramica-cu-mixer","9":"pa_conexiune-3-8-inch","10":"pa_inaltime-320-mm","11":"pa_informatii-suplimentare-duza-mobila-si-aerator-de-aerare","12":"pa_instalare-pentru-o-chiuveta-chiuveta-sau-blat","14":"first","15":"instock","16":"purchasable","17":"product-type-simple"},"_links":{"self":[{"href":"https:\/\/creadivo.md\/ru\/wp-json\/wp\/v2\/product\/57218","targetHints":{"allow":["GET"]}}],"collection":[{"href":"https:\/\/creadivo.md\/ru\/wp-json\/wp\/v2\/product"}],"about":[{"href":"https:\/\/creadivo.md\/ru\/wp-json\/wp\/v2\/types\/product"}],"version-history":[{"count":0,"href":"https:\/\/creadivo.md\/ru\/wp-json\/wp\/v2\/product\/57218\/revisions"}],"wp:featuredmedia":[{"embeddable":true,"href":"https:\/\/creadivo.md\/ru\/wp-json\/wp\/v2\/media\/57219"}],"wp:attachment":[{"href":"https:\/\/creadivo.md\/ru\/wp-json\/wp\/v2\/media?parent=57218"}],"wp:term":[{"taxonomy":"product_brand","embeddable":true,"href":"https:\/\/creadivo.md\/ru\/wp-json\/wp\/v2\/product_brand?post=57218"},{"taxonomy":"product_cat","embeddable":true,"href":"https:\/\/creadivo.md\/ru\/wp-json\/wp\/v2\/product_cat?post=57218"},{"taxonomy":"product_tag","embeddable":true,"href":"https:\/\/creadivo.md\/ru\/wp-json\/wp\/v2\/product_tag?post=57218"}],"curies":[{"name":"wp","href":"https:\/\/api.w.org\/{rel}","templated":true}]}}