{"id":57233,"date":"2024-06-11T01:45:50","date_gmt":"2024-06-11T01:45:50","guid":{"rendered":"https:\/\/creadivo.md\/?post_type=product&#038;p=57233"},"modified":"2024-12-19T03:48:48","modified_gmt":"2024-12-19T03:48:48","slug":"baterie-lavoar-monaco-gold-low","status":"publish","type":"product","link":"https:\/\/creadivo.md\/ru\/product\/baterie-lavoar-monaco-gold-low\/","title":{"rendered":"\u0421\u041c\u0415\u0421\u0418\u0422\u0415\u041b\u042c \u0414\u041b\u042f \u0423\u041c\u042b\u0412\u0410\u041b\u042c\u041d\u0418\u041a\u0410 MONACO GOLD LOW"},"content":{"rendered":"<p>Va prezentam bateriile Monaco, esenta luxului in baie. Suprafa\u021ba aurie \u0219i decora\u021biunile delicate creeaz\u0103 un accent unic, subliniind stilul unic al b\u0103ii. Robinetul este realizat din materiale de cea mai \u00eenalt\u0103 calitate, asigur\u00e2nd nu numai estetic\u0103, ci \u0219i durabilitate \u0219i fiabilitate pentru mul\u021bi ani. Nu este doar un produs func\u021bional &#8211; este o expresie a perfec\u021biunii \u0219i a stilului atemporal.<\/p>\n<p>Ofer\u0103 b\u0103ii tale o doz\u0103 de lux modern cu robinetul nostru exclusiv pentru lavoar, care nu numai c\u0103 impresioneaz\u0103 prin stilul s\u0103u, dar reprezint\u0103 \u0219i perfec\u021biunea \u0219i designul rafinat.<\/p>\n<div style=\"margin: 20px 0;\"><div class=\"qrcswholewtapper\" style=\"text-align:left;\"><div class=\"qrcprowrapper\"  id=\"qrcwraa2leds\"><div class=\"qrc_canvass\" id=\"qrc_cuttenpages_2\" style=\"display:inline-block\" data-text=\"https:\/\/creadivo.md\/ru\/product\/baterie-lavoar-monaco-gold-low\/\"><\/div><\/div><\/div><\/div>","protected":false},"excerpt":{"rendered":"<p>Va prezentam bateriile Monaco, esenta luxului in baie. Suprafa\u021ba aurie \u0219i decora\u021biunile delicate creeaz\u0103 un accent unic, subliniind stilul unic<\/p>","protected":false},"featured_media":57234,"template":"","meta":[],"product_brand":[],"product_cat":[289],"product_tag":[],"class_list":{"0":"post-57233","1":"product","2":"type-product","3":"status-publish","4":"has-post-thumbnail","6":"product_cat-pentru-lavoar","7":"pa_cap-ceramica-cu-mixer","8":"pa_conexiune-3-8-inch","9":"pa_inaltime-170-mm","10":"pa_informatii-suplimentare-duza-fixa-aerator-de-aerare","11":"pa_instalare-pentru-lavoar-sau-blat","13":"first","14":"instock","15":"purchasable","16":"product-type-simple"},"_links":{"self":[{"href":"https:\/\/creadivo.md\/ru\/wp-json\/wp\/v2\/product\/57233","targetHints":{"allow":["GET"]}}],"collection":[{"href":"https:\/\/creadivo.md\/ru\/wp-json\/wp\/v2\/product"}],"about":[{"href":"https:\/\/creadivo.md\/ru\/wp-json\/wp\/v2\/types\/product"}],"version-history":[{"count":0,"href":"https:\/\/creadivo.md\/ru\/wp-json\/wp\/v2\/product\/57233\/revisions"}],"wp:featuredmedia":[{"embeddable":true,"href":"https:\/\/creadivo.md\/ru\/wp-json\/wp\/v2\/media\/57234"}],"wp:attachment":[{"href":"https:\/\/creadivo.md\/ru\/wp-json\/wp\/v2\/media?parent=57233"}],"wp:term":[{"taxonomy":"product_brand","embeddable":true,"href":"https:\/\/creadivo.md\/ru\/wp-json\/wp\/v2\/product_brand?post=57233"},{"taxonomy":"product_cat","embeddable":true,"href":"https:\/\/creadivo.md\/ru\/wp-json\/wp\/v2\/product_cat?post=57233"},{"taxonomy":"product_tag","embeddable":true,"href":"https:\/\/creadivo.md\/ru\/wp-json\/wp\/v2\/product_tag?post=57233"}],"curies":[{"name":"wp","href":"https:\/\/api.w.org\/{rel}","templated":true}]}}