{"id":57290,"date":"2024-06-11T01:47:41","date_gmt":"2024-06-11T01:47:41","guid":{"rendered":"https:\/\/creadivo.md\/?post_type=product&#038;p=57290"},"modified":"2026-03-27T00:51:49","modified_gmt":"2026-03-27T00:51:49","slug":"vas-toaleta-julio-black-matt","status":"publish","type":"product","link":"https:\/\/creadivo.md\/ru\/product\/vas-toaleta-julio-black-matt\/","title":{"rendered":"\u041f\u041e\u0414\u0412\u0415\u0421\u041d\u041e\u0419 \u0423\u041d\u0418\u0422\u0410\u0417 JULIO BLACK MATT"},"content":{"rendered":"<p>Va prezentam un vas de toaleta frumos, extrem de functional si modern. Iti va umple perfect spatiul de baie, pastrand in acelasi timp aspectul si estetica impecabila a interiorului. Vasul este realizat din ceramic\u0103 sanitar\u0103 de \u00eenalt\u0103 calitate. Datorit\u0103 unei faze speciale de produc\u021bie, este durabil \u0219i u\u0219or de p\u0103strat curat. Sistemul inovator Rimless pe care l-am folosit la producerea vaselor noastre de toalet\u0103 este r\u0103spunsul la toate problemele tale existente legate de men\u021binerea igienei, cur\u0103\u021beniei \u0219i esteticii \u00een baie.<\/p>\n<div style=\"margin: 20px 0;\"><div class=\"qrcswholewtapper\" style=\"text-align:left;\"><div class=\"qrcprowrapper\"  id=\"qrcwraa2leds\"><div class=\"qrc_canvass\" id=\"qrc_cuttenpages_2\" style=\"display:inline-block\" data-text=\"https:\/\/creadivo.md\/ru\/product\/vas-toaleta-julio-black-matt\/\"><\/div><\/div><\/div><\/div>","protected":false},"excerpt":{"rendered":"<p>Va prezentam un vas de toaleta frumos, extrem de functional si modern. Iti va umple perfect spatiul de baie, pastrand<\/p>","protected":false},"featured_media":57291,"template":"","meta":[],"product_brand":[],"product_cat":[91],"product_tag":[],"class_list":{"0":"post-57290","1":"product","2":"type-product","3":"status-publish","4":"has-post-thumbnail","6":"product_cat-vase-wc-suspendate","7":"pa_informatii-suplimentare-vas-fara-rama-dimensiune-conexiune-140-mm","8":"pa_marimea-520x360x315mm","9":"pa_slow-drop-board-da","10":"pa_tip-placa-duroplast","12":"first","13":"instock","14":"purchasable","15":"product-type-simple"},"_links":{"self":[{"href":"https:\/\/creadivo.md\/ru\/wp-json\/wp\/v2\/product\/57290","targetHints":{"allow":["GET"]}}],"collection":[{"href":"https:\/\/creadivo.md\/ru\/wp-json\/wp\/v2\/product"}],"about":[{"href":"https:\/\/creadivo.md\/ru\/wp-json\/wp\/v2\/types\/product"}],"version-history":[{"count":0,"href":"https:\/\/creadivo.md\/ru\/wp-json\/wp\/v2\/product\/57290\/revisions"}],"wp:featuredmedia":[{"embeddable":true,"href":"https:\/\/creadivo.md\/ru\/wp-json\/wp\/v2\/media\/57291"}],"wp:attachment":[{"href":"https:\/\/creadivo.md\/ru\/wp-json\/wp\/v2\/media?parent=57290"}],"wp:term":[{"taxonomy":"product_brand","embeddable":true,"href":"https:\/\/creadivo.md\/ru\/wp-json\/wp\/v2\/product_brand?post=57290"},{"taxonomy":"product_cat","embeddable":true,"href":"https:\/\/creadivo.md\/ru\/wp-json\/wp\/v2\/product_cat?post=57290"},{"taxonomy":"product_tag","embeddable":true,"href":"https:\/\/creadivo.md\/ru\/wp-json\/wp\/v2\/product_tag?post=57290"}],"curies":[{"name":"wp","href":"https:\/\/api.w.org\/{rel}","templated":true}]}}