{"id":57319,"date":"2024-06-11T01:48:46","date_gmt":"2024-06-11T01:48:46","guid":{"rendered":"https:\/\/creadivo.md\/?post_type=product&#038;p=57319"},"modified":"2026-03-27T00:51:52","modified_gmt":"2026-03-27T00:51:52","slug":"lavoar-pe-blat-naomi","status":"publish","type":"product","link":"https:\/\/creadivo.md\/ru\/product\/lavoar-pe-blat-naomi\/","title":{"rendered":"\u0423\u041c\u042b\u0412\u0410\u041b\u042c\u041d\u0418\u041a NAOMI"},"content":{"rendered":"<p>Oferim o chiuvet\u0103 de blat Naomi inovatoare \u0219i func\u021bional\u0103, care captiveaz\u0103 de fiecare dat\u0103 prin linia sa sub\u021bire. Lavoarul este pe blat \u0219i pe perete, deci poate fi montat pe blat sau pe perete. Pentru produc\u021bie a fost folosit\u0103 ceramic\u0103 sanitar\u0103 de cea mai \u00eenalt\u0103 calitate de culoare alb\u0103 ca z\u0103pada. Aspectul s\u0103u extraordinar se va potrivi perfect \u00een orice baie.<\/p>\n<div style=\"margin: 20px 0;\"><div class=\"qrcswholewtapper\" style=\"text-align:left;\"><div class=\"qrcprowrapper\"  id=\"qrcwraa2leds\"><div class=\"qrc_canvass\" id=\"qrc_cuttenpages_2\" style=\"display:inline-block\" data-text=\"https:\/\/creadivo.md\/ru\/product\/lavoar-pe-blat-naomi\/\"><\/div><\/div><\/div><\/div>","protected":false},"excerpt":{"rendered":"<p>Oferim o chiuvet\u0103 de blat Naomi inovatoare \u0219i func\u021bional\u0103, care captiveaz\u0103 de fiecare dat\u0103 prin linia sa sub\u021bire. Lavoarul este<\/p>","protected":false},"featured_media":57320,"template":"","meta":[],"product_brand":[],"product_cat":[21,286],"product_tag":[],"class_list":{"0":"post-57319","1":"product","2":"type-product","3":"status-publish","4":"has-post-thumbnail","6":"product_cat-lavoare","7":"product_cat-lavoar-pe-blat","8":"pa_gaura-baterie-da","9":"pa_gaura-de-deversare-nu","10":"pa_marimea-455x285x105-mm","12":"first","13":"instock","14":"purchasable","15":"product-type-simple"},"_links":{"self":[{"href":"https:\/\/creadivo.md\/ru\/wp-json\/wp\/v2\/product\/57319","targetHints":{"allow":["GET"]}}],"collection":[{"href":"https:\/\/creadivo.md\/ru\/wp-json\/wp\/v2\/product"}],"about":[{"href":"https:\/\/creadivo.md\/ru\/wp-json\/wp\/v2\/types\/product"}],"version-history":[{"count":0,"href":"https:\/\/creadivo.md\/ru\/wp-json\/wp\/v2\/product\/57319\/revisions"}],"wp:featuredmedia":[{"embeddable":true,"href":"https:\/\/creadivo.md\/ru\/wp-json\/wp\/v2\/media\/57320"}],"wp:attachment":[{"href":"https:\/\/creadivo.md\/ru\/wp-json\/wp\/v2\/media?parent=57319"}],"wp:term":[{"taxonomy":"product_brand","embeddable":true,"href":"https:\/\/creadivo.md\/ru\/wp-json\/wp\/v2\/product_brand?post=57319"},{"taxonomy":"product_cat","embeddable":true,"href":"https:\/\/creadivo.md\/ru\/wp-json\/wp\/v2\/product_cat?post=57319"},{"taxonomy":"product_tag","embeddable":true,"href":"https:\/\/creadivo.md\/ru\/wp-json\/wp\/v2\/product_tag?post=57319"}],"curies":[{"name":"wp","href":"https:\/\/api.w.org\/{rel}","templated":true}]}}