{"id":57522,"date":"2024-06-11T01:51:51","date_gmt":"2024-06-11T01:51:51","guid":{"rendered":"https:\/\/creadivo.md\/?post_type=product&#038;p=57522"},"modified":"2026-04-11T00:31:04","modified_gmt":"2026-04-11T00:31:04","slug":"set-de-dus-incastrat-lungo-gold-brush-cu-termostatbox","status":"publish","type":"product","link":"https:\/\/creadivo.md\/ru\/product\/set-de-dus-incastrat-lungo-gold-brush-cu-termostatbox\/","title":{"rendered":"\u0414\u0423\u0428\u0415\u0412\u0410\u042f \u0421\u0418\u0421\u0422\u0415\u041c\u0410 LUNGO GOLD BRUSH \u0422\u0415\u0420\u041c\u041e\u0421\u0422\u0410\u0422+BOX"},"content":{"rendered":"<p>V\u0103 prezent\u0103m \u00een aten\u021bie setul de du\u0219 din seria Lungo. Datorit\u0103 versatilit\u0103\u021bii \u0219i calit\u0103\u021bilor estetice uimitoare, setul este o alegere excelent\u0103 pentru proprietarii oric\u0103rei b\u0103i. Forma la mod\u0103 a elementelor de deasupra tencuielii a fost acoperit\u0103 cu un strat de 4 ori de cea mai \u00eenalt\u0103 calitate. Datorit\u0103 acestei tehnici, bateria este protejat\u0103 de coroziune \u0219i decolorare. Kitul include un du\u0219 cu efect de ploaie rotund ultra-sub\u021bire de 2 mm, o baterie cu celule, un dispozitiv de c\u00e2nt\u0103rire cu c\u0103\u0219ti \u0219i un kit de puncte. Setul este ideal pentru persoanele care caut\u0103 solu\u021bii neobi\u0219nuite \u0219i doresc s\u0103 creeze o baie original\u0103 \u0219i unic\u0103 a viselor lor.<\/p>\n<div style=\"margin: 20px 0;\"><div class=\"qrcswholewtapper\" style=\"text-align:left;\"><div class=\"qrcprowrapper\"  id=\"qrcwraa2leds\"><div class=\"qrc_canvass\" id=\"qrc_cuttenpages_2\" style=\"display:inline-block\" data-text=\"https:\/\/creadivo.md\/ru\/product\/set-de-dus-incastrat-lungo-gold-brush-cu-termostatbox\/\"><\/div><\/div><\/div><\/div>","protected":false},"excerpt":{"rendered":"<p>V\u0103 prezent\u0103m \u00een aten\u021bie setul de du\u0219 din seria Lungo. Datorit\u0103 versatilit\u0103\u021bii \u0219i calit\u0103\u021bilor estetice uimitoare, setul este o alegere<\/p>","protected":false},"featured_media":57523,"template":"","meta":[],"product_brand":[],"product_cat":[1650,2085],"product_tag":[],"class_list":{"0":"post-57522","1":"product","2":"type-product","3":"status-publish","4":"has-post-thumbnail","6":"product_cat-seturi-de-dus","7":"product_cat-sisteme-de-dus","9":"first","10":"instock","11":"purchasable","12":"product-type-simple"},"_links":{"self":[{"href":"https:\/\/creadivo.md\/ru\/wp-json\/wp\/v2\/product\/57522","targetHints":{"allow":["GET"]}}],"collection":[{"href":"https:\/\/creadivo.md\/ru\/wp-json\/wp\/v2\/product"}],"about":[{"href":"https:\/\/creadivo.md\/ru\/wp-json\/wp\/v2\/types\/product"}],"version-history":[{"count":1,"href":"https:\/\/creadivo.md\/ru\/wp-json\/wp\/v2\/product\/57522\/revisions"}],"predecessor-version":[{"id":64252,"href":"https:\/\/creadivo.md\/ru\/wp-json\/wp\/v2\/product\/57522\/revisions\/64252"}],"wp:featuredmedia":[{"embeddable":true,"href":"https:\/\/creadivo.md\/ru\/wp-json\/wp\/v2\/media\/57523"}],"wp:attachment":[{"href":"https:\/\/creadivo.md\/ru\/wp-json\/wp\/v2\/media?parent=57522"}],"wp:term":[{"taxonomy":"product_brand","embeddable":true,"href":"https:\/\/creadivo.md\/ru\/wp-json\/wp\/v2\/product_brand?post=57522"},{"taxonomy":"product_cat","embeddable":true,"href":"https:\/\/creadivo.md\/ru\/wp-json\/wp\/v2\/product_cat?post=57522"},{"taxonomy":"product_tag","embeddable":true,"href":"https:\/\/creadivo.md\/ru\/wp-json\/wp\/v2\/product_tag?post=57522"}],"curies":[{"name":"wp","href":"https:\/\/api.w.org\/{rel}","templated":true}]}}