{"id":57526,"date":"2024-06-11T01:51:55","date_gmt":"2024-06-11T01:51:55","guid":{"rendered":"https:\/\/creadivo.md\/?post_type=product&#038;p=57526"},"modified":"2026-03-31T00:31:27","modified_gmt":"2026-03-31T00:31:27","slug":"paravan-pentru-cada-agat-gold-brush-100","status":"publish","type":"product","link":"https:\/\/creadivo.md\/ru\/product\/paravan-pentru-cada-agat-gold-brush-100\/","title":{"rendered":"\u0428\u0422\u041e\u0420\u041a\u0410 \u0414\u041b\u042f \u0412\u0410\u041d\u041d\u042b AGAT GOLD BRUSH 100"},"content":{"rendered":"<p>Un paravan pentru cad\u0103 elegant v\u0103 va permite s\u0103 v\u0103 transforma\u021bi cada \u00eentr-o cabin\u0103 de du\u0219, \u00eempiedic\u00e2nd apa s\u0103 stropeasc\u0103 \u0219i \u00eembun\u0103t\u0103\u021bind propriet\u0103\u021bile sale vizuale. Datorit\u0103 structurii simple \u0219i construc\u021biei unui singur geam de sticl\u0103, va fi o alegere ideal\u0103 pentru orice baie \u0219i, datorit\u0103 ansamblului s\u0103u universal, poate fi montat pe partea dreapt\u0103 \u0219i st\u00e2nga a c\u0103zii.<\/p>\n<div style=\"margin: 20px 0;\"><div class=\"qrcswholewtapper\" style=\"text-align:left;\"><div class=\"qrcprowrapper\"  id=\"qrcwraa2leds\"><div class=\"qrc_canvass\" id=\"qrc_cuttenpages_2\" style=\"display:inline-block\" data-text=\"https:\/\/creadivo.md\/ru\/product\/paravan-pentru-cada-agat-gold-brush-100\/\"><\/div><\/div><\/div><\/div>","protected":false},"excerpt":{"rendered":"<p>Un paravan pentru cad\u0103 elegant v\u0103 va permite s\u0103 v\u0103 transforma\u021bi cada \u00eentr-o cabin\u0103 de du\u0219, \u00eempiedic\u00e2nd apa s\u0103 stropeasc\u0103<\/p>","protected":false},"featured_media":57527,"template":"","meta":[],"product_brand":[],"product_cat":[2068],"product_tag":[],"class_list":{"0":"post-57526","1":"product","2":"type-product","3":"status-publish","4":"has-post-thumbnail","6":"product_cat-paravane-pentru-cazi-de-baie","8":"first","9":"instock","10":"purchasable","11":"product-type-simple"},"_links":{"self":[{"href":"https:\/\/creadivo.md\/ru\/wp-json\/wp\/v2\/product\/57526","targetHints":{"allow":["GET"]}}],"collection":[{"href":"https:\/\/creadivo.md\/ru\/wp-json\/wp\/v2\/product"}],"about":[{"href":"https:\/\/creadivo.md\/ru\/wp-json\/wp\/v2\/types\/product"}],"version-history":[{"count":0,"href":"https:\/\/creadivo.md\/ru\/wp-json\/wp\/v2\/product\/57526\/revisions"}],"wp:featuredmedia":[{"embeddable":true,"href":"https:\/\/creadivo.md\/ru\/wp-json\/wp\/v2\/media\/57527"}],"wp:attachment":[{"href":"https:\/\/creadivo.md\/ru\/wp-json\/wp\/v2\/media?parent=57526"}],"wp:term":[{"taxonomy":"product_brand","embeddable":true,"href":"https:\/\/creadivo.md\/ru\/wp-json\/wp\/v2\/product_brand?post=57526"},{"taxonomy":"product_cat","embeddable":true,"href":"https:\/\/creadivo.md\/ru\/wp-json\/wp\/v2\/product_cat?post=57526"},{"taxonomy":"product_tag","embeddable":true,"href":"https:\/\/creadivo.md\/ru\/wp-json\/wp\/v2\/product_tag?post=57526"}],"curies":[{"name":"wp","href":"https:\/\/api.w.org\/{rel}","templated":true}]}}