{"id":57616,"date":"2024-06-11T01:53:12","date_gmt":"2024-06-11T01:53:12","guid":{"rendered":"https:\/\/creadivo.md\/?post_type=product&#038;p=57616"},"modified":"2024-12-20T10:54:32","modified_gmt":"2024-12-20T10:54:32","slug":"perie-wc-erlo-gold-brush","status":"publish","type":"product","link":"https:\/\/creadivo.md\/ru\/product\/perie-wc-erlo-gold-brush\/","title":{"rendered":"\u0401\u0420\u0428\u0418\u041a \u0414\u041b\u042f \u0423\u041d\u0418\u0422\u0410\u0417\u0410 GOLD BRUSH"},"content":{"rendered":"<p>Un suport practic pentru perie de WC v\u0103 va ajuta s\u0103 v\u0103 p\u0103stra\u021bi baia \u00eengrijit\u0103 \u0219i ordonat\u0103 \u0219i, datorit\u0103 designului s\u0103u modern, va oferi \u0219i un element decorativ al b\u0103ii dumneavoastr\u0103. Manerul cu peria este realizat din materiale usoare dar foarte rezistente.<\/p>\n<div style=\"margin: 20px 0;\"><div class=\"qrcswholewtapper\" style=\"text-align:left;\"><div class=\"qrcprowrapper\"  id=\"qrcwraa2leds\"><div class=\"qrc_canvass\" id=\"qrc_cuttenpages_2\" style=\"display:inline-block\" data-text=\"https:\/\/creadivo.md\/ru\/product\/perie-wc-erlo-gold-brush\/\"><\/div><\/div><\/div><\/div>","protected":false},"excerpt":{"rendered":"<p>Un suport practic pentru perie de WC v\u0103 va ajuta s\u0103 v\u0103 p\u0103stra\u021bi baia \u00eengrijit\u0103 \u0219i ordonat\u0103 \u0219i, datorit\u0103 designului<\/p>","protected":false},"featured_media":57617,"template":"","meta":[],"product_brand":[],"product_cat":[27,103],"product_tag":[],"class_list":{"0":"post-57616","1":"product","2":"type-product","3":"status-publish","4":"has-post-thumbnail","6":"product_cat-accesorii-pentru-casa","7":"product_cat-accesorii-de-baie","9":"first","10":"outofstock","11":"purchasable","12":"product-type-simple"},"_links":{"self":[{"href":"https:\/\/creadivo.md\/ru\/wp-json\/wp\/v2\/product\/57616","targetHints":{"allow":["GET"]}}],"collection":[{"href":"https:\/\/creadivo.md\/ru\/wp-json\/wp\/v2\/product"}],"about":[{"href":"https:\/\/creadivo.md\/ru\/wp-json\/wp\/v2\/types\/product"}],"version-history":[{"count":0,"href":"https:\/\/creadivo.md\/ru\/wp-json\/wp\/v2\/product\/57616\/revisions"}],"wp:featuredmedia":[{"embeddable":true,"href":"https:\/\/creadivo.md\/ru\/wp-json\/wp\/v2\/media\/57617"}],"wp:attachment":[{"href":"https:\/\/creadivo.md\/ru\/wp-json\/wp\/v2\/media?parent=57616"}],"wp:term":[{"taxonomy":"product_brand","embeddable":true,"href":"https:\/\/creadivo.md\/ru\/wp-json\/wp\/v2\/product_brand?post=57616"},{"taxonomy":"product_cat","embeddable":true,"href":"https:\/\/creadivo.md\/ru\/wp-json\/wp\/v2\/product_cat?post=57616"},{"taxonomy":"product_tag","embeddable":true,"href":"https:\/\/creadivo.md\/ru\/wp-json\/wp\/v2\/product_tag?post=57616"}],"curies":[{"name":"wp","href":"https:\/\/api.w.org\/{rel}","templated":true}]}}