{"id":57620,"date":"2024-06-11T01:53:15","date_gmt":"2024-06-11T01:53:15","guid":{"rendered":"https:\/\/creadivo.md\/?post_type=product&#038;p=57620"},"modified":"2025-09-01T09:51:16","modified_gmt":"2025-09-01T09:51:16","slug":"suport-hartie-igienica-oste-gold","status":"publish","type":"product","link":"https:\/\/creadivo.md\/ru\/product\/suport-hartie-igienica-oste-gold\/","title":{"rendered":"\u0414\u0415\u0420\u0416\u0410\u0422\u0415\u041b\u042c \u0414\u041b\u042f \u0422\u0423\u0410\u041b\u0415\u0422\u041d\u041e\u0419 \u0411\u0423\u041c\u0410\u0413\u0418 OSTE GOLD"},"content":{"rendered":"<p>Un suport practic de h\u00e2rtie va men\u021bine baia ta \u00eengrijit\u0103 \u0219i ordonat\u0103, iar designul s\u0103u modern va fi un element decorativ suplimentar al b\u0103ii tale. In acelasi timp, materialele usoare si foarte rezistente fac manerul perfect pentru baie.<\/p>\n<div style=\"margin: 20px 0;\"><div class=\"qrcswholewtapper\" style=\"text-align:left;\"><div class=\"qrcprowrapper\"  id=\"qrcwraa2leds\"><div class=\"qrc_canvass\" id=\"qrc_cuttenpages_2\" style=\"display:inline-block\" data-text=\"https:\/\/creadivo.md\/ru\/product\/suport-hartie-igienica-oste-gold\/\"><\/div><\/div><\/div><\/div>","protected":false},"excerpt":{"rendered":"<p>Un suport practic de h\u00e2rtie va men\u021bine baia ta \u00eengrijit\u0103 \u0219i ordonat\u0103, iar designul s\u0103u modern va fi un element<\/p>","protected":false},"featured_media":57621,"template":"","meta":[],"product_brand":[],"product_cat":[2061,27],"product_tag":[],"class_list":{"0":"post-57620","1":"product","2":"type-product","3":"status-publish","4":"has-post-thumbnail","6":"product_cat-suporturi-hartie-igienica-in-moldova","7":"product_cat-accesorii-pentru-casa","9":"first","10":"outofstock","11":"purchasable","12":"product-type-simple"},"_links":{"self":[{"href":"https:\/\/creadivo.md\/ru\/wp-json\/wp\/v2\/product\/57620","targetHints":{"allow":["GET"]}}],"collection":[{"href":"https:\/\/creadivo.md\/ru\/wp-json\/wp\/v2\/product"}],"about":[{"href":"https:\/\/creadivo.md\/ru\/wp-json\/wp\/v2\/types\/product"}],"version-history":[{"count":0,"href":"https:\/\/creadivo.md\/ru\/wp-json\/wp\/v2\/product\/57620\/revisions"}],"wp:featuredmedia":[{"embeddable":true,"href":"https:\/\/creadivo.md\/ru\/wp-json\/wp\/v2\/media\/57621"}],"wp:attachment":[{"href":"https:\/\/creadivo.md\/ru\/wp-json\/wp\/v2\/media?parent=57620"}],"wp:term":[{"taxonomy":"product_brand","embeddable":true,"href":"https:\/\/creadivo.md\/ru\/wp-json\/wp\/v2\/product_brand?post=57620"},{"taxonomy":"product_cat","embeddable":true,"href":"https:\/\/creadivo.md\/ru\/wp-json\/wp\/v2\/product_cat?post=57620"},{"taxonomy":"product_tag","embeddable":true,"href":"https:\/\/creadivo.md\/ru\/wp-json\/wp\/v2\/product_tag?post=57620"}],"curies":[{"name":"wp","href":"https:\/\/api.w.org\/{rel}","templated":true}]}}