{"id":57660,"date":"2024-06-11T01:53:45","date_gmt":"2024-06-11T01:53:45","guid":{"rendered":"https:\/\/creadivo.md\/?post_type=product&#038;p=57660"},"modified":"2026-03-27T01:00:18","modified_gmt":"2026-03-27T01:00:18","slug":"cadita-dus-bazalt-grey-90x90","status":"publish","type":"product","link":"https:\/\/creadivo.md\/ru\/product\/cadita-dus-bazalt-grey-90x90\/","title":{"rendered":"\u0414\u0423\u0428\u0415\u0412\u041e\u0419 \u041f\u041e\u0414\u0414\u041e\u041d BAZALT GREY 90\u00d790"},"content":{"rendered":"<p>V\u0103 prezent\u0103m o c\u0103di\u021b\u0103 de du\u0219 frumoas\u0103 \u0219i extrem de func\u021bional\u0103. Este un produs care v\u0103 va umple perfect spa\u021biul din baie, men\u021bin\u00e2nd \u00een acela\u0219i timp aspectul \u0219i estetica perfect\u0103 a interiorului. C\u0103di\u021ba de dus este rezistenta la deteriorari si zgarieturi.<\/p>\n<div style=\"margin: 20px 0;\"><div class=\"qrcswholewtapper\" style=\"text-align:left;\"><div class=\"qrcprowrapper\"  id=\"qrcwraa2leds\"><div class=\"qrc_canvass\" id=\"qrc_cuttenpages_2\" style=\"display:inline-block\" data-text=\"https:\/\/creadivo.md\/ru\/product\/cadita-dus-bazalt-grey-90x90\/\"><\/div><\/div><\/div><\/div>","protected":false},"excerpt":{"rendered":"<p>V\u0103 prezent\u0103m o c\u0103di\u021b\u0103 de du\u0219 frumoas\u0103 \u0219i extrem de func\u021bional\u0103. Este un produs care v\u0103 va umple perfect spa\u021biul<\/p>","protected":false},"featured_media":63430,"template":"","meta":[],"product_brand":[],"product_cat":[28,1060],"product_tag":[],"class_list":{"0":"post-57660","1":"product","2":"type-product","3":"status-publish","4":"has-post-thumbnail","6":"product_cat-cadita-de-dus","7":"product_cat-cadita-patrata","9":"first","10":"instock","11":"purchasable","12":"product-type-simple"},"_links":{"self":[{"href":"https:\/\/creadivo.md\/ru\/wp-json\/wp\/v2\/product\/57660","targetHints":{"allow":["GET"]}}],"collection":[{"href":"https:\/\/creadivo.md\/ru\/wp-json\/wp\/v2\/product"}],"about":[{"href":"https:\/\/creadivo.md\/ru\/wp-json\/wp\/v2\/types\/product"}],"version-history":[{"count":1,"href":"https:\/\/creadivo.md\/ru\/wp-json\/wp\/v2\/product\/57660\/revisions"}],"predecessor-version":[{"id":57938,"href":"https:\/\/creadivo.md\/ru\/wp-json\/wp\/v2\/product\/57660\/revisions\/57938"}],"wp:featuredmedia":[{"embeddable":true,"href":"https:\/\/creadivo.md\/ru\/wp-json\/wp\/v2\/media\/63430"}],"wp:attachment":[{"href":"https:\/\/creadivo.md\/ru\/wp-json\/wp\/v2\/media?parent=57660"}],"wp:term":[{"taxonomy":"product_brand","embeddable":true,"href":"https:\/\/creadivo.md\/ru\/wp-json\/wp\/v2\/product_brand?post=57660"},{"taxonomy":"product_cat","embeddable":true,"href":"https:\/\/creadivo.md\/ru\/wp-json\/wp\/v2\/product_cat?post=57660"},{"taxonomy":"product_tag","embeddable":true,"href":"https:\/\/creadivo.md\/ru\/wp-json\/wp\/v2\/product_tag?post=57660"}],"curies":[{"name":"wp","href":"https:\/\/api.w.org\/{rel}","templated":true}]}}