{"id":57710,"date":"2024-06-11T01:54:24","date_gmt":"2024-06-11T01:54:24","guid":{"rendered":"https:\/\/creadivo.md\/?post_type=product&#038;p=57710"},"modified":"2025-09-01T09:52:50","modified_gmt":"2025-09-01T09:52:50","slug":"usa-de-dus-alex-gold-brush-mat-100","status":"publish","type":"product","link":"https:\/\/creadivo.md\/ru\/product\/usa-de-dus-alex-gold-brush-mat-100\/","title":{"rendered":"\u0414\u0423\u0428\u0415\u0412\u0410\u042f \u0414\u0412\u0415\u0420\u042c ALEX GOLD BRUSH MAT 100"},"content":{"rendered":"<p>U\u0219a Alex este format\u0103 dintr-un element fix \u0219i dou\u0103 elemente glisante.<\/p>\n<p>\u00cen cele din urm\u0103, direc\u021bia u\u0219ii este spre dreapta. Pentru a schimba direc\u021bia u\u0219ii spre partea st\u00e2ng\u0103, \u00een elementul extrem de mobil, cu o band\u0103 proeminent\u0103 sub form\u0103 de m\u00e2ner, de\u0219uruba\u021bi profilele verticale \u0219i muta\u021bi-le pe cealalt\u0103 parte.<\/p>\n<div style=\"margin: 20px 0;\"><div class=\"qrcswholewtapper\" style=\"text-align:left;\"><div class=\"qrcprowrapper\"  id=\"qrcwraa2leds\"><div class=\"qrc_canvass\" id=\"qrc_cuttenpages_2\" style=\"display:inline-block\" data-text=\"https:\/\/creadivo.md\/ru\/product\/usa-de-dus-alex-gold-brush-mat-100\/\"><\/div><\/div><\/div><\/div>","protected":false},"excerpt":{"rendered":"<p>U\u0219a Alex este format\u0103 dintr-un element fix \u0219i dou\u0103 elemente glisante. \u00cen cele din urm\u0103, direc\u021bia u\u0219ii este spre dreapta.<\/p>","protected":false},"featured_media":57711,"template":"","meta":[],"product_brand":[],"product_cat":[1335,24],"product_tag":[],"class_list":{"0":"post-57710","1":"product","2":"type-product","3":"status-publish","4":"has-post-thumbnail","6":"product_cat-usi-pentru-cabine-de-dus","7":"product_cat-cabine-de-dus","9":"first","10":"outofstock","11":"purchasable","12":"product-type-simple"},"_links":{"self":[{"href":"https:\/\/creadivo.md\/ru\/wp-json\/wp\/v2\/product\/57710","targetHints":{"allow":["GET"]}}],"collection":[{"href":"https:\/\/creadivo.md\/ru\/wp-json\/wp\/v2\/product"}],"about":[{"href":"https:\/\/creadivo.md\/ru\/wp-json\/wp\/v2\/types\/product"}],"version-history":[{"count":1,"href":"https:\/\/creadivo.md\/ru\/wp-json\/wp\/v2\/product\/57710\/revisions"}],"predecessor-version":[{"id":57928,"href":"https:\/\/creadivo.md\/ru\/wp-json\/wp\/v2\/product\/57710\/revisions\/57928"}],"wp:featuredmedia":[{"embeddable":true,"href":"https:\/\/creadivo.md\/ru\/wp-json\/wp\/v2\/media\/57711"}],"wp:attachment":[{"href":"https:\/\/creadivo.md\/ru\/wp-json\/wp\/v2\/media?parent=57710"}],"wp:term":[{"taxonomy":"product_brand","embeddable":true,"href":"https:\/\/creadivo.md\/ru\/wp-json\/wp\/v2\/product_brand?post=57710"},{"taxonomy":"product_cat","embeddable":true,"href":"https:\/\/creadivo.md\/ru\/wp-json\/wp\/v2\/product_cat?post=57710"},{"taxonomy":"product_tag","embeddable":true,"href":"https:\/\/creadivo.md\/ru\/wp-json\/wp\/v2\/product_tag?post=57710"}],"curies":[{"name":"wp","href":"https:\/\/api.w.org\/{rel}","templated":true}]}}