{"id":57714,"date":"2024-06-11T01:54:27","date_gmt":"2024-06-11T01:54:27","guid":{"rendered":"https:\/\/creadivo.md\/?post_type=product&#038;p=57714"},"modified":"2026-04-10T00:30:58","modified_gmt":"2026-04-10T00:30:58","slug":"usa-de-dus-rapid-swing-gold-brush-mat-90","status":"publish","type":"product","link":"https:\/\/creadivo.md\/ru\/product\/usa-de-dus-rapid-swing-gold-brush-mat-90\/","title":{"rendered":"\u0414\u0423\u0428\u0415\u0412\u0410\u042f \u0414\u0412\u0415\u0420\u042c RAPID SWING GOLD BRUSH MAT 90"},"content":{"rendered":"<p>O u\u0219\u0103 pentru du\u0219 cu deschidere rabatabil\u0103 este conceput\u0103 pentru a fi practic\u0103 \u0219i elegant\u0103. Aceasta ofer\u0103 o solu\u021bie eficient\u0103 de economisire a spa\u021biului \u00een baie \u0219i este perfect\u0103 pentru orice tip de b\u0103i. Grosimea de 6 mm a sticlei confer\u0103 o durabilitate extins\u0103, oferind totodat\u0103 \u0219i un aspect estetic pl\u0103cut.<\/p>\n<div style=\"margin: 20px 0;\"><div class=\"qrcswholewtapper\" style=\"text-align:left;\"><div class=\"qrcprowrapper\"  id=\"qrcwraa2leds\"><div class=\"qrc_canvass\" id=\"qrc_cuttenpages_2\" style=\"display:inline-block\" data-text=\"https:\/\/creadivo.md\/ru\/product\/usa-de-dus-rapid-swing-gold-brush-mat-90\/\"><\/div><\/div><\/div><\/div>","protected":false},"excerpt":{"rendered":"<p>O u\u0219\u0103 pentru du\u0219 cu deschidere rabatabil\u0103 este conceput\u0103 pentru a fi practic\u0103 \u0219i elegant\u0103. Aceasta ofer\u0103 o solu\u021bie eficient\u0103<\/p>","protected":false},"featured_media":57715,"template":"","meta":[],"product_brand":[],"product_cat":[1335,24],"product_tag":[],"class_list":{"0":"post-57714","1":"product","2":"type-product","3":"status-publish","4":"has-post-thumbnail","6":"product_cat-usi-pentru-cabine-de-dus","7":"product_cat-cabine-de-dus","9":"first","10":"instock","11":"purchasable","12":"product-type-simple"},"_links":{"self":[{"href":"https:\/\/creadivo.md\/ru\/wp-json\/wp\/v2\/product\/57714","targetHints":{"allow":["GET"]}}],"collection":[{"href":"https:\/\/creadivo.md\/ru\/wp-json\/wp\/v2\/product"}],"about":[{"href":"https:\/\/creadivo.md\/ru\/wp-json\/wp\/v2\/types\/product"}],"version-history":[{"count":1,"href":"https:\/\/creadivo.md\/ru\/wp-json\/wp\/v2\/product\/57714\/revisions"}],"predecessor-version":[{"id":57927,"href":"https:\/\/creadivo.md\/ru\/wp-json\/wp\/v2\/product\/57714\/revisions\/57927"}],"wp:featuredmedia":[{"embeddable":true,"href":"https:\/\/creadivo.md\/ru\/wp-json\/wp\/v2\/media\/57715"}],"wp:attachment":[{"href":"https:\/\/creadivo.md\/ru\/wp-json\/wp\/v2\/media?parent=57714"}],"wp:term":[{"taxonomy":"product_brand","embeddable":true,"href":"https:\/\/creadivo.md\/ru\/wp-json\/wp\/v2\/product_brand?post=57714"},{"taxonomy":"product_cat","embeddable":true,"href":"https:\/\/creadivo.md\/ru\/wp-json\/wp\/v2\/product_cat?post=57714"},{"taxonomy":"product_tag","embeddable":true,"href":"https:\/\/creadivo.md\/ru\/wp-json\/wp\/v2\/product_tag?post=57714"}],"curies":[{"name":"wp","href":"https:\/\/api.w.org\/{rel}","templated":true}]}}