{"id":57720,"date":"2024-06-11T01:54:34","date_gmt":"2024-06-11T01:54:34","guid":{"rendered":"https:\/\/creadivo.md\/?post_type=product&#038;p=57720"},"modified":"2026-03-27T01:00:26","modified_gmt":"2026-03-27T01:00:26","slug":"paravan-pentru-cada-agat-gold-brush-mat-120","status":"publish","type":"product","link":"https:\/\/creadivo.md\/ru\/product\/paravan-pentru-cada-agat-gold-brush-mat-120\/","title":{"rendered":"\u0428\u0422\u041e\u0420\u041a\u0410 \u0414\u041b\u042f \u0412\u0410\u041d\u041d\u042b AGAT GOLD BRUSH MAT 120"},"content":{"rendered":"<p>Paravan pentru cada pliabil\u0103 de \u00eenalt\u0103 calitate Agat este combina\u021bia perfect\u0103 de valori func\u021bionale \u0219i estetice. Datorit\u0103 designului s\u0103u compact \u00een form\u0103 de acordeon cu trei p\u0103r\u021bi din sticl\u0103, va fi o alegere ideal\u0103 pentru orice baie. L\u0103\u021bimea mic\u0103 a sticlei Agat \u00eenseamn\u0103 c\u0103 este posibil\u0103 \u00eenchiderea sticlei aproape de perete, astfel \u00eenc\u00e2t s\u0103 ocupe foarte pu\u021bin spa\u021biu.<\/p>\n<div style=\"margin: 20px 0;\"><div class=\"qrcswholewtapper\" style=\"text-align:left;\"><div class=\"qrcprowrapper\"  id=\"qrcwraa2leds\"><div class=\"qrc_canvass\" id=\"qrc_cuttenpages_2\" style=\"display:inline-block\" data-text=\"https:\/\/creadivo.md\/ru\/product\/paravan-pentru-cada-agat-gold-brush-mat-120\/\"><\/div><\/div><\/div><\/div>","protected":false},"excerpt":{"rendered":"<p>Paravan pentru cada pliabil\u0103 de \u00eenalt\u0103 calitate Agat este combina\u021bia perfect\u0103 de valori func\u021bionale \u0219i estetice. Datorit\u0103 designului s\u0103u compact<\/p>","protected":false},"featured_media":57721,"template":"","meta":[],"product_brand":[],"product_cat":[2068],"product_tag":[],"class_list":{"0":"post-57720","1":"product","2":"type-product","3":"status-publish","4":"has-post-thumbnail","6":"product_cat-paravane-pentru-cazi-de-baie","8":"first","9":"instock","10":"purchasable","11":"product-type-simple"},"_links":{"self":[{"href":"https:\/\/creadivo.md\/ru\/wp-json\/wp\/v2\/product\/57720","targetHints":{"allow":["GET"]}}],"collection":[{"href":"https:\/\/creadivo.md\/ru\/wp-json\/wp\/v2\/product"}],"about":[{"href":"https:\/\/creadivo.md\/ru\/wp-json\/wp\/v2\/types\/product"}],"version-history":[{"count":1,"href":"https:\/\/creadivo.md\/ru\/wp-json\/wp\/v2\/product\/57720\/revisions"}],"predecessor-version":[{"id":57922,"href":"https:\/\/creadivo.md\/ru\/wp-json\/wp\/v2\/product\/57720\/revisions\/57922"}],"wp:featuredmedia":[{"embeddable":true,"href":"https:\/\/creadivo.md\/ru\/wp-json\/wp\/v2\/media\/57721"}],"wp:attachment":[{"href":"https:\/\/creadivo.md\/ru\/wp-json\/wp\/v2\/media?parent=57720"}],"wp:term":[{"taxonomy":"product_brand","embeddable":true,"href":"https:\/\/creadivo.md\/ru\/wp-json\/wp\/v2\/product_brand?post=57720"},{"taxonomy":"product_cat","embeddable":true,"href":"https:\/\/creadivo.md\/ru\/wp-json\/wp\/v2\/product_cat?post=57720"},{"taxonomy":"product_tag","embeddable":true,"href":"https:\/\/creadivo.md\/ru\/wp-json\/wp\/v2\/product_tag?post=57720"}],"curies":[{"name":"wp","href":"https:\/\/api.w.org\/{rel}","templated":true}]}}