{"id":57722,"date":"2024-06-11T01:54:34","date_gmt":"2024-06-11T01:54:34","guid":{"rendered":"https:\/\/creadivo.md\/?post_type=product&#038;p=57722"},"modified":"2026-04-09T00:31:02","modified_gmt":"2026-04-09T00:31:02","slug":"rigola-dus-neox-nickel-brush-inox-500","status":"publish","type":"product","link":"https:\/\/creadivo.md\/ru\/product\/rigola-dus-neox-nickel-brush-inox-500\/","title":{"rendered":"\u0422\u0420\u0410\u041f \u0414\u041b\u042f \u0414\u0423\u0428\u0410 NEOX NICKEL BRUSH INOX 500"},"content":{"rendered":"<p>Rigola de du\u0219 este o sistema modern\u0103 de drenaj conceput\u0103 pentru a colecta \u0219i a elimina apa din cabinele de du\u0219. Rigola este integrat\u0103 \u00een pardoseala b\u0103ii \u0219i este utilizat\u0103 din ce \u00een ce mai des datorit\u0103 designului elegant \u0219i func\u021bionalit\u0103\u021bii superioare comparativ cu scurgerile tradi\u021bionale.<\/p>\n<div style=\"margin: 20px 0;\"><div class=\"qrcswholewtapper\" style=\"text-align:left;\"><div class=\"qrcprowrapper\"  id=\"qrcwraa2leds\"><div class=\"qrc_canvass\" id=\"qrc_cuttenpages_2\" style=\"display:inline-block\" data-text=\"https:\/\/creadivo.md\/ru\/product\/rigola-dus-neox-nickel-brush-inox-500\/\"><\/div><\/div><\/div><\/div>","protected":false},"excerpt":{"rendered":"<p>Rigola de du\u0219 este o sistema modern\u0103 de drenaj conceput\u0103 pentru a colecta \u0219i a elimina apa din cabinele de<\/p>","protected":false},"featured_media":57723,"template":"","meta":[],"product_brand":[],"product_cat":[102],"product_tag":[],"class_list":{"0":"post-57722","1":"product","2":"type-product","3":"status-publish","4":"has-post-thumbnail","6":"product_cat-sifoane-si-rigole","8":"first","9":"instock","10":"purchasable","11":"product-type-simple"},"_links":{"self":[{"href":"https:\/\/creadivo.md\/ru\/wp-json\/wp\/v2\/product\/57722","targetHints":{"allow":["GET"]}}],"collection":[{"href":"https:\/\/creadivo.md\/ru\/wp-json\/wp\/v2\/product"}],"about":[{"href":"https:\/\/creadivo.md\/ru\/wp-json\/wp\/v2\/types\/product"}],"version-history":[{"count":1,"href":"https:\/\/creadivo.md\/ru\/wp-json\/wp\/v2\/product\/57722\/revisions"}],"predecessor-version":[{"id":57923,"href":"https:\/\/creadivo.md\/ru\/wp-json\/wp\/v2\/product\/57722\/revisions\/57923"}],"wp:featuredmedia":[{"embeddable":true,"href":"https:\/\/creadivo.md\/ru\/wp-json\/wp\/v2\/media\/57723"}],"wp:attachment":[{"href":"https:\/\/creadivo.md\/ru\/wp-json\/wp\/v2\/media?parent=57722"}],"wp:term":[{"taxonomy":"product_brand","embeddable":true,"href":"https:\/\/creadivo.md\/ru\/wp-json\/wp\/v2\/product_brand?post=57722"},{"taxonomy":"product_cat","embeddable":true,"href":"https:\/\/creadivo.md\/ru\/wp-json\/wp\/v2\/product_cat?post=57722"},{"taxonomy":"product_tag","embeddable":true,"href":"https:\/\/creadivo.md\/ru\/wp-json\/wp\/v2\/product_tag?post=57722"}],"curies":[{"name":"wp","href":"https:\/\/api.w.org\/{rel}","templated":true}]}}