{"id":57759,"date":"2024-06-11T01:55:07","date_gmt":"2024-06-11T01:55:07","guid":{"rendered":"https:\/\/creadivo.md\/?post_type=product&#038;p=57759"},"modified":"2024-12-19T12:07:22","modified_gmt":"2024-12-19T12:07:22","slug":"baterie-lavoar-monaco-gold-brush-mat-high","status":"publish","type":"product","link":"https:\/\/creadivo.md\/ru\/product\/baterie-lavoar-monaco-gold-brush-mat-high\/","title":{"rendered":"\u0421\u041c\u0415\u0421\u0418\u0422\u0415\u041b\u042c \u0414\u041b\u042f \u0423\u041c\u042b\u0412\u0410\u041b\u042c\u041d\u0418\u041a\u0410 MONACO GOLD BRUSH MAT HIGH"},"content":{"rendered":"<p>V\u0103 prezent\u0103m baterie lavoar Monaco, esen\u021ba luxului \u00een baie. Suprafa\u021ba mat \u0219i finisajul delicat creeaz\u0103 un accent unic, subliniind stilul unic al b\u0103ii. Bateria este fabricat\u0103 din materiale de \u00eenalt\u0103 calitate, oferind nu numai estetic\u0103, ci \u0219i durabilitate \u0219i fiabilitate timp de mul\u021bi ani. Nu este doar un produs util-este o expresie a perfec\u021biunii \u0219i a stilului irezistibil.<\/p>\n<p>Ofer\u0103 b\u0103ii tale o doz\u0103 de lux modern cu robinetul nostru exclusiv pentru chiuvet\u0103, care nu numai c\u0103 impresioneaz\u0103 prin stilul s\u0103u, dar \u00eentruchipeaz\u0103 \u0219i perfec\u021biunea \u0219i designul rafinat.<\/p>\n<div style=\"margin: 20px 0;\"><div class=\"qrcswholewtapper\" style=\"text-align:left;\"><div class=\"qrcprowrapper\"  id=\"qrcwraa2leds\"><div class=\"qrc_canvass\" id=\"qrc_cuttenpages_2\" style=\"display:inline-block\" data-text=\"https:\/\/creadivo.md\/ru\/product\/baterie-lavoar-monaco-gold-brush-mat-high\/\"><\/div><\/div><\/div><\/div>","protected":false},"excerpt":{"rendered":"<p>V\u0103 prezent\u0103m baterie lavoar Monaco, esen\u021ba luxului \u00een baie. Suprafa\u021ba mat \u0219i finisajul delicat creeaz\u0103 un accent unic, subliniind stilul<\/p>","protected":false},"featured_media":57760,"template":"","meta":[],"product_brand":[],"product_cat":[29,289],"product_tag":[],"class_list":{"0":"post-57759","1":"product","2":"type-product","3":"status-publish","4":"has-post-thumbnail","6":"product_cat-baterii-sanitare","7":"product_cat-pentru-lavoar","9":"first","10":"instock","11":"purchasable","12":"product-type-simple"},"_links":{"self":[{"href":"https:\/\/creadivo.md\/ru\/wp-json\/wp\/v2\/product\/57759","targetHints":{"allow":["GET"]}}],"collection":[{"href":"https:\/\/creadivo.md\/ru\/wp-json\/wp\/v2\/product"}],"about":[{"href":"https:\/\/creadivo.md\/ru\/wp-json\/wp\/v2\/types\/product"}],"version-history":[{"count":3,"href":"https:\/\/creadivo.md\/ru\/wp-json\/wp\/v2\/product\/57759\/revisions"}],"predecessor-version":[{"id":57912,"href":"https:\/\/creadivo.md\/ru\/wp-json\/wp\/v2\/product\/57759\/revisions\/57912"}],"wp:featuredmedia":[{"embeddable":true,"href":"https:\/\/creadivo.md\/ru\/wp-json\/wp\/v2\/media\/57760"}],"wp:attachment":[{"href":"https:\/\/creadivo.md\/ru\/wp-json\/wp\/v2\/media?parent=57759"}],"wp:term":[{"taxonomy":"product_brand","embeddable":true,"href":"https:\/\/creadivo.md\/ru\/wp-json\/wp\/v2\/product_brand?post=57759"},{"taxonomy":"product_cat","embeddable":true,"href":"https:\/\/creadivo.md\/ru\/wp-json\/wp\/v2\/product_cat?post=57759"},{"taxonomy":"product_tag","embeddable":true,"href":"https:\/\/creadivo.md\/ru\/wp-json\/wp\/v2\/product_tag?post=57759"}],"curies":[{"name":"wp","href":"https:\/\/api.w.org\/{rel}","templated":true}]}}