{"id":57761,"date":"2024-06-11T01:55:07","date_gmt":"2024-06-11T01:55:07","guid":{"rendered":"https:\/\/creadivo.md\/?post_type=product&#038;p=57761"},"modified":"2026-03-27T01:00:37","modified_gmt":"2026-03-27T01:00:37","slug":"vas-wc-suspendabil-eddy-tornado","status":"publish","type":"product","link":"https:\/\/creadivo.md\/ru\/product\/vas-wc-suspendabil-eddy-tornado\/","title":{"rendered":"\u041f\u041e\u0414\u0412\u0415\u0421\u041d\u041e\u0419 \u0423\u041d\u0418\u0422\u0410\u0417 EDDY TORNADO"},"content":{"rendered":"<p>Vas WC Eddy Tornado f\u0103r\u0103 margine cu un sistem inovator de sp\u0103lare Tornado este o solu\u021bie modern\u0103 care combin\u0103 elegan\u021ba, u\u0219urin\u021ba de cur\u0103\u021bare \u0219i eficien\u021ba sp\u0103l\u0103rii. Designul f\u0103r\u0103 flan\u0219e nu numai c\u0103 adaug\u0103 un aspect modern, dar faciliteaz\u0103 \u0219i men\u021binerea curat\u0103 a zonei din jurul bolului.<\/p>\n<p>Sistemul Tornado: Datorit\u0103 sistemului avansat de sp\u0103lare Tornado, apa curge \u00een jos cu o mi\u0219care \u00eenvolburat\u0103, cl\u0103t\u00e2nd eficient \u00eentreaga suprafa\u021b\u0103 a vasului. Acest lucru nu numai c\u0103 garanteaz\u0103 o cl\u0103tire minu\u021bioas\u0103, ci \u0219i minimizeaz\u0103 depunerea de murd\u0103rie, care afecteaz\u0103 igiena.<\/p>\n<div style=\"margin: 20px 0;\"><div class=\"qrcswholewtapper\" style=\"text-align:left;\"><div class=\"qrcprowrapper\"  id=\"qrcwraa2leds\"><div class=\"qrc_canvass\" id=\"qrc_cuttenpages_2\" style=\"display:inline-block\" data-text=\"https:\/\/creadivo.md\/ru\/product\/vas-wc-suspendabil-eddy-tornado\/\"><\/div><\/div><\/div><\/div>","protected":false},"excerpt":{"rendered":"<p>Vas WC Eddy Tornado f\u0103r\u0103 margine cu un sistem inovator de sp\u0103lare Tornado este o solu\u021bie modern\u0103 care combin\u0103 elegan\u021ba,<\/p>","protected":false},"featured_media":63698,"template":"","meta":[],"product_brand":[],"product_cat":[17,91],"product_tag":[],"class_list":{"0":"post-57761","1":"product","2":"type-product","3":"status-publish","4":"has-post-thumbnail","6":"product_cat-vase-wc","7":"product_cat-vase-wc-suspendate","9":"first","10":"instock","11":"purchasable","12":"product-type-simple"},"_links":{"self":[{"href":"https:\/\/creadivo.md\/ru\/wp-json\/wp\/v2\/product\/57761","targetHints":{"allow":["GET"]}}],"collection":[{"href":"https:\/\/creadivo.md\/ru\/wp-json\/wp\/v2\/product"}],"about":[{"href":"https:\/\/creadivo.md\/ru\/wp-json\/wp\/v2\/types\/product"}],"version-history":[{"count":0,"href":"https:\/\/creadivo.md\/ru\/wp-json\/wp\/v2\/product\/57761\/revisions"}],"wp:featuredmedia":[{"embeddable":true,"href":"https:\/\/creadivo.md\/ru\/wp-json\/wp\/v2\/media\/63698"}],"wp:attachment":[{"href":"https:\/\/creadivo.md\/ru\/wp-json\/wp\/v2\/media?parent=57761"}],"wp:term":[{"taxonomy":"product_brand","embeddable":true,"href":"https:\/\/creadivo.md\/ru\/wp-json\/wp\/v2\/product_brand?post=57761"},{"taxonomy":"product_cat","embeddable":true,"href":"https:\/\/creadivo.md\/ru\/wp-json\/wp\/v2\/product_cat?post=57761"},{"taxonomy":"product_tag","embeddable":true,"href":"https:\/\/creadivo.md\/ru\/wp-json\/wp\/v2\/product_tag?post=57761"}],"curies":[{"name":"wp","href":"https:\/\/api.w.org\/{rel}","templated":true}]}}