{"id":57763,"date":"2024-06-11T01:55:10","date_gmt":"2024-06-11T01:55:10","guid":{"rendered":"https:\/\/creadivo.md\/?post_type=product&#038;p=57763"},"modified":"2026-03-27T01:00:38","modified_gmt":"2026-03-27T01:00:38","slug":"lavoar-pe-blat-kate","status":"publish","type":"product","link":"https:\/\/creadivo.md\/ru\/product\/lavoar-pe-blat-kate\/","title":{"rendered":"\u0423\u041c\u042b\u0412\u0410\u041b\u042c\u041d\u0418\u041a KATE"},"content":{"rendered":"<p>Lavoar pe blat Kate este perfect pentru a crea un spa\u021biu de sp\u0103lat \u00een b\u0103ile principale sau secundare. U\u0219or de instalat pe un blat sau pe o pies\u0103 de mobilier, lavoarul Kate realizat din ceramic\u0103 sanitar\u0103, va face ca acest model unic s\u0103 transforme baia \u00eentr-un interior de lux. Este foarte practic, u\u0219or de cur\u0103\u021bat \u0219i de \u00eentre\u021binut \u0219i este rezistent la decolorare, zg\u00e2rieturi \u0219i pierdea luciului.<\/p>\n<div style=\"margin: 20px 0;\"><div class=\"qrcswholewtapper\" style=\"text-align:left;\"><div class=\"qrcprowrapper\"  id=\"qrcwraa2leds\"><div class=\"qrc_canvass\" id=\"qrc_cuttenpages_2\" style=\"display:inline-block\" data-text=\"https:\/\/creadivo.md\/ru\/product\/lavoar-pe-blat-kate\/\"><\/div><\/div><\/div><\/div>","protected":false},"excerpt":{"rendered":"<p>Lavoar pe blat Kate este perfect pentru a crea un spa\u021biu de sp\u0103lat \u00een b\u0103ile principale sau secundare. U\u0219or de<\/p>","protected":false},"featured_media":63700,"template":"","meta":[],"product_brand":[],"product_cat":[21,286],"product_tag":[],"class_list":{"0":"post-57763","1":"product","2":"type-product","3":"status-publish","4":"has-post-thumbnail","6":"product_cat-lavoare","7":"product_cat-lavoar-pe-blat","9":"first","10":"instock","11":"purchasable","12":"product-type-simple"},"_links":{"self":[{"href":"https:\/\/creadivo.md\/ru\/wp-json\/wp\/v2\/product\/57763","targetHints":{"allow":["GET"]}}],"collection":[{"href":"https:\/\/creadivo.md\/ru\/wp-json\/wp\/v2\/product"}],"about":[{"href":"https:\/\/creadivo.md\/ru\/wp-json\/wp\/v2\/types\/product"}],"version-history":[{"count":0,"href":"https:\/\/creadivo.md\/ru\/wp-json\/wp\/v2\/product\/57763\/revisions"}],"wp:featuredmedia":[{"embeddable":true,"href":"https:\/\/creadivo.md\/ru\/wp-json\/wp\/v2\/media\/63700"}],"wp:attachment":[{"href":"https:\/\/creadivo.md\/ru\/wp-json\/wp\/v2\/media?parent=57763"}],"wp:term":[{"taxonomy":"product_brand","embeddable":true,"href":"https:\/\/creadivo.md\/ru\/wp-json\/wp\/v2\/product_brand?post=57763"},{"taxonomy":"product_cat","embeddable":true,"href":"https:\/\/creadivo.md\/ru\/wp-json\/wp\/v2\/product_cat?post=57763"},{"taxonomy":"product_tag","embeddable":true,"href":"https:\/\/creadivo.md\/ru\/wp-json\/wp\/v2\/product_tag?post=57763"}],"curies":[{"name":"wp","href":"https:\/\/api.w.org\/{rel}","templated":true}]}}