{"id":62754,"date":"2024-11-15T17:47:27","date_gmt":"2024-11-15T17:47:27","guid":{"rendered":"https:\/\/creadivo.md\/?post_type=product&#038;p=62754"},"modified":"2024-12-19T10:18:12","modified_gmt":"2024-12-19T10:18:12","slug":"lavoar-pe-blat-melania-gold-white","status":"publish","type":"product","link":"https:\/\/creadivo.md\/ru\/product\/lavoar-pe-blat-melania-gold-white\/","title":{"rendered":"\u0423\u041c\u042b\u0412\u0410\u041b\u042c\u041d\u0418\u041a MELANIA GOLD WHITE"},"content":{"rendered":"<p>Lavoarul Melania Gold White\u00a0 apartine colectiei de lavoare Melania, care include si multe alte variante de lavoare Melania. Datorit\u0103 interiorului alb al vasului, acest model este u\u0219or de p\u0103strat curat. Carcasa exterioar\u0103 este acoperit\u0103 cu glazur\u0103 aurie, datorit\u0103 c\u0103reia chiuveta iese \u00een eviden\u021b\u0103 fa\u021b\u0103 de restul b\u0103ii \u0219i atrage aten\u021bia tuturor. Recomand\u0103m asortarea lavoarului cu un dop auriu \u0219i un robinet cu finisaj auriu.<\/p>\n<div style=\"margin: 20px 0;\"><div class=\"qrcswholewtapper\" style=\"text-align:left;\"><div class=\"qrcprowrapper\"  id=\"qrcwraa2leds\"><div class=\"qrc_canvass\" id=\"qrc_cuttenpages_2\" style=\"display:inline-block\" data-text=\"https:\/\/creadivo.md\/ru\/product\/lavoar-pe-blat-melania-gold-white\/\"><\/div><\/div><\/div><\/div>","protected":false},"excerpt":{"rendered":"<p>Lavoarul Melania Gold White\u00a0 apartine colectiei de lavoare Melania, care include si multe alte variante de lavoare Melania. Datorit\u0103 interiorului<\/p>","protected":false},"featured_media":62755,"template":"","meta":[],"product_brand":[],"product_cat":[21,286],"product_tag":[],"class_list":{"0":"post-62754","1":"product","2":"type-product","3":"status-publish","4":"has-post-thumbnail","6":"product_cat-lavoare","7":"product_cat-lavoar-pe-blat","8":"pa_gaura-baterie-nu","9":"pa_gaura-de-deversare-nu","11":"first","12":"instock","13":"purchasable","14":"product-type-simple"},"_links":{"self":[{"href":"https:\/\/creadivo.md\/ru\/wp-json\/wp\/v2\/product\/62754","targetHints":{"allow":["GET"]}}],"collection":[{"href":"https:\/\/creadivo.md\/ru\/wp-json\/wp\/v2\/product"}],"about":[{"href":"https:\/\/creadivo.md\/ru\/wp-json\/wp\/v2\/types\/product"}],"version-history":[{"count":0,"href":"https:\/\/creadivo.md\/ru\/wp-json\/wp\/v2\/product\/62754\/revisions"}],"wp:featuredmedia":[{"embeddable":true,"href":"https:\/\/creadivo.md\/ru\/wp-json\/wp\/v2\/media\/62755"}],"wp:attachment":[{"href":"https:\/\/creadivo.md\/ru\/wp-json\/wp\/v2\/media?parent=62754"}],"wp:term":[{"taxonomy":"product_brand","embeddable":true,"href":"https:\/\/creadivo.md\/ru\/wp-json\/wp\/v2\/product_brand?post=62754"},{"taxonomy":"product_cat","embeddable":true,"href":"https:\/\/creadivo.md\/ru\/wp-json\/wp\/v2\/product_cat?post=62754"},{"taxonomy":"product_tag","embeddable":true,"href":"https:\/\/creadivo.md\/ru\/wp-json\/wp\/v2\/product_tag?post=62754"}],"curies":[{"name":"wp","href":"https:\/\/api.w.org\/{rel}","templated":true}]}}