{"id":63833,"date":"2024-11-22T14:56:35","date_gmt":"2024-11-22T14:56:35","guid":{"rendered":"https:\/\/creadivo.md\/?post_type=product&#038;p=63833"},"modified":"2025-12-13T00:40:26","modified_gmt":"2025-12-13T00:40:26","slug":"paravan-de-dus-aero-ombre-white-110-brush","status":"publish","type":"product","link":"https:\/\/creadivo.md\/ru\/product\/paravan-de-dus-aero-ombre-white-110-brush\/","title":{"rendered":"\u0414\u0423\u0428\u0415\u0412\u0410\u042f \u0421\u0422\u0415\u041d\u041a\u0410 AERO OMBRE WHITE 110 BRUSH"},"content":{"rendered":"<p>Estetic \u0219i func\u021bional paravan de du\u0219 este un element frumos al echipamentului de baie, indiferent dac\u0103 camera a fost amenajat\u0103 \u00eentr-un mod clasic sau modern.<\/p>\n<div style=\"margin: 20px 0;\"><div class=\"qrcswholewtapper\" style=\"text-align:left;\"><div class=\"qrcprowrapper\"  id=\"qrcwraa2leds\"><div class=\"qrc_canvass\" id=\"qrc_cuttenpages_2\" style=\"display:inline-block\" data-text=\"https:\/\/creadivo.md\/ru\/product\/paravan-de-dus-aero-ombre-white-110-brush\/\"><\/div><\/div><\/div><\/div>","protected":false},"excerpt":{"rendered":"<p>Estetic \u0219i func\u021bional paravan de du\u0219 este un element frumos al echipamentului de baie, indiferent dac\u0103 camera a fost amenajat\u0103<\/p>","protected":false},"featured_media":63834,"template":"","meta":[],"product_brand":[],"product_cat":[297,24],"product_tag":[],"class_list":{"0":"post-63833","1":"product","2":"type-product","3":"status-publish","4":"has-post-thumbnail","6":"product_cat-paravan-pentru-dus","7":"product_cat-cabine-de-dus","9":"first","10":"instock","11":"purchasable","12":"product-type-simple"},"_links":{"self":[{"href":"https:\/\/creadivo.md\/ru\/wp-json\/wp\/v2\/product\/63833","targetHints":{"allow":["GET"]}}],"collection":[{"href":"https:\/\/creadivo.md\/ru\/wp-json\/wp\/v2\/product"}],"about":[{"href":"https:\/\/creadivo.md\/ru\/wp-json\/wp\/v2\/types\/product"}],"version-history":[{"count":1,"href":"https:\/\/creadivo.md\/ru\/wp-json\/wp\/v2\/product\/63833\/revisions"}],"predecessor-version":[{"id":64344,"href":"https:\/\/creadivo.md\/ru\/wp-json\/wp\/v2\/product\/63833\/revisions\/64344"}],"wp:featuredmedia":[{"embeddable":true,"href":"https:\/\/creadivo.md\/ru\/wp-json\/wp\/v2\/media\/63834"}],"wp:attachment":[{"href":"https:\/\/creadivo.md\/ru\/wp-json\/wp\/v2\/media?parent=63833"}],"wp:term":[{"taxonomy":"product_brand","embeddable":true,"href":"https:\/\/creadivo.md\/ru\/wp-json\/wp\/v2\/product_brand?post=63833"},{"taxonomy":"product_cat","embeddable":true,"href":"https:\/\/creadivo.md\/ru\/wp-json\/wp\/v2\/product_cat?post=63833"},{"taxonomy":"product_tag","embeddable":true,"href":"https:\/\/creadivo.md\/ru\/wp-json\/wp\/v2\/product_tag?post=63833"}],"curies":[{"name":"wp","href":"https:\/\/api.w.org\/{rel}","templated":true}]}}