{"id":63880,"date":"2024-11-15T20:37:58","date_gmt":"2024-11-15T20:37:58","guid":{"rendered":"https:\/\/creadivo.md\/?post_type=product&#038;p=63880"},"modified":"2026-04-07T00:31:06","modified_gmt":"2026-04-07T00:31:06","slug":"profil-de-panta-cadita-dus-black-120cm","status":"publish","type":"product","link":"https:\/\/creadivo.md\/ru\/product\/profil-de-panta-cadita-dus-black-120cm\/","title":{"rendered":"\u041f\u0420\u041e\u0424\u0418\u041b\u042c \u0414\u041b\u042f \u0414\u0423\u0428\u0415\u0412\u041e\u0419 \u041a\u0410\u0411\u0418\u041d\u042b BLACK 120cm"},"content":{"rendered":"<p>Banda noastr\u0103 de pant\u0103 este o solu\u021bie inovatoare care asigur\u0103 nu numai func\u021bionalitatea, ci \u0219i estetica \u00een baie. Sarcina sa principal\u0103 este de a masca marginile inestetice atunci c\u00e2nd face\u021bi o pant\u0103 spre scurgere. Designul minimalist, modern se potrive\u0219te perfect cu diverse stiluri de design de baie.<\/p>\n<p>Banda este realizata din otel inoxidabil Aisi 304 rezistent la acid Otelul cu grosimea de 1 mm garanteaza ca este cea mai solida si durabila solutie disponibila pe piata.<\/p>\n<p>Pute\u021bi t\u0103ia singur banda de margine la fiecare 5 cm la lungimea necesar\u0103. Banda este rezistent\u0103 la umiditate \u0219i coroziune, ceea ce garanteaz\u0103 durabilitatea produsului chiar \u0219i dup\u0103 utilizare intensiv\u0103.<\/p>\n<p>Benzile sunt disponibile in diverse marimi si culori, ceea ce va permite sa le reglati in functie de nevoile dumneavoastra.<\/p>\n<div style=\"margin: 20px 0;\"><div class=\"qrcswholewtapper\" style=\"text-align:left;\"><div class=\"qrcprowrapper\"  id=\"qrcwraa2leds\"><div class=\"qrc_canvass\" id=\"qrc_cuttenpages_2\" style=\"display:inline-block\" data-text=\"https:\/\/creadivo.md\/ru\/product\/profil-de-panta-cadita-dus-black-120cm\/\"><\/div><\/div><\/div><\/div>","protected":false},"excerpt":{"rendered":"<p>Banda noastr\u0103 de pant\u0103 este o solu\u021bie inovatoare care asigur\u0103 nu numai func\u021bionalitatea, ci \u0219i estetica \u00een baie. Sarcina sa<\/p>","protected":false},"featured_media":63881,"template":"","meta":[],"product_brand":[],"product_cat":[27,103],"product_tag":[],"class_list":{"0":"post-63880","1":"product","2":"type-product","3":"status-publish","4":"has-post-thumbnail","6":"product_cat-accesorii-pentru-casa","7":"product_cat-accesorii-de-baie","9":"first","10":"instock","11":"purchasable","12":"product-type-simple"},"_links":{"self":[{"href":"https:\/\/creadivo.md\/ru\/wp-json\/wp\/v2\/product\/63880","targetHints":{"allow":["GET"]}}],"collection":[{"href":"https:\/\/creadivo.md\/ru\/wp-json\/wp\/v2\/product"}],"about":[{"href":"https:\/\/creadivo.md\/ru\/wp-json\/wp\/v2\/types\/product"}],"version-history":[{"count":0,"href":"https:\/\/creadivo.md\/ru\/wp-json\/wp\/v2\/product\/63880\/revisions"}],"wp:featuredmedia":[{"embeddable":true,"href":"https:\/\/creadivo.md\/ru\/wp-json\/wp\/v2\/media\/63881"}],"wp:attachment":[{"href":"https:\/\/creadivo.md\/ru\/wp-json\/wp\/v2\/media?parent=63880"}],"wp:term":[{"taxonomy":"product_brand","embeddable":true,"href":"https:\/\/creadivo.md\/ru\/wp-json\/wp\/v2\/product_brand?post=63880"},{"taxonomy":"product_cat","embeddable":true,"href":"https:\/\/creadivo.md\/ru\/wp-json\/wp\/v2\/product_cat?post=63880"},{"taxonomy":"product_tag","embeddable":true,"href":"https:\/\/creadivo.md\/ru\/wp-json\/wp\/v2\/product_tag?post=63880"}],"curies":[{"name":"wp","href":"https:\/\/api.w.org\/{rel}","templated":true}]}}