{"id":63898,"date":"2024-11-15T20:40:10","date_gmt":"2024-11-15T20:40:10","guid":{"rendered":"https:\/\/creadivo.md\/?post_type=product&#038;p=63898"},"modified":"2026-03-27T01:01:02","modified_gmt":"2026-03-27T01:01:02","slug":"rigola-dus-neox-pro-nickel-brush-700","status":"publish","type":"product","link":"https:\/\/creadivo.md\/ru\/product\/rigola-dus-neox-pro-nickel-brush-700\/","title":{"rendered":"\u0422\u0420\u0410\u041f \u0414\u041b\u042f \u0414\u0423\u0428\u0410 NEOX PRO NICKEL BRUSH 700"},"content":{"rendered":"<p>Canalul de scurgere liniar din o\u021bel inoxidabil <span class=\"caps\">AISI<\/span>304 de \u00eenalt\u0103 calitate este unul dintre cele mai bune canale de du\u0219. Datorit\u0103 unei faze speciale de produc\u021bie, este u\u0219or de cur\u0103\u021bat. Canalul de scurgere este disponibil \u00een mai multe dimensiuni pentru a se potrivi perfect cu cabina de du\u0219 sau u\u0219a de du\u0219 pe care o ve\u021bi g\u0103si \u00een oferta noastr\u0103.<\/p>\n<div style=\"margin: 20px 0;\"><div class=\"qrcswholewtapper\" style=\"text-align:left;\"><div class=\"qrcprowrapper\"  id=\"qrcwraa2leds\"><div class=\"qrc_canvass\" id=\"qrc_cuttenpages_2\" style=\"display:inline-block\" data-text=\"https:\/\/creadivo.md\/ru\/product\/rigola-dus-neox-pro-nickel-brush-700\/\"><\/div><\/div><\/div><\/div>","protected":false},"excerpt":{"rendered":"<p>Canalul de scurgere liniar din o\u021bel inoxidabil AISI304 de \u00eenalt\u0103 calitate este unul dintre cele mai bune canale de du\u0219.<\/p>","protected":false},"featured_media":63899,"template":"","meta":[],"product_brand":[],"product_cat":[102],"product_tag":[],"class_list":{"0":"post-63898","1":"product","2":"type-product","3":"status-publish","4":"has-post-thumbnail","6":"product_cat-sifoane-si-rigole","8":"first","9":"instock","10":"purchasable","11":"product-type-simple"},"_links":{"self":[{"href":"https:\/\/creadivo.md\/ru\/wp-json\/wp\/v2\/product\/63898","targetHints":{"allow":["GET"]}}],"collection":[{"href":"https:\/\/creadivo.md\/ru\/wp-json\/wp\/v2\/product"}],"about":[{"href":"https:\/\/creadivo.md\/ru\/wp-json\/wp\/v2\/types\/product"}],"version-history":[{"count":0,"href":"https:\/\/creadivo.md\/ru\/wp-json\/wp\/v2\/product\/63898\/revisions"}],"wp:featuredmedia":[{"embeddable":true,"href":"https:\/\/creadivo.md\/ru\/wp-json\/wp\/v2\/media\/63899"}],"wp:attachment":[{"href":"https:\/\/creadivo.md\/ru\/wp-json\/wp\/v2\/media?parent=63898"}],"wp:term":[{"taxonomy":"product_brand","embeddable":true,"href":"https:\/\/creadivo.md\/ru\/wp-json\/wp\/v2\/product_brand?post=63898"},{"taxonomy":"product_cat","embeddable":true,"href":"https:\/\/creadivo.md\/ru\/wp-json\/wp\/v2\/product_cat?post=63898"},{"taxonomy":"product_tag","embeddable":true,"href":"https:\/\/creadivo.md\/ru\/wp-json\/wp\/v2\/product_tag?post=63898"}],"curies":[{"name":"wp","href":"https:\/\/api.w.org\/{rel}","templated":true}]}}