{"id":63916,"date":"2024-11-15T20:40:25","date_gmt":"2024-11-15T20:40:25","guid":{"rendered":"https:\/\/creadivo.md\/?post_type=product&#038;p=63916"},"modified":"2026-03-27T01:01:06","modified_gmt":"2026-03-27T01:01:06","slug":"coloana-de-dus-savio-led-black","status":"publish","type":"product","link":"https:\/\/creadivo.md\/ru\/product\/coloana-de-dus-savio-led-black\/","title":{"rendered":"\u0414\u0423\u0428\u0415\u0412\u0410\u042f \u0421\u0422\u041e\u0419\u041a\u0410 SAVIO LED BLACK"},"content":{"rendered":"<p>Coloana de du\u0219 cu termostat Savio negru mat este solu\u021bia perfect\u0103 pentru a ad\u0103uga un plus de stil b\u0103ii tale. Cu un design modern, aceasta coloan\u0103 de du\u0219 se integreaz\u0103 perfect \u00een orice baie. Dispune de 4 func\u021bii inclusiv un du\u0219 de m\u00e2n\u0103 \u0219i pentru bideu, care \u00ee\u021bi permit s\u0103 personalizezi experien\u021ba de du\u0219 \u00een func\u021bie de preferin\u021bele tale. Afi\u0219ajul electronic \u00ee\u021bi permite s\u0103 controlezi cu u\u0219urin\u021b\u0103 temperatura apei, iar func\u021bia de termostat asigur\u0103 o temperatur\u0103 constant\u0103. Coloana este ajustabil\u0103, put\u00e2nd fi instalat\u0103 pe perete \u00een func\u021bie de \u00een\u0103l\u021bimea dorit\u0103.<\/p>\n<div style=\"margin: 20px 0;\"><div class=\"qrcswholewtapper\" style=\"text-align:left;\"><div class=\"qrcprowrapper\"  id=\"qrcwraa2leds\"><div class=\"qrc_canvass\" id=\"qrc_cuttenpages_2\" style=\"display:inline-block\" data-text=\"https:\/\/creadivo.md\/ru\/product\/coloana-de-dus-savio-led-black\/\"><\/div><\/div><\/div><\/div>","protected":false},"excerpt":{"rendered":"<p>Coloana de du\u0219 cu termostat Savio negru mat este solu\u021bia perfect\u0103 pentru a ad\u0103uga un plus de stil b\u0103ii tale.<\/p>","protected":false},"featured_media":63917,"template":"","meta":[],"product_brand":[],"product_cat":[2085,100],"product_tag":[],"class_list":{"0":"post-63916","1":"product","2":"type-product","3":"status-publish","4":"has-post-thumbnail","6":"product_cat-sisteme-de-dus","7":"product_cat-coloane-de-dus","9":"first","10":"instock","11":"purchasable","12":"product-type-simple"},"_links":{"self":[{"href":"https:\/\/creadivo.md\/ru\/wp-json\/wp\/v2\/product\/63916","targetHints":{"allow":["GET"]}}],"collection":[{"href":"https:\/\/creadivo.md\/ru\/wp-json\/wp\/v2\/product"}],"about":[{"href":"https:\/\/creadivo.md\/ru\/wp-json\/wp\/v2\/types\/product"}],"version-history":[{"count":0,"href":"https:\/\/creadivo.md\/ru\/wp-json\/wp\/v2\/product\/63916\/revisions"}],"wp:featuredmedia":[{"embeddable":true,"href":"https:\/\/creadivo.md\/ru\/wp-json\/wp\/v2\/media\/63917"}],"wp:attachment":[{"href":"https:\/\/creadivo.md\/ru\/wp-json\/wp\/v2\/media?parent=63916"}],"wp:term":[{"taxonomy":"product_brand","embeddable":true,"href":"https:\/\/creadivo.md\/ru\/wp-json\/wp\/v2\/product_brand?post=63916"},{"taxonomy":"product_cat","embeddable":true,"href":"https:\/\/creadivo.md\/ru\/wp-json\/wp\/v2\/product_cat?post=63916"},{"taxonomy":"product_tag","embeddable":true,"href":"https:\/\/creadivo.md\/ru\/wp-json\/wp\/v2\/product_tag?post=63916"}],"curies":[{"name":"wp","href":"https:\/\/api.w.org\/{rel}","templated":true}]}}