{"id":63918,"date":"2024-11-15T20:40:26","date_gmt":"2024-11-15T20:40:26","guid":{"rendered":"https:\/\/creadivo.md\/?post_type=product&#038;p=63918"},"modified":"2026-03-27T01:01:07","modified_gmt":"2026-03-27T01:01:07","slug":"coloana-de-dus-savio-led-titanium","status":"publish","type":"product","link":"https:\/\/creadivo.md\/ru\/product\/coloana-de-dus-savio-led-titanium\/","title":{"rendered":"\u0414\u0423\u0428\u0415\u0412\u0410\u042f \u0421\u0422\u041e\u0419\u041a\u0410 SAVIO LED TITANIUM"},"content":{"rendered":"<p>Coloana de du\u0219 Savio a fost proiectat av\u00e2nd \u00een vedere confortul \u0219i func\u021bionalitatea. \u00cen produc\u021bia termostatelor noastre, am folosit cele mai bune \u0219i de v\u00e2rf tehnologii pentru a garanta siguran\u021b\u0103 \u0219i confort maxim \u00een utilizarea de zi cu zi. Designul modern \u0219i unic \u0219i calitatea \u00eenalt\u0103 a materialelor utilizate garanteaz\u0103 durabilitate \u0219i fiabilitate pentru mul\u021bi ani.<\/p>\n<div style=\"margin: 20px 0;\"><div class=\"qrcswholewtapper\" style=\"text-align:left;\"><div class=\"qrcprowrapper\"  id=\"qrcwraa2leds\"><div class=\"qrc_canvass\" id=\"qrc_cuttenpages_2\" style=\"display:inline-block\" data-text=\"https:\/\/creadivo.md\/ru\/product\/coloana-de-dus-savio-led-titanium\/\"><\/div><\/div><\/div><\/div>","protected":false},"excerpt":{"rendered":"<p>Coloana de du\u0219 Savio a fost proiectat av\u00e2nd \u00een vedere confortul \u0219i func\u021bionalitatea. \u00cen produc\u021bia termostatelor noastre, am folosit cele<\/p>","protected":false},"featured_media":63919,"template":"","meta":[],"product_brand":[],"product_cat":[2085,100],"product_tag":[],"class_list":{"0":"post-63918","1":"product","2":"type-product","3":"status-publish","4":"has-post-thumbnail","6":"product_cat-sisteme-de-dus","7":"product_cat-coloane-de-dus","9":"first","10":"instock","11":"purchasable","12":"product-type-simple"},"_links":{"self":[{"href":"https:\/\/creadivo.md\/ru\/wp-json\/wp\/v2\/product\/63918","targetHints":{"allow":["GET"]}}],"collection":[{"href":"https:\/\/creadivo.md\/ru\/wp-json\/wp\/v2\/product"}],"about":[{"href":"https:\/\/creadivo.md\/ru\/wp-json\/wp\/v2\/types\/product"}],"version-history":[{"count":0,"href":"https:\/\/creadivo.md\/ru\/wp-json\/wp\/v2\/product\/63918\/revisions"}],"wp:featuredmedia":[{"embeddable":true,"href":"https:\/\/creadivo.md\/ru\/wp-json\/wp\/v2\/media\/63919"}],"wp:attachment":[{"href":"https:\/\/creadivo.md\/ru\/wp-json\/wp\/v2\/media?parent=63918"}],"wp:term":[{"taxonomy":"product_brand","embeddable":true,"href":"https:\/\/creadivo.md\/ru\/wp-json\/wp\/v2\/product_brand?post=63918"},{"taxonomy":"product_cat","embeddable":true,"href":"https:\/\/creadivo.md\/ru\/wp-json\/wp\/v2\/product_cat?post=63918"},{"taxonomy":"product_tag","embeddable":true,"href":"https:\/\/creadivo.md\/ru\/wp-json\/wp\/v2\/product_tag?post=63918"}],"curies":[{"name":"wp","href":"https:\/\/api.w.org\/{rel}","templated":true}]}}