{"id":63920,"date":"2024-11-15T20:40:28","date_gmt":"2024-11-15T20:40:28","guid":{"rendered":"https:\/\/creadivo.md\/?post_type=product&#038;p=63920"},"modified":"2026-03-27T01:01:08","modified_gmt":"2026-03-27T01:01:08","slug":"coloana-de-dus-bliss-gold-brush","status":"publish","type":"product","link":"https:\/\/creadivo.md\/ru\/product\/coloana-de-dus-bliss-gold-brush\/","title":{"rendered":"\u0414\u0423\u0428\u0415\u0412\u0410\u042f \u0421\u0422\u041e\u0419\u041a\u0410 BLISS GOLD BRUSH"},"content":{"rendered":"<p>Setul de du\u0219 a fost proiectat pentru confort \u0219i func\u021bionalitate. Culoarea setului va sublinia unicitatea fiec\u0103rei b\u0103i.\u00cen produc\u021bia seturilor noastre de du\u0219, am folosit tehnologii de v\u00e2rf \u0219i cele mai bune pentru a garanta siguran\u021ba \u0219i confortul maxim \u00een utilizarea de zi cu zi. Designul unic \u0219i calitatea \u00eenalt\u0103 a materialelor utilizate garanteaz\u0103 durabilitatea \u0219i fiabilitatea timp de mul\u021bi ani.<\/p>\n<div style=\"margin: 20px 0;\"><div class=\"qrcswholewtapper\" style=\"text-align:left;\"><div class=\"qrcprowrapper\"  id=\"qrcwraa2leds\"><div class=\"qrc_canvass\" id=\"qrc_cuttenpages_2\" style=\"display:inline-block\" data-text=\"https:\/\/creadivo.md\/ru\/product\/coloana-de-dus-bliss-gold-brush\/\"><\/div><\/div><\/div><\/div>","protected":false},"excerpt":{"rendered":"<p>Setul de du\u0219 a fost proiectat pentru confort \u0219i func\u021bionalitate. Culoarea setului va sublinia unicitatea fiec\u0103rei b\u0103i.\u00cen produc\u021bia seturilor noastre<\/p>","protected":false},"featured_media":66244,"template":"","meta":[],"product_brand":[],"product_cat":[2085,100],"product_tag":[],"class_list":{"0":"post-63920","1":"product","2":"type-product","3":"status-publish","4":"has-post-thumbnail","6":"product_cat-sisteme-de-dus","7":"product_cat-coloane-de-dus","9":"first","10":"instock","11":"purchasable","12":"product-type-simple"},"_links":{"self":[{"href":"https:\/\/creadivo.md\/ru\/wp-json\/wp\/v2\/product\/63920","targetHints":{"allow":["GET"]}}],"collection":[{"href":"https:\/\/creadivo.md\/ru\/wp-json\/wp\/v2\/product"}],"about":[{"href":"https:\/\/creadivo.md\/ru\/wp-json\/wp\/v2\/types\/product"}],"version-history":[{"count":0,"href":"https:\/\/creadivo.md\/ru\/wp-json\/wp\/v2\/product\/63920\/revisions"}],"wp:featuredmedia":[{"embeddable":true,"href":"https:\/\/creadivo.md\/ru\/wp-json\/wp\/v2\/media\/66244"}],"wp:attachment":[{"href":"https:\/\/creadivo.md\/ru\/wp-json\/wp\/v2\/media?parent=63920"}],"wp:term":[{"taxonomy":"product_brand","embeddable":true,"href":"https:\/\/creadivo.md\/ru\/wp-json\/wp\/v2\/product_brand?post=63920"},{"taxonomy":"product_cat","embeddable":true,"href":"https:\/\/creadivo.md\/ru\/wp-json\/wp\/v2\/product_cat?post=63920"},{"taxonomy":"product_tag","embeddable":true,"href":"https:\/\/creadivo.md\/ru\/wp-json\/wp\/v2\/product_tag?post=63920"}],"curies":[{"name":"wp","href":"https:\/\/api.w.org\/{rel}","templated":true}]}}