{"id":63928,"date":"2024-11-15T20:40:34","date_gmt":"2024-11-15T20:40:34","guid":{"rendered":"https:\/\/creadivo.md\/?post_type=product&#038;p=63928"},"modified":"2026-04-08T00:31:37","modified_gmt":"2026-04-08T00:31:37","slug":"paravan-pentru-cada-lagos-fix-chrome-80","status":"publish","type":"product","link":"https:\/\/creadivo.md\/ru\/product\/paravan-pentru-cada-lagos-fix-chrome-80\/","title":{"rendered":"\u0428\u0422\u041e\u0420\u041a\u0410 \u0414\u041b\u042f \u0412\u0410\u041d\u041d\u042b LAGOS FIX CHROME 80"},"content":{"rendered":"<p>Paravanul pentru cada de \u00eenalt\u0103 calitate Lagos Fix 80\u00a0 se vinde complet cu garnituri practice. Modelul este potrivit pentru instalare at\u00e2t pe partea dreapt\u0103, c\u00e2t \u0219i pe partea st\u00e2ng\u0103 a c\u0103zii.<\/p>\n<div style=\"margin: 20px 0;\"><div class=\"qrcswholewtapper\" style=\"text-align:left;\"><div class=\"qrcprowrapper\"  id=\"qrcwraa2leds\"><div class=\"qrc_canvass\" id=\"qrc_cuttenpages_2\" style=\"display:inline-block\" data-text=\"https:\/\/creadivo.md\/ru\/product\/paravan-pentru-cada-lagos-fix-chrome-80\/\"><\/div><\/div><\/div><\/div>","protected":false},"excerpt":{"rendered":"<p>Paravanul pentru cada de \u00eenalt\u0103 calitate Lagos Fix 80\u00a0 se vinde complet cu garnituri practice. Modelul este potrivit pentru instalare<\/p>","protected":false},"featured_media":63929,"template":"","meta":[],"product_brand":[],"product_cat":[23,2068],"product_tag":[],"class_list":{"0":"post-63928","1":"product","2":"type-product","3":"status-publish","4":"has-post-thumbnail","6":"product_cat-cazi-de-baie","7":"product_cat-paravane-pentru-cazi-de-baie","9":"first","10":"instock","11":"purchasable","12":"product-type-simple"},"_links":{"self":[{"href":"https:\/\/creadivo.md\/ru\/wp-json\/wp\/v2\/product\/63928","targetHints":{"allow":["GET"]}}],"collection":[{"href":"https:\/\/creadivo.md\/ru\/wp-json\/wp\/v2\/product"}],"about":[{"href":"https:\/\/creadivo.md\/ru\/wp-json\/wp\/v2\/types\/product"}],"version-history":[{"count":0,"href":"https:\/\/creadivo.md\/ru\/wp-json\/wp\/v2\/product\/63928\/revisions"}],"wp:featuredmedia":[{"embeddable":true,"href":"https:\/\/creadivo.md\/ru\/wp-json\/wp\/v2\/media\/63929"}],"wp:attachment":[{"href":"https:\/\/creadivo.md\/ru\/wp-json\/wp\/v2\/media?parent=63928"}],"wp:term":[{"taxonomy":"product_brand","embeddable":true,"href":"https:\/\/creadivo.md\/ru\/wp-json\/wp\/v2\/product_brand?post=63928"},{"taxonomy":"product_cat","embeddable":true,"href":"https:\/\/creadivo.md\/ru\/wp-json\/wp\/v2\/product_cat?post=63928"},{"taxonomy":"product_tag","embeddable":true,"href":"https:\/\/creadivo.md\/ru\/wp-json\/wp\/v2\/product_tag?post=63928"}],"curies":[{"name":"wp","href":"https:\/\/api.w.org\/{rel}","templated":true}]}}