{"id":63932,"date":"2024-11-15T20:40:37","date_gmt":"2024-11-15T20:40:37","guid":{"rendered":"https:\/\/creadivo.md\/?post_type=product&#038;p=63932"},"modified":"2026-04-10T00:31:12","modified_gmt":"2026-04-10T00:31:12","slug":"baterie-pentru-cada-marco-black","status":"publish","type":"product","link":"https:\/\/creadivo.md\/ru\/product\/baterie-pentru-cada-marco-black\/","title":{"rendered":"\u0421\u041c\u0415\u0421\u0418\u0422\u0415\u041b\u042c \u0414\u041b\u042f \u0412\u0410\u041d\u041d\u042b MARCO BLACK"},"content":{"rendered":"<p>Baterie pentru cad\u0103 realizat\u0103 av\u00e2nd \u00een vedere aspectul \u0219i func\u021bionalitatea. Potrivit\u0103 pentru fiecare baie, v\u0103 va umple perfect spa\u021biul de baie, p\u0103str\u00e2nd \u00een acela\u0219i timp aspectul \u0219i estetica perfect\u0103 a interiorului. Datorit\u0103 unei faze speciale de produc\u021bie, este durabil\u0103 \u0219i u\u0219or de cur\u0103\u021bat.<\/p>\n<div style=\"margin: 20px 0;\"><div class=\"qrcswholewtapper\" style=\"text-align:left;\"><div class=\"qrcprowrapper\"  id=\"qrcwraa2leds\"><div class=\"qrc_canvass\" id=\"qrc_cuttenpages_2\" style=\"display:inline-block\" data-text=\"https:\/\/creadivo.md\/ru\/product\/baterie-pentru-cada-marco-black\/\"><\/div><\/div><\/div><\/div>","protected":false},"excerpt":{"rendered":"<p>Baterie pentru cad\u0103 realizat\u0103 av\u00e2nd \u00een vedere aspectul \u0219i func\u021bionalitatea. Potrivit\u0103 pentru fiecare baie, v\u0103 va umple perfect spa\u021biul de<\/p>","protected":false},"featured_media":63933,"template":"","meta":[],"product_brand":[],"product_cat":[29,290],"product_tag":[],"class_list":{"0":"post-63932","1":"product","2":"type-product","3":"status-publish","4":"has-post-thumbnail","6":"product_cat-baterii-sanitare","7":"product_cat-pentru-cada","9":"first","10":"instock","11":"purchasable","12":"product-type-simple"},"_links":{"self":[{"href":"https:\/\/creadivo.md\/ru\/wp-json\/wp\/v2\/product\/63932","targetHints":{"allow":["GET"]}}],"collection":[{"href":"https:\/\/creadivo.md\/ru\/wp-json\/wp\/v2\/product"}],"about":[{"href":"https:\/\/creadivo.md\/ru\/wp-json\/wp\/v2\/types\/product"}],"version-history":[{"count":1,"href":"https:\/\/creadivo.md\/ru\/wp-json\/wp\/v2\/product\/63932\/revisions"}],"predecessor-version":[{"id":64226,"href":"https:\/\/creadivo.md\/ru\/wp-json\/wp\/v2\/product\/63932\/revisions\/64226"}],"wp:featuredmedia":[{"embeddable":true,"href":"https:\/\/creadivo.md\/ru\/wp-json\/wp\/v2\/media\/63933"}],"wp:attachment":[{"href":"https:\/\/creadivo.md\/ru\/wp-json\/wp\/v2\/media?parent=63932"}],"wp:term":[{"taxonomy":"product_brand","embeddable":true,"href":"https:\/\/creadivo.md\/ru\/wp-json\/wp\/v2\/product_brand?post=63932"},{"taxonomy":"product_cat","embeddable":true,"href":"https:\/\/creadivo.md\/ru\/wp-json\/wp\/v2\/product_cat?post=63932"},{"taxonomy":"product_tag","embeddable":true,"href":"https:\/\/creadivo.md\/ru\/wp-json\/wp\/v2\/product_tag?post=63932"}],"curies":[{"name":"wp","href":"https:\/\/api.w.org\/{rel}","templated":true}]}}