{"id":64012,"date":"2024-11-15T22:47:07","date_gmt":"2024-11-15T22:47:07","guid":{"rendered":"https:\/\/creadivo.md\/?post_type=product&#038;p=64012"},"modified":"2026-03-27T01:01:17","modified_gmt":"2026-03-27T01:01:17","slug":"baterie-incastrata-lungo-copper-brushbox","status":"publish","type":"product","link":"https:\/\/creadivo.md\/ru\/product\/baterie-incastrata-lungo-copper-brushbox\/","title":{"rendered":"\u0421\u041c\u0415\u0421\u0418\u0422\u0415\u041b\u042c \u041d\u0410\u0421\u0422\u0415\u041d\u041d\u042b\u0419 LUNGO COPPER BRUSH+BOX"},"content":{"rendered":"<p>Baterie este o alegere excelent\u0103 pentru proprietarii oric\u0103rei b\u0103i. Forma la mod\u0103 a corpului din alam\u0103 a fost acoperit\u0103 de 4 ori cu un strat aurieude cea mai \u00eenalt\u0103 calitate. Datorit\u0103 acestei tehnici, bateria este protejat\u0103 \u00eempotriva coroziunii \u0219i decolor\u0103rii. Acest model este conceput pentru a fi montat pe perete. Chiuvete, sifoane \u0219i dopuri adecvate pot fi g\u0103site \u00een oferta magazinului nostru, bine a\u021bi venit!<\/p>\n<p>Sistem de instalare<span class=\"caps\">BOX &#8211; <\/span>V\u0103 prezent\u0103m un sistem Box inovator pentru instalarea unei baterii \u00eencastrate. Sistemul asigur\u0103 o instalare convenabil\u0103 \u0219i rapid\u0103. Este fabricat din elemente interne din plastic \u0219i alam\u0103, ceea ce garanteaz\u0103 o \u00eenalt\u0103 calitate \u0219i fiabilitate. Elementul este echipat cu o pies\u0103 de mascare, protej\u00e2nd elementele interne \u00een timpul asambl\u0103rii . Sistemul permite accesul u\u0219or la componentele interne ale robinetului dup\u0103 instalare pentru \u00eentre\u021binere.<\/p>\n<p>Avantajele sistemului: material durabil, montaj rapid, pozi\u021bionarea precis\u0103 a elementului ascuns, acces facil la interiorul bateriei dup\u0103 instalare.<\/p>\n<div style=\"margin: 20px 0;\"><div class=\"qrcswholewtapper\" style=\"text-align:left;\"><div class=\"qrcprowrapper\"  id=\"qrcwraa2leds\"><div class=\"qrc_canvass\" id=\"qrc_cuttenpages_2\" style=\"display:inline-block\" data-text=\"https:\/\/creadivo.md\/ru\/product\/baterie-incastrata-lungo-copper-brushbox\/\"><\/div><\/div><\/div><\/div>","protected":false},"excerpt":{"rendered":"<p>Baterie este o alegere excelent\u0103 pentru proprietarii oric\u0103rei b\u0103i. Forma la mod\u0103 a corpului din alam\u0103 a fost acoperit\u0103 de<\/p>","protected":false},"featured_media":64013,"template":"","meta":[],"product_brand":[],"product_cat":[289,29,290],"product_tag":[],"class_list":{"0":"post-64012","1":"product","2":"type-product","3":"status-publish","4":"has-post-thumbnail","6":"product_cat-pentru-lavoar","7":"product_cat-baterii-sanitare","8":"product_cat-pentru-cada","10":"first","11":"instock","12":"purchasable","13":"product-type-simple"},"_links":{"self":[{"href":"https:\/\/creadivo.md\/ru\/wp-json\/wp\/v2\/product\/64012","targetHints":{"allow":["GET"]}}],"collection":[{"href":"https:\/\/creadivo.md\/ru\/wp-json\/wp\/v2\/product"}],"about":[{"href":"https:\/\/creadivo.md\/ru\/wp-json\/wp\/v2\/types\/product"}],"version-history":[{"count":0,"href":"https:\/\/creadivo.md\/ru\/wp-json\/wp\/v2\/product\/64012\/revisions"}],"wp:featuredmedia":[{"embeddable":true,"href":"https:\/\/creadivo.md\/ru\/wp-json\/wp\/v2\/media\/64013"}],"wp:attachment":[{"href":"https:\/\/creadivo.md\/ru\/wp-json\/wp\/v2\/media?parent=64012"}],"wp:term":[{"taxonomy":"product_brand","embeddable":true,"href":"https:\/\/creadivo.md\/ru\/wp-json\/wp\/v2\/product_brand?post=64012"},{"taxonomy":"product_cat","embeddable":true,"href":"https:\/\/creadivo.md\/ru\/wp-json\/wp\/v2\/product_cat?post=64012"},{"taxonomy":"product_tag","embeddable":true,"href":"https:\/\/creadivo.md\/ru\/wp-json\/wp\/v2\/product_tag?post=64012"}],"curies":[{"name":"wp","href":"https:\/\/api.w.org\/{rel}","templated":true}]}}