{"id":64024,"date":"2024-11-15T22:47:16","date_gmt":"2024-11-15T22:47:16","guid":{"rendered":"https:\/\/creadivo.md\/?post_type=product&#038;p=64024"},"modified":"2026-04-10T00:31:18","modified_gmt":"2026-04-10T00:31:18","slug":"baterie-lavoar-lungo-copper-brush-high","status":"publish","type":"product","link":"https:\/\/creadivo.md\/ru\/product\/baterie-lavoar-lungo-copper-brush-high\/","title":{"rendered":"\u0421\u041c\u0415\u0421\u0418\u0422\u0415\u041b\u042c \u0414\u041b\u042f \u0423\u041c\u042b\u0412\u0410\u041b\u042c\u041d\u0418\u041a\u0410 LUNGO COPPER BRUSH HIGH"},"content":{"rendered":"<p>Baterie lavoar extrem de durabil\u0103 \u0219i func\u021bional\u0103, realizat\u0103 din alam\u0103 de cea mai bun\u0103 calitate. Acest material asigur\u0103 fiabilitatea complet\u0103 \u0219i garanteaz\u0103 func\u021bionarea f\u0103r\u0103 probleme a produsului timp de mul\u021bi ani. Capul ceramic v\u0103 va permite s\u0103 efectua\u021bi p\u00e2n\u0103 la 500.000 de cicluri de deschidere \u0219i \u00eenchidere a curentului de ap\u0103. Acoperirea corpului bateriei cu un strat roz-auriu confer\u0103 bateriei un aspect unic \u0219i protejeaz\u0103 \u00eempotriva coroziunii \u0219i a p\u0103t\u0103rii. Forma frumoas\u0103 a robinetului se va potrivi perfect \u00een orice decor al b\u0103ii.<\/p>\n<div style=\"margin: 20px 0;\"><div class=\"qrcswholewtapper\" style=\"text-align:left;\"><div class=\"qrcprowrapper\"  id=\"qrcwraa2leds\"><div class=\"qrc_canvass\" id=\"qrc_cuttenpages_2\" style=\"display:inline-block\" data-text=\"https:\/\/creadivo.md\/ru\/product\/baterie-lavoar-lungo-copper-brush-high\/\"><\/div><\/div><\/div><\/div>","protected":false},"excerpt":{"rendered":"<p>Baterie lavoar extrem de durabil\u0103 \u0219i func\u021bional\u0103, realizat\u0103 din alam\u0103 de cea mai bun\u0103 calitate. Acest material asigur\u0103 fiabilitatea complet\u0103<\/p>","protected":false},"featured_media":64025,"template":"","meta":[],"product_brand":[],"product_cat":[29,289],"product_tag":[],"class_list":{"0":"post-64024","1":"product","2":"type-product","3":"status-publish","4":"has-post-thumbnail","6":"product_cat-baterii-sanitare","7":"product_cat-pentru-lavoar","9":"first","10":"instock","11":"purchasable","12":"product-type-simple"},"_links":{"self":[{"href":"https:\/\/creadivo.md\/ru\/wp-json\/wp\/v2\/product\/64024","targetHints":{"allow":["GET"]}}],"collection":[{"href":"https:\/\/creadivo.md\/ru\/wp-json\/wp\/v2\/product"}],"about":[{"href":"https:\/\/creadivo.md\/ru\/wp-json\/wp\/v2\/types\/product"}],"version-history":[{"count":0,"href":"https:\/\/creadivo.md\/ru\/wp-json\/wp\/v2\/product\/64024\/revisions"}],"wp:featuredmedia":[{"embeddable":true,"href":"https:\/\/creadivo.md\/ru\/wp-json\/wp\/v2\/media\/64025"}],"wp:attachment":[{"href":"https:\/\/creadivo.md\/ru\/wp-json\/wp\/v2\/media?parent=64024"}],"wp:term":[{"taxonomy":"product_brand","embeddable":true,"href":"https:\/\/creadivo.md\/ru\/wp-json\/wp\/v2\/product_brand?post=64024"},{"taxonomy":"product_cat","embeddable":true,"href":"https:\/\/creadivo.md\/ru\/wp-json\/wp\/v2\/product_cat?post=64024"},{"taxonomy":"product_tag","embeddable":true,"href":"https:\/\/creadivo.md\/ru\/wp-json\/wp\/v2\/product_tag?post=64024"}],"curies":[{"name":"wp","href":"https:\/\/api.w.org\/{rel}","templated":true}]}}