{"id":64028,"date":"2024-11-19T10:53:26","date_gmt":"2024-11-19T10:53:26","guid":{"rendered":"https:\/\/creadivo.md\/?post_type=product&#038;p=64028"},"modified":"2026-04-10T00:31:19","modified_gmt":"2026-04-10T00:31:19","slug":"lbaterie-pentru-bidet-lungo-copper-brush","status":"publish","type":"product","link":"https:\/\/creadivo.md\/ru\/product\/lbaterie-pentru-bidet-lungo-copper-brush\/","title":{"rendered":"\u0421\u041c\u0415\u0421\u0418\u0422\u0415\u041b\u042c \u0414\u041b\u042f \u0411\u0418\u0414\u0415 LUNGO COPPER BRUSH"},"content":{"rendered":"<p>O baterie pentru bideu Lungo extrem de functionala si moderna. Bateria este proiectat\u0103 pentru montare \u00eencasat\u0103 l\u00e2ng\u0103 bideu. Este realizat din alam\u0103 de \u00eenalt\u0103 calitate acoperit\u0103 cu un strat triplu de aur. Datorit\u0103 unei faze speciale de produc\u021bie, este durabil \u0219i u\u0219or de p\u0103strat curat.<\/p>\n<div style=\"margin: 20px 0;\"><div class=\"qrcswholewtapper\" style=\"text-align:left;\"><div class=\"qrcprowrapper\"  id=\"qrcwraa2leds\"><div class=\"qrc_canvass\" id=\"qrc_cuttenpages_2\" style=\"display:inline-block\" data-text=\"https:\/\/creadivo.md\/ru\/product\/lbaterie-pentru-bidet-lungo-copper-brush\/\"><\/div><\/div><\/div><\/div>","protected":false},"excerpt":{"rendered":"<p>O baterie pentru bideu Lungo extrem de functionala si moderna. Bateria este proiectat\u0103 pentru montare \u00eencasat\u0103 l\u00e2ng\u0103 bideu. Este realizat<\/p>","protected":false},"featured_media":64029,"template":"","meta":[],"product_brand":[],"product_cat":[29,292],"product_tag":[],"class_list":{"0":"post-64028","1":"product","2":"type-product","3":"status-publish","4":"has-post-thumbnail","6":"product_cat-baterii-sanitare","7":"product_cat-pentru-bideu","9":"first","10":"outofstock","11":"purchasable","12":"product-type-simple"},"_links":{"self":[{"href":"https:\/\/creadivo.md\/ru\/wp-json\/wp\/v2\/product\/64028","targetHints":{"allow":["GET"]}}],"collection":[{"href":"https:\/\/creadivo.md\/ru\/wp-json\/wp\/v2\/product"}],"about":[{"href":"https:\/\/creadivo.md\/ru\/wp-json\/wp\/v2\/types\/product"}],"version-history":[{"count":1,"href":"https:\/\/creadivo.md\/ru\/wp-json\/wp\/v2\/product\/64028\/revisions"}],"predecessor-version":[{"id":64225,"href":"https:\/\/creadivo.md\/ru\/wp-json\/wp\/v2\/product\/64028\/revisions\/64225"}],"wp:featuredmedia":[{"embeddable":true,"href":"https:\/\/creadivo.md\/ru\/wp-json\/wp\/v2\/media\/64029"}],"wp:attachment":[{"href":"https:\/\/creadivo.md\/ru\/wp-json\/wp\/v2\/media?parent=64028"}],"wp:term":[{"taxonomy":"product_brand","embeddable":true,"href":"https:\/\/creadivo.md\/ru\/wp-json\/wp\/v2\/product_brand?post=64028"},{"taxonomy":"product_cat","embeddable":true,"href":"https:\/\/creadivo.md\/ru\/wp-json\/wp\/v2\/product_cat?post=64028"},{"taxonomy":"product_tag","embeddable":true,"href":"https:\/\/creadivo.md\/ru\/wp-json\/wp\/v2\/product_tag?post=64028"}],"curies":[{"name":"wp","href":"https:\/\/api.w.org\/{rel}","templated":true}]}}