{"id":64040,"date":"2024-11-19T10:53:19","date_gmt":"2024-11-19T10:53:19","guid":{"rendered":"https:\/\/creadivo.md\/?post_type=product&#038;p=64040"},"modified":"2026-03-27T01:01:23","modified_gmt":"2026-03-27T01:01:23","slug":"baterie-lavoar-avalon-gold-high","status":"publish","type":"product","link":"https:\/\/creadivo.md\/ru\/product\/baterie-lavoar-avalon-gold-high\/","title":{"rendered":"\u0421\u041c\u0415\u0421\u0418\u0422\u0415\u041b\u042c \u0414\u041b\u042f \u0423\u041c\u042b\u0412\u0410\u041b\u042c\u041d\u0418\u041a\u0410 AVALON GOLD HIGH"},"content":{"rendered":"<p>V\u0103 prezent\u0103m o baterie frumoas\u0103 \u0219i extrem de func\u021bional\u0103 \u0219i modern\u0103. Acesta este un produs care va umple perfect spa\u021biul b\u0103ii dvs., men\u021bin\u00e2nd \u00een acela\u0219i timp un aspect impecabil \u0219i o estetic\u0103 interioar\u0103.<\/p>\n<div style=\"margin: 20px 0;\"><div class=\"qrcswholewtapper\" style=\"text-align:left;\"><div class=\"qrcprowrapper\"  id=\"qrcwraa2leds\"><div class=\"qrc_canvass\" id=\"qrc_cuttenpages_2\" style=\"display:inline-block\" data-text=\"https:\/\/creadivo.md\/ru\/product\/baterie-lavoar-avalon-gold-high\/\"><\/div><\/div><\/div><\/div>","protected":false},"excerpt":{"rendered":"<p>V\u0103 prezent\u0103m o baterie frumoas\u0103 \u0219i extrem de func\u021bional\u0103 \u0219i modern\u0103. Acesta este un produs care va umple perfect spa\u021biul<\/p>","protected":false},"featured_media":64041,"template":"","meta":[],"product_brand":[],"product_cat":[289,29],"product_tag":[],"class_list":{"0":"post-64040","1":"product","2":"type-product","3":"status-publish","4":"has-post-thumbnail","6":"product_cat-pentru-lavoar","7":"product_cat-baterii-sanitare","9":"first","10":"instock","11":"purchasable","12":"product-type-simple"},"_links":{"self":[{"href":"https:\/\/creadivo.md\/ru\/wp-json\/wp\/v2\/product\/64040","targetHints":{"allow":["GET"]}}],"collection":[{"href":"https:\/\/creadivo.md\/ru\/wp-json\/wp\/v2\/product"}],"about":[{"href":"https:\/\/creadivo.md\/ru\/wp-json\/wp\/v2\/types\/product"}],"version-history":[{"count":1,"href":"https:\/\/creadivo.md\/ru\/wp-json\/wp\/v2\/product\/64040\/revisions"}],"predecessor-version":[{"id":64219,"href":"https:\/\/creadivo.md\/ru\/wp-json\/wp\/v2\/product\/64040\/revisions\/64219"}],"wp:featuredmedia":[{"embeddable":true,"href":"https:\/\/creadivo.md\/ru\/wp-json\/wp\/v2\/media\/64041"}],"wp:attachment":[{"href":"https:\/\/creadivo.md\/ru\/wp-json\/wp\/v2\/media?parent=64040"}],"wp:term":[{"taxonomy":"product_brand","embeddable":true,"href":"https:\/\/creadivo.md\/ru\/wp-json\/wp\/v2\/product_brand?post=64040"},{"taxonomy":"product_cat","embeddable":true,"href":"https:\/\/creadivo.md\/ru\/wp-json\/wp\/v2\/product_cat?post=64040"},{"taxonomy":"product_tag","embeddable":true,"href":"https:\/\/creadivo.md\/ru\/wp-json\/wp\/v2\/product_tag?post=64040"}],"curies":[{"name":"wp","href":"https:\/\/api.w.org\/{rel}","templated":true}]}}