{"id":64044,"date":"2024-11-15T22:47:30","date_gmt":"2024-11-15T22:47:30","guid":{"rendered":"https:\/\/creadivo.md\/?post_type=product&#038;p=64044"},"modified":"2026-03-27T01:01:24","modified_gmt":"2026-03-27T01:01:24","slug":"baterie-pentru-cada-avalon-gold","status":"publish","type":"product","link":"https:\/\/creadivo.md\/ru\/product\/baterie-pentru-cada-avalon-gold\/","title":{"rendered":"\u0421\u041c\u0415\u0421\u0418\u0422\u0415\u041b\u042c \u0414\u041b\u042f \u0412\u0410\u041d\u041d\u042b AVALON GOLD"},"content":{"rendered":"<p>V\u0103 prezent\u0103m o baterie de cad\u0103 elegant\u0103, modern\u0103 \u0219i extrem de func\u021bional\u0103. Acest produs completeaz\u0103 perfect spa\u021biul b\u0103ii, men\u021bin\u00e2nd un aspect estetic impecabil. Robinetul este conceput pentru montare pe perete. Bateria pentru cad\u0103 este fabricat\u0103 din alam\u0103 de \u00eenalt\u0103 calitate, av\u00e2nd un finisaj auriu \u0219i margini antichizate, oferindu-i un caracter distinctiv \u0219i sofisticat.<\/p>\n<div style=\"margin: 20px 0;\"><div class=\"qrcswholewtapper\" style=\"text-align:left;\"><div class=\"qrcprowrapper\"  id=\"qrcwraa2leds\"><div class=\"qrc_canvass\" id=\"qrc_cuttenpages_2\" style=\"display:inline-block\" data-text=\"https:\/\/creadivo.md\/ru\/product\/baterie-pentru-cada-avalon-gold\/\"><\/div><\/div><\/div><\/div>","protected":false},"excerpt":{"rendered":"<p>V\u0103 prezent\u0103m o baterie de cad\u0103 elegant\u0103, modern\u0103 \u0219i extrem de func\u021bional\u0103. Acest produs completeaz\u0103 perfect spa\u021biul b\u0103ii, men\u021bin\u00e2nd un<\/p>","protected":false},"featured_media":64045,"template":"","meta":[],"product_brand":[],"product_cat":[290,29],"product_tag":[],"class_list":{"0":"post-64044","1":"product","2":"type-product","3":"status-publish","4":"has-post-thumbnail","6":"product_cat-pentru-cada","7":"product_cat-baterii-sanitare","9":"first","10":"instock","11":"purchasable","12":"product-type-simple"},"_links":{"self":[{"href":"https:\/\/creadivo.md\/ru\/wp-json\/wp\/v2\/product\/64044","targetHints":{"allow":["GET"]}}],"collection":[{"href":"https:\/\/creadivo.md\/ru\/wp-json\/wp\/v2\/product"}],"about":[{"href":"https:\/\/creadivo.md\/ru\/wp-json\/wp\/v2\/types\/product"}],"version-history":[{"count":0,"href":"https:\/\/creadivo.md\/ru\/wp-json\/wp\/v2\/product\/64044\/revisions"}],"wp:featuredmedia":[{"embeddable":true,"href":"https:\/\/creadivo.md\/ru\/wp-json\/wp\/v2\/media\/64045"}],"wp:attachment":[{"href":"https:\/\/creadivo.md\/ru\/wp-json\/wp\/v2\/media?parent=64044"}],"wp:term":[{"taxonomy":"product_brand","embeddable":true,"href":"https:\/\/creadivo.md\/ru\/wp-json\/wp\/v2\/product_brand?post=64044"},{"taxonomy":"product_cat","embeddable":true,"href":"https:\/\/creadivo.md\/ru\/wp-json\/wp\/v2\/product_cat?post=64044"},{"taxonomy":"product_tag","embeddable":true,"href":"https:\/\/creadivo.md\/ru\/wp-json\/wp\/v2\/product_tag?post=64044"}],"curies":[{"name":"wp","href":"https:\/\/api.w.org\/{rel}","templated":true}]}}